{"id":7506,"date":"2023-02-18T14:05:53","date_gmt":"2023-02-18T14:05:53","guid":{"rendered":"https:\/\/www.loire-gourmande.fr\/produit\/petit-panloup-muscadet-sevre-et-maine-sur-lie-aoc\/"},"modified":"2025-05-27T16:19:42","modified_gmt":"2025-05-27T15:19:42","slug":"petit-panloup-muscadet-sevre-et-maine-sur-lie-aoc","status":"publish","type":"product","link":"https:\/\/www.loire-gourmande.fr\/en\/product\/petit-panloup-muscadet-sevre-et-maine-sur-lie-aoc\/","title":{"rendered":"MUSCADET SEVRE ET MAINE SUR LIE &#8220;PETIT PANLOUP&#8221; AOC"},"content":{"rendered":"<div class=\"page\" title=\"Page 1\">\n<div class=\"layoutArea\">\n<div class=\"column\">\n<p>This cuv\u00e9e is made from a single plot of old Melon de Bourgogne or Melon Blanc vines. Its terroir is characterized by :<\/p>\n<ol>\n<li>&#8211; Its schist bedrock<\/li>\n<li>&#8211; Shallow, draining soil<\/li>\n<li>&#8211; A west-facing hillsideThese are all assets that will guarantee the Petit Panloup cuv\u00e9e its finesse, its substance, its balance and its ageing potential.<br \/>\nThe precisely controlled harvesting machine allows the ripe berries to be harvested in a short time. Direct<br \/>\npressing, settling for 12 to 18 hours and filtering the lees make it possible to extract the substance of this wine and to refine it.<br \/>\nAlcoholic fermentation at 16-20 \u00b0C reveals the wine with its complexity of aromas from the grape berry which vary according to the vintage.<br \/>\nThe ageing of one year on lees contributes to the development of its roundness and its ageing potential of at least 5 years.  With age, it gains tertiary aromas that enrich its aromatic palette and reinforce its personality.<br \/>\nThe quality of Cuv\u00e9e Petit Panloup is recognized by connoisseurs of refined dry white wines.<br \/>\n<strong>Food pairing:<\/strong> This wine goes well with a wide variety of dishes, including seafood, especially shellfish. It is particularly well-suited to fish with beurre blanc sauce.<\/li>\n<\/ol>\n<\/div>\n<\/div>\n<\/div>\n","protected":false},"excerpt":{"rendered":"<p>Jean-Luc Viaud represents the 4th generation of winegrowers in his family. He has inherited from his predecessors a passion for his profession that he shares with his wife, Bernadette, an oenologist. They are committed to developing biodiversity on the farm, with an abundance of flora and fauna. The estate is the birthplace of the Melon rouge grape variety. It is also contributing to the renaissance of the Berligou grape variety. You can discover a wide range of products. It includes: vintage Goulaine MSM\/Lie, AOC Muscadet S\u00e8vre et Maine Sur Lie and Gros Plant du Pays Nantais sur lie, IGP du Val de Loire: white, red and ros\u00e9, mellow, Traditional Method, sparkling ros\u00e9, sparkling and still grape juice, local products. Adapting to demand, Jean-Luc and Bernadette also offer guided tours in the vineyard and in the cellar.<br \/>\nThis white wine comes from a single plot on a south-west facing hillside. This terroir gives the wine a unique character, combining freshness, roundness and refinement on both the nose and the palate. A year&#8217;s ageing on the lees enhances its volume on the palate and its ageing potential.<\/p>\n","protected":false},"featured_media":9761,"template":"","meta":{"inline_featured_image":false},"product_brand":[],"product_cat":[341,337],"product_tag":[366,361,359],"class_list":{"0":"post-7506","1":"product","2":"type-product","3":"status-publish","4":"has-post-thumbnail","6":"product_cat-nantes-vinyards","7":"product_cat-white-wines","8":"product_tag-fish-en","9":"product_tag-seafood","10":"product_tag-st-jacques-en","11":"product_shipping_class-bottle","13":"first","14":"instock","15":"featured","16":"taxable","17":"shipping-taxable","18":"purchasable","19":"product-type-simple"},"yoast_head":"<!-- This site is optimized with the Yoast SEO plugin v27.6 - https:\/\/yoast.com\/product\/yoast-seo-wordpress\/ -->\n<title>MUSCADET SEVRE ET MAINE SUR LIE &quot;PETIT PANLOUP&quot; AOC - Loire Gourmande - a tasty stage<\/title>\n<meta name=\"description\" content=\"MUSCADET SEVRE ET MAINE SUR LIE &quot;PETIT PANLOUP&quot; AOC. Loire Valley wines. Order from the Loire Gourmande website. Wine merchant in Turquant (49).\" \/>\n<meta name=\"robots\" content=\"index, follow, max-snippet:-1, max-image-preview:large, max-video-preview:-1\" \/>\n<link rel=\"canonical\" href=\"https:\/\/www.loire-gourmande.fr\/en\/product\/petit-panloup-muscadet-sevre-et-maine-sur-lie-aoc\/\" \/>\n<meta property=\"og:locale\" content=\"en_US\" \/>\n<meta property=\"og:type\" content=\"article\" \/>\n<meta property=\"og:title\" content=\"MUSCADET SEVRE ET MAINE SUR LIE &quot;PETIT PANLOUP&quot; AOC - Loire Gourmande - a tasty stage\" \/>\n<meta property=\"og:description\" content=\"MUSCADET SEVRE ET MAINE SUR LIE &quot;PETIT PANLOUP&quot; AOC. Loire Valley wines. Order from the Loire Gourmande website. Wine merchant in Turquant (49).\" \/>\n<meta property=\"og:url\" content=\"https:\/\/www.loire-gourmande.fr\/en\/product\/petit-panloup-muscadet-sevre-et-maine-sur-lie-aoc\/\" \/>\n<meta property=\"og:site_name\" content=\"Loire Gourmande - a tasty stage\" \/>\n<meta property=\"article:publisher\" content=\"https:\/\/www.facebook.com\/Loire-Gourmande-Turquant-101991328328493\/\" \/>\n<meta property=\"article:modified_time\" content=\"2025-05-27T15:19:42+00:00\" \/>\n<meta property=\"og:image\" content=\"https:\/\/www.loire-gourmande.fr\/wp-content\/uploads\/2023\/02\/Petit-Panloup.jpg\" \/>\n\t<meta property=\"og:image:width\" content=\"800\" \/>\n\t<meta property=\"og:image:height\" content=\"800\" \/>\n\t<meta property=\"og:image:type\" content=\"image\/jpeg\" \/>\n<meta name=\"twitter:card\" content=\"summary_large_image\" \/>\n<meta name=\"twitter:label1\" content=\"Est. reading time\" \/>\n\t<meta name=\"twitter:data1\" content=\"1 minute\" \/>\n<script type=\"application\/ld+json\" class=\"yoast-schema-graph\">{\"@context\":\"https:\\\/\\\/schema.org\",\"@graph\":[{\"@type\":\"WebPage\",\"@id\":\"https:\\\/\\\/www.loire-gourmande.fr\\\/en\\\/product\\\/petit-panloup-muscadet-sevre-et-maine-sur-lie-aoc\\\/\",\"url\":\"https:\\\/\\\/www.loire-gourmande.fr\\\/en\\\/product\\\/petit-panloup-muscadet-sevre-et-maine-sur-lie-aoc\\\/\",\"name\":\"MUSCADET SEVRE ET MAINE SUR LIE \\\"PETIT PANLOUP\\\" AOC - Loire Gourmande - a tasty stage\",\"isPartOf\":{\"@id\":\"https:\\\/\\\/www.loire-gourmande.fr\\\/en\\\/#website\"},\"primaryImageOfPage\":{\"@id\":\"https:\\\/\\\/www.loire-gourmande.fr\\\/en\\\/product\\\/petit-panloup-muscadet-sevre-et-maine-sur-lie-aoc\\\/#primaryimage\"},\"image\":{\"@id\":\"https:\\\/\\\/www.loire-gourmande.fr\\\/en\\\/product\\\/petit-panloup-muscadet-sevre-et-maine-sur-lie-aoc\\\/#primaryimage\"},\"thumbnailUrl\":\"https:\\\/\\\/www.loire-gourmande.fr\\\/wp-content\\\/uploads\\\/2023\\\/02\\\/Petit-Panloup.jpg\",\"datePublished\":\"2023-02-18T14:05:53+00:00\",\"dateModified\":\"2025-05-27T15:19:42+00:00\",\"description\":\"MUSCADET SEVRE ET MAINE SUR LIE \\\"PETIT PANLOUP\\\" AOC. Loire Valley wines. Order from the Loire Gourmande website. Wine merchant in Turquant (49).\",\"breadcrumb\":{\"@id\":\"https:\\\/\\\/www.loire-gourmande.fr\\\/en\\\/product\\\/petit-panloup-muscadet-sevre-et-maine-sur-lie-aoc\\\/#breadcrumb\"},\"inLanguage\":\"en-US\",\"potentialAction\":[{\"@type\":\"ReadAction\",\"target\":[\"https:\\\/\\\/www.loire-gourmande.fr\\\/en\\\/product\\\/petit-panloup-muscadet-sevre-et-maine-sur-lie-aoc\\\/\"]}]},{\"@type\":\"ImageObject\",\"inLanguage\":\"en-US\",\"@id\":\"https:\\\/\\\/www.loire-gourmande.fr\\\/en\\\/product\\\/petit-panloup-muscadet-sevre-et-maine-sur-lie-aoc\\\/#primaryimage\",\"url\":\"https:\\\/\\\/www.loire-gourmande.fr\\\/wp-content\\\/uploads\\\/2023\\\/02\\\/Petit-Panloup.jpg\",\"contentUrl\":\"https:\\\/\\\/www.loire-gourmande.fr\\\/wp-content\\\/uploads\\\/2023\\\/02\\\/Petit-Panloup.jpg\",\"width\":800,\"height\":800},{\"@type\":\"BreadcrumbList\",\"@id\":\"https:\\\/\\\/www.loire-gourmande.fr\\\/en\\\/product\\\/petit-panloup-muscadet-sevre-et-maine-sur-lie-aoc\\\/#breadcrumb\",\"itemListElement\":[{\"@type\":\"ListItem\",\"position\":1,\"name\":\"Home\",\"item\":\"https:\\\/\\\/www.loire-gourmande.fr\\\/en\\\/\"},{\"@type\":\"ListItem\",\"position\":2,\"name\":\"The Boutique de Loire Gourmande: the wines of the Loire\",\"item\":\"https:\\\/\\\/www.loire-gourmande.fr\\\/en\\\/woocommerce\\\/\"},{\"@type\":\"ListItem\",\"position\":3,\"name\":\"Wines\",\"item\":\"https:\\\/\\\/www.loire-gourmande.fr\\\/en\\\/product-category\\\/wines\\\/\"},{\"@type\":\"ListItem\",\"position\":4,\"name\":\"White wines\",\"item\":\"https:\\\/\\\/www.loire-gourmande.fr\\\/en\\\/product-category\\\/wines\\\/white-wines\\\/\"},{\"@type\":\"ListItem\",\"position\":5,\"name\":\"MUSCADET SEVRE ET MAINE SUR LIE &#8220;PETIT PANLOUP&#8221; AOC\"}]},{\"@type\":\"WebSite\",\"@id\":\"https:\\\/\\\/www.loire-gourmande.fr\\\/en\\\/#website\",\"url\":\"https:\\\/\\\/www.loire-gourmande.fr\\\/en\\\/\",\"name\":\"Loire Gourmande, une \u00e9tape savoureuse\",\"description\":\"a tasting session at any time and a shop to visit in Turquant (49)\\n\\n\\n\\n\\n\\n\\n\\n\",\"publisher\":{\"@id\":\"https:\\\/\\\/www.loire-gourmande.fr\\\/en\\\/#organization\"},\"potentialAction\":[{\"@type\":\"SearchAction\",\"target\":{\"@type\":\"EntryPoint\",\"urlTemplate\":\"https:\\\/\\\/www.loire-gourmande.fr\\\/en\\\/?s={search_term_string}\"},\"query-input\":{\"@type\":\"PropertyValueSpecification\",\"valueRequired\":true,\"valueName\":\"search_term_string\"}}],\"inLanguage\":\"en-US\"},{\"@type\":\"Organization\",\"@id\":\"https:\\\/\\\/www.loire-gourmande.fr\\\/en\\\/#organization\",\"name\":\"Loire Gourmande - restauration rapide et visite \u00e0 Turquant (49)\",\"url\":\"https:\\\/\\\/www.loire-gourmande.fr\\\/en\\\/\",\"logo\":{\"@type\":\"ImageObject\",\"inLanguage\":\"en-US\",\"@id\":\"https:\\\/\\\/www.loire-gourmande.fr\\\/en\\\/#\\\/schema\\\/logo\\\/image\\\/\",\"url\":\"https:\\\/\\\/www.loire-gourmande.fr\\\/wp-content\\\/uploads\\\/2020\\\/10\\\/loire-gourmande-logo.jpg\",\"contentUrl\":\"https:\\\/\\\/www.loire-gourmande.fr\\\/wp-content\\\/uploads\\\/2020\\\/10\\\/loire-gourmande-logo.jpg\",\"width\":800,\"height\":415,\"caption\":\"Loire Gourmande - restauration rapide et visite \u00e0 Turquant (49)\"},\"image\":{\"@id\":\"https:\\\/\\\/www.loire-gourmande.fr\\\/en\\\/#\\\/schema\\\/logo\\\/image\\\/\"},\"sameAs\":[\"https:\\\/\\\/www.facebook.com\\\/Loire-Gourmande-Turquant-101991328328493\\\/\",\"https:\\\/\\\/www.instagram.com\\\/jean_yves_auradon\\\/?igshid=1ta3mfjka326t\"]}]}<\/script>\n<!-- \/ Yoast SEO plugin. -->","yoast_head_json":{"title":"MUSCADET SEVRE ET MAINE SUR LIE \"PETIT PANLOUP\" AOC - Loire Gourmande - a tasty stage","description":"MUSCADET SEVRE ET MAINE SUR LIE \"PETIT PANLOUP\" AOC. Loire Valley wines. Order from the Loire Gourmande website. Wine merchant in Turquant (49).","robots":{"index":"index","follow":"follow","max-snippet":"max-snippet:-1","max-image-preview":"max-image-preview:large","max-video-preview":"max-video-preview:-1"},"canonical":"https:\/\/www.loire-gourmande.fr\/en\/product\/petit-panloup-muscadet-sevre-et-maine-sur-lie-aoc\/","og_locale":"en_US","og_type":"article","og_title":"MUSCADET SEVRE ET MAINE SUR LIE \"PETIT PANLOUP\" AOC - Loire Gourmande - a tasty stage","og_description":"MUSCADET SEVRE ET MAINE SUR LIE \"PETIT PANLOUP\" AOC. Loire Valley wines. Order from the Loire Gourmande website. Wine merchant in Turquant (49).","og_url":"https:\/\/www.loire-gourmande.fr\/en\/product\/petit-panloup-muscadet-sevre-et-maine-sur-lie-aoc\/","og_site_name":"Loire Gourmande - a tasty stage","article_publisher":"https:\/\/www.facebook.com\/Loire-Gourmande-Turquant-101991328328493\/","article_modified_time":"2025-05-27T15:19:42+00:00","og_image":[{"width":800,"height":800,"url":"https:\/\/www.loire-gourmande.fr\/wp-content\/uploads\/2023\/02\/Petit-Panloup.jpg","type":"image\/jpeg"}],"twitter_card":"summary_large_image","twitter_misc":{"Est. reading time":"1 minute"},"schema":{"@context":"https:\/\/schema.org","@graph":[{"@type":"WebPage","@id":"https:\/\/www.loire-gourmande.fr\/en\/product\/petit-panloup-muscadet-sevre-et-maine-sur-lie-aoc\/","url":"https:\/\/www.loire-gourmande.fr\/en\/product\/petit-panloup-muscadet-sevre-et-maine-sur-lie-aoc\/","name":"MUSCADET SEVRE ET MAINE SUR LIE \"PETIT PANLOUP\" AOC - Loire Gourmande - a tasty stage","isPartOf":{"@id":"https:\/\/www.loire-gourmande.fr\/en\/#website"},"primaryImageOfPage":{"@id":"https:\/\/www.loire-gourmande.fr\/en\/product\/petit-panloup-muscadet-sevre-et-maine-sur-lie-aoc\/#primaryimage"},"image":{"@id":"https:\/\/www.loire-gourmande.fr\/en\/product\/petit-panloup-muscadet-sevre-et-maine-sur-lie-aoc\/#primaryimage"},"thumbnailUrl":"https:\/\/www.loire-gourmande.fr\/wp-content\/uploads\/2023\/02\/Petit-Panloup.jpg","datePublished":"2023-02-18T14:05:53+00:00","dateModified":"2025-05-27T15:19:42+00:00","description":"MUSCADET SEVRE ET MAINE SUR LIE \"PETIT PANLOUP\" AOC. Loire Valley wines. Order from the Loire Gourmande website. Wine merchant in Turquant (49).","breadcrumb":{"@id":"https:\/\/www.loire-gourmande.fr\/en\/product\/petit-panloup-muscadet-sevre-et-maine-sur-lie-aoc\/#breadcrumb"},"inLanguage":"en-US","potentialAction":[{"@type":"ReadAction","target":["https:\/\/www.loire-gourmande.fr\/en\/product\/petit-panloup-muscadet-sevre-et-maine-sur-lie-aoc\/"]}]},{"@type":"ImageObject","inLanguage":"en-US","@id":"https:\/\/www.loire-gourmande.fr\/en\/product\/petit-panloup-muscadet-sevre-et-maine-sur-lie-aoc\/#primaryimage","url":"https:\/\/www.loire-gourmande.fr\/wp-content\/uploads\/2023\/02\/Petit-Panloup.jpg","contentUrl":"https:\/\/www.loire-gourmande.fr\/wp-content\/uploads\/2023\/02\/Petit-Panloup.jpg","width":800,"height":800},{"@type":"BreadcrumbList","@id":"https:\/\/www.loire-gourmande.fr\/en\/product\/petit-panloup-muscadet-sevre-et-maine-sur-lie-aoc\/#breadcrumb","itemListElement":[{"@type":"ListItem","position":1,"name":"Home","item":"https:\/\/www.loire-gourmande.fr\/en\/"},{"@type":"ListItem","position":2,"name":"The Boutique de Loire Gourmande: the wines of the Loire","item":"https:\/\/www.loire-gourmande.fr\/en\/woocommerce\/"},{"@type":"ListItem","position":3,"name":"Wines","item":"https:\/\/www.loire-gourmande.fr\/en\/product-category\/wines\/"},{"@type":"ListItem","position":4,"name":"White wines","item":"https:\/\/www.loire-gourmande.fr\/en\/product-category\/wines\/white-wines\/"},{"@type":"ListItem","position":5,"name":"MUSCADET SEVRE ET MAINE SUR LIE &#8220;PETIT PANLOUP&#8221; AOC"}]},{"@type":"WebSite","@id":"https:\/\/www.loire-gourmande.fr\/en\/#website","url":"https:\/\/www.loire-gourmande.fr\/en\/","name":"Loire Gourmande, une \u00e9tape savoureuse","description":"a tasting session at any time and a shop to visit in Turquant (49)\n\n\n\n\n\n\n\n","publisher":{"@id":"https:\/\/www.loire-gourmande.fr\/en\/#organization"},"potentialAction":[{"@type":"SearchAction","target":{"@type":"EntryPoint","urlTemplate":"https:\/\/www.loire-gourmande.fr\/en\/?s={search_term_string}"},"query-input":{"@type":"PropertyValueSpecification","valueRequired":true,"valueName":"search_term_string"}}],"inLanguage":"en-US"},{"@type":"Organization","@id":"https:\/\/www.loire-gourmande.fr\/en\/#organization","name":"Loire Gourmande - restauration rapide et visite \u00e0 Turquant (49)","url":"https:\/\/www.loire-gourmande.fr\/en\/","logo":{"@type":"ImageObject","inLanguage":"en-US","@id":"https:\/\/www.loire-gourmande.fr\/en\/#\/schema\/logo\/image\/","url":"https:\/\/www.loire-gourmande.fr\/wp-content\/uploads\/2020\/10\/loire-gourmande-logo.jpg","contentUrl":"https:\/\/www.loire-gourmande.fr\/wp-content\/uploads\/2020\/10\/loire-gourmande-logo.jpg","width":800,"height":415,"caption":"Loire Gourmande - restauration rapide et visite \u00e0 Turquant (49)"},"image":{"@id":"https:\/\/www.loire-gourmande.fr\/en\/#\/schema\/logo\/image\/"},"sameAs":["https:\/\/www.facebook.com\/Loire-Gourmande-Turquant-101991328328493\/","https:\/\/www.instagram.com\/jean_yves_auradon\/?igshid=1ta3mfjka326t"]}]}},"_links":{"self":[{"href":"https:\/\/www.loire-gourmande.fr\/en\/wp-json\/wp\/v2\/product\/7506","targetHints":{"allow":["GET"]}}],"collection":[{"href":"https:\/\/www.loire-gourmande.fr\/en\/wp-json\/wp\/v2\/product"}],"about":[{"href":"https:\/\/www.loire-gourmande.fr\/en\/wp-json\/wp\/v2\/types\/product"}],"version-history":[{"count":5,"href":"https:\/\/www.loire-gourmande.fr\/en\/wp-json\/wp\/v2\/product\/7506\/revisions"}],"predecessor-version":[{"id":13057,"href":"https:\/\/www.loire-gourmande.fr\/en\/wp-json\/wp\/v2\/product\/7506\/revisions\/13057"}],"wp:featuredmedia":[{"embeddable":true,"href":"https:\/\/www.loire-gourmande.fr\/en\/wp-json\/wp\/v2\/media\/9761"}],"wp:attachment":[{"href":"https:\/\/www.loire-gourmande.fr\/en\/wp-json\/wp\/v2\/media?parent=7506"}],"wp:term":[{"taxonomy":"product_brand","embeddable":true,"href":"https:\/\/www.loire-gourmande.fr\/en\/wp-json\/wp\/v2\/product_brand?post=7506"},{"taxonomy":"product_cat","embeddable":true,"href":"https:\/\/www.loire-gourmande.fr\/en\/wp-json\/wp\/v2\/product_cat?post=7506"},{"taxonomy":"product_tag","embeddable":true,"href":"https:\/\/www.loire-gourmande.fr\/en\/wp-json\/wp\/v2\/product_tag?post=7506"}],"curies":[{"name":"wp","href":"https:\/\/api.w.org\/{rel}","templated":true}]}}