{"id":7581,"date":"2021-04-29T10:05:47","date_gmt":"2021-04-29T10:05:47","guid":{"rendered":"https:\/\/www.loire-gourmande.fr\/produit\/orleans-aop-gris-clos-st-fiacre\/"},"modified":"2026-02-09T13:45:56","modified_gmt":"2026-02-09T12:45:56","slug":"orleans-dpo-grey","status":"publish","type":"product","link":"https:\/\/www.loire-gourmande.fr\/en\/product\/orleans-dpo-grey\/","title":{"rendered":"ORL\u00c9ANS AOP GRIS CLOS ST FIACRE"},"content":{"rendered":"<p>This producer produces many wines including those made from the Chardonnay, Cabernet Franc, and Pinot Meunier &#8211; Pinot Noir grape varieties.<\/p>\n<p><strong>Tasting:<\/strong><br \/>\nThe colour is pale pink, the nose develops notes of red fruits. The palate is ample with a fresh and tannic finish.<\/p>\n<p><strong>Grape varieties:<br \/>\n<\/strong>60 % Pinot Meunier<br \/>\n40 % Pinot Gris<\/p>\n<h3>Vineyard:<\/h3>\n<p><strong>Terroir:<\/strong> sandy-gravelly on a sandy-clay subsoil<br \/>\n<strong>Average age of the vines:<\/strong> 35 years<br \/>\n<strong>Average yield:<\/strong> 40 hl\/ha<br \/>\n<strong>Planting density:<\/strong> 4,000 to 6,000 vines\/ha<\/p>\n<p><strong>Culture:<\/strong><br \/>\nThe vineyard is managed in sustainable farming. The vines are grassed and pruned short. Every year, we carry out a meticulous disbudding with the removal of double buds to offer the main bud maximum aeration and light. We also carry out a green harvest if necessary.<\/p>\n<p><strong>Winemaking:<\/strong><br \/>\nThe juice is obtained by bleeding for Pinot Noir and Pinot Meunier and by direct pneumatic pressing for Pinot Gris. This is followed by a 48-hour cold static settling and then alcoholic fermentation is carried out in temperature-controlled stainless steel vats at 18 \u00b0C. The ageing is finally done on lees until bottling at the property.<\/p>\n<p><span style=\"font-size: 15pt;\"><span style=\"font-size: 12pt;\"><strong>Food &amp; wine pairing:<\/strong><\/span><br \/>\n<\/span>As an aperitif<br \/>\nCharcuterie and salads<br \/>\nMarket gardening plate, a mouclade, grilled white pudding, baked cockerel and grilled mackerel<\/p>\n","protected":false},"excerpt":{"rendered":"<p><strong>The History of Clos Saint-Fiacre<\/strong><br \/>\nThe Montigny-Piel family has been perpetuating the winemaking tradition of Clos Saint-Fiacre in Mareau-aux-Pr\u00e9s for several generations. The family has been cultivating vines there since 1635 on the best terroirs of the <a href=\"http:\/\/www.aoc-orleans.fr\/\" target=\"_blank\" rel=\"noreferrer noopener\">Orl\u00e9ans and Orl\u00e9ans-Cl\u00e9ry appellations of controlled origin (AOC<\/a>).<br \/>\nB\u00e9n\u00e9dicte and Hubert Piel took over the family estate in 2001, following in the footsteps of Daniel Montigny who worked for 25 years at the head of the wine syndicate to obtain the Orl\u00e9ans and Orl\u00e9ans-Cl\u00e9ry appellations.<br \/>\nThe family now operates 15 hectares of vines.<\/p>\n","protected":false},"featured_media":10059,"template":"","meta":{"inline_featured_image":false},"product_brand":[],"product_cat":[342,344,333],"product_tag":[354,383,374,382],"class_list":{"0":"post-7581","1":"product","2":"type-product","3":"status-publish","4":"has-post-thumbnail","6":"product_cat-rose-wines","7":"product_cat-touraine-en","8":"product_cat-wines","9":"product_tag-aperitif-en","10":"product_tag-aperitif-cheese-cold-cuts","11":"product_tag-cheese","12":"product_tag-on-hold","13":"product_shipping_class-bottle","15":"first","16":"instock","17":"featured","18":"taxable","19":"shipping-taxable","20":"purchasable","21":"product-type-simple"},"yoast_head":"<!-- This site is optimized with the Yoast SEO plugin v27.6 - https:\/\/yoast.com\/product\/yoast-seo-wordpress\/ -->\n<title>ORL\u00c9ANS AOP GRIS CLOS ST FIACRE - Loire Gourmande - a tasty stage<\/title>\n<meta name=\"description\" content=\"ORLEANS AOP GRIS CLOS ST FIACRE. Loire wine. Order from the Loire Gourmande website. Wine merchant in Turquant (49).\" \/>\n<meta name=\"robots\" content=\"index, follow, max-snippet:-1, max-image-preview:large, max-video-preview:-1\" \/>\n<link rel=\"canonical\" href=\"https:\/\/www.loire-gourmande.fr\/en\/product\/orleans-dpo-grey\/\" \/>\n<meta property=\"og:locale\" content=\"en_US\" \/>\n<meta property=\"og:type\" content=\"article\" \/>\n<meta property=\"og:title\" content=\"ORL\u00c9ANS AOP GRIS CLOS ST FIACRE - Loire Gourmande - a tasty stage\" \/>\n<meta property=\"og:description\" content=\"ORLEANS AOP GRIS CLOS ST FIACRE. Loire wine. Order from the Loire Gourmande website. Wine merchant in Turquant (49).\" \/>\n<meta property=\"og:url\" content=\"https:\/\/www.loire-gourmande.fr\/en\/product\/orleans-dpo-grey\/\" \/>\n<meta property=\"og:site_name\" content=\"Loire Gourmande - a tasty stage\" \/>\n<meta property=\"article:publisher\" content=\"https:\/\/www.facebook.com\/Loire-Gourmande-Turquant-101991328328493\/\" \/>\n<meta property=\"article:modified_time\" content=\"2026-02-09T12:45:56+00:00\" \/>\n<meta property=\"og:image\" content=\"https:\/\/www.loire-gourmande.fr\/wp-content\/uploads\/2021\/04\/Clos-St-Fiacre-Rose.jpg\" \/>\n\t<meta property=\"og:image:width\" content=\"800\" \/>\n\t<meta property=\"og:image:height\" content=\"800\" \/>\n\t<meta property=\"og:image:type\" content=\"image\/jpeg\" \/>\n<meta name=\"twitter:card\" content=\"summary_large_image\" \/>\n<meta name=\"twitter:label1\" content=\"Est. reading time\" \/>\n\t<meta name=\"twitter:data1\" content=\"1 minute\" \/>\n<script type=\"application\/ld+json\" class=\"yoast-schema-graph\">{\"@context\":\"https:\\\/\\\/schema.org\",\"@graph\":[{\"@type\":\"WebPage\",\"@id\":\"https:\\\/\\\/www.loire-gourmande.fr\\\/en\\\/product\\\/orleans-dpo-grey\\\/\",\"url\":\"https:\\\/\\\/www.loire-gourmande.fr\\\/en\\\/product\\\/orleans-dpo-grey\\\/\",\"name\":\"ORL\u00c9ANS AOP GRIS CLOS ST FIACRE - Loire Gourmande - a tasty stage\",\"isPartOf\":{\"@id\":\"https:\\\/\\\/www.loire-gourmande.fr\\\/en\\\/#website\"},\"primaryImageOfPage\":{\"@id\":\"https:\\\/\\\/www.loire-gourmande.fr\\\/en\\\/product\\\/orleans-dpo-grey\\\/#primaryimage\"},\"image\":{\"@id\":\"https:\\\/\\\/www.loire-gourmande.fr\\\/en\\\/product\\\/orleans-dpo-grey\\\/#primaryimage\"},\"thumbnailUrl\":\"https:\\\/\\\/www.loire-gourmande.fr\\\/wp-content\\\/uploads\\\/2021\\\/04\\\/Clos-St-Fiacre-Rose.jpg\",\"datePublished\":\"2021-04-29T10:05:47+00:00\",\"dateModified\":\"2026-02-09T12:45:56+00:00\",\"description\":\"ORLEANS AOP GRIS CLOS ST FIACRE. Loire wine. Order from the Loire Gourmande website. Wine merchant in Turquant (49).\",\"breadcrumb\":{\"@id\":\"https:\\\/\\\/www.loire-gourmande.fr\\\/en\\\/product\\\/orleans-dpo-grey\\\/#breadcrumb\"},\"inLanguage\":\"en-US\",\"potentialAction\":[{\"@type\":\"ReadAction\",\"target\":[\"https:\\\/\\\/www.loire-gourmande.fr\\\/en\\\/product\\\/orleans-dpo-grey\\\/\"]}]},{\"@type\":\"ImageObject\",\"inLanguage\":\"en-US\",\"@id\":\"https:\\\/\\\/www.loire-gourmande.fr\\\/en\\\/product\\\/orleans-dpo-grey\\\/#primaryimage\",\"url\":\"https:\\\/\\\/www.loire-gourmande.fr\\\/wp-content\\\/uploads\\\/2021\\\/04\\\/Clos-St-Fiacre-Rose.jpg\",\"contentUrl\":\"https:\\\/\\\/www.loire-gourmande.fr\\\/wp-content\\\/uploads\\\/2021\\\/04\\\/Clos-St-Fiacre-Rose.jpg\",\"width\":800,\"height\":800},{\"@type\":\"BreadcrumbList\",\"@id\":\"https:\\\/\\\/www.loire-gourmande.fr\\\/en\\\/product\\\/orleans-dpo-grey\\\/#breadcrumb\",\"itemListElement\":[{\"@type\":\"ListItem\",\"position\":1,\"name\":\"Home\",\"item\":\"https:\\\/\\\/www.loire-gourmande.fr\\\/en\\\/\"},{\"@type\":\"ListItem\",\"position\":2,\"name\":\"The Boutique de Loire Gourmande: the wines of the Loire\",\"item\":\"https:\\\/\\\/www.loire-gourmande.fr\\\/en\\\/woocommerce\\\/\"},{\"@type\":\"ListItem\",\"position\":3,\"name\":\"Wines\",\"item\":\"https:\\\/\\\/www.loire-gourmande.fr\\\/en\\\/product-category\\\/wines\\\/\"},{\"@type\":\"ListItem\",\"position\":4,\"name\":\"Ros\u00e9 wines\",\"item\":\"https:\\\/\\\/www.loire-gourmande.fr\\\/en\\\/product-category\\\/wines\\\/rose-wines\\\/\"},{\"@type\":\"ListItem\",\"position\":5,\"name\":\"ORL\u00c9ANS AOP GRIS CLOS ST FIACRE\"}]},{\"@type\":\"WebSite\",\"@id\":\"https:\\\/\\\/www.loire-gourmande.fr\\\/en\\\/#website\",\"url\":\"https:\\\/\\\/www.loire-gourmande.fr\\\/en\\\/\",\"name\":\"Loire Gourmande, une \u00e9tape savoureuse\",\"description\":\"a tasting session at any time and a shop to visit in Turquant (49)\\n\\n\\n\\n\\n\\n\\n\\n\",\"publisher\":{\"@id\":\"https:\\\/\\\/www.loire-gourmande.fr\\\/en\\\/#organization\"},\"potentialAction\":[{\"@type\":\"SearchAction\",\"target\":{\"@type\":\"EntryPoint\",\"urlTemplate\":\"https:\\\/\\\/www.loire-gourmande.fr\\\/en\\\/?s={search_term_string}\"},\"query-input\":{\"@type\":\"PropertyValueSpecification\",\"valueRequired\":true,\"valueName\":\"search_term_string\"}}],\"inLanguage\":\"en-US\"},{\"@type\":\"Organization\",\"@id\":\"https:\\\/\\\/www.loire-gourmande.fr\\\/en\\\/#organization\",\"name\":\"Loire Gourmande - restauration rapide et visite \u00e0 Turquant (49)\",\"url\":\"https:\\\/\\\/www.loire-gourmande.fr\\\/en\\\/\",\"logo\":{\"@type\":\"ImageObject\",\"inLanguage\":\"en-US\",\"@id\":\"https:\\\/\\\/www.loire-gourmande.fr\\\/en\\\/#\\\/schema\\\/logo\\\/image\\\/\",\"url\":\"https:\\\/\\\/www.loire-gourmande.fr\\\/wp-content\\\/uploads\\\/2020\\\/10\\\/loire-gourmande-logo.jpg\",\"contentUrl\":\"https:\\\/\\\/www.loire-gourmande.fr\\\/wp-content\\\/uploads\\\/2020\\\/10\\\/loire-gourmande-logo.jpg\",\"width\":800,\"height\":415,\"caption\":\"Loire Gourmande - restauration rapide et visite \u00e0 Turquant (49)\"},\"image\":{\"@id\":\"https:\\\/\\\/www.loire-gourmande.fr\\\/en\\\/#\\\/schema\\\/logo\\\/image\\\/\"},\"sameAs\":[\"https:\\\/\\\/www.facebook.com\\\/Loire-Gourmande-Turquant-101991328328493\\\/\",\"https:\\\/\\\/www.instagram.com\\\/jean_yves_auradon\\\/?igshid=1ta3mfjka326t\"]}]}<\/script>\n<!-- \/ Yoast SEO plugin. -->","yoast_head_json":{"title":"ORL\u00c9ANS AOP GRIS CLOS ST FIACRE - Loire Gourmande - a tasty stage","description":"ORLEANS AOP GRIS CLOS ST FIACRE. Loire wine. Order from the Loire Gourmande website. Wine merchant in Turquant (49).","robots":{"index":"index","follow":"follow","max-snippet":"max-snippet:-1","max-image-preview":"max-image-preview:large","max-video-preview":"max-video-preview:-1"},"canonical":"https:\/\/www.loire-gourmande.fr\/en\/product\/orleans-dpo-grey\/","og_locale":"en_US","og_type":"article","og_title":"ORL\u00c9ANS AOP GRIS CLOS ST FIACRE - Loire Gourmande - a tasty stage","og_description":"ORLEANS AOP GRIS CLOS ST FIACRE. Loire wine. Order from the Loire Gourmande website. Wine merchant in Turquant (49).","og_url":"https:\/\/www.loire-gourmande.fr\/en\/product\/orleans-dpo-grey\/","og_site_name":"Loire Gourmande - a tasty stage","article_publisher":"https:\/\/www.facebook.com\/Loire-Gourmande-Turquant-101991328328493\/","article_modified_time":"2026-02-09T12:45:56+00:00","og_image":[{"width":800,"height":800,"url":"https:\/\/www.loire-gourmande.fr\/wp-content\/uploads\/2021\/04\/Clos-St-Fiacre-Rose.jpg","type":"image\/jpeg"}],"twitter_card":"summary_large_image","twitter_misc":{"Est. reading time":"1 minute"},"schema":{"@context":"https:\/\/schema.org","@graph":[{"@type":"WebPage","@id":"https:\/\/www.loire-gourmande.fr\/en\/product\/orleans-dpo-grey\/","url":"https:\/\/www.loire-gourmande.fr\/en\/product\/orleans-dpo-grey\/","name":"ORL\u00c9ANS AOP GRIS CLOS ST FIACRE - Loire Gourmande - a tasty stage","isPartOf":{"@id":"https:\/\/www.loire-gourmande.fr\/en\/#website"},"primaryImageOfPage":{"@id":"https:\/\/www.loire-gourmande.fr\/en\/product\/orleans-dpo-grey\/#primaryimage"},"image":{"@id":"https:\/\/www.loire-gourmande.fr\/en\/product\/orleans-dpo-grey\/#primaryimage"},"thumbnailUrl":"https:\/\/www.loire-gourmande.fr\/wp-content\/uploads\/2021\/04\/Clos-St-Fiacre-Rose.jpg","datePublished":"2021-04-29T10:05:47+00:00","dateModified":"2026-02-09T12:45:56+00:00","description":"ORLEANS AOP GRIS CLOS ST FIACRE. Loire wine. Order from the Loire Gourmande website. Wine merchant in Turquant (49).","breadcrumb":{"@id":"https:\/\/www.loire-gourmande.fr\/en\/product\/orleans-dpo-grey\/#breadcrumb"},"inLanguage":"en-US","potentialAction":[{"@type":"ReadAction","target":["https:\/\/www.loire-gourmande.fr\/en\/product\/orleans-dpo-grey\/"]}]},{"@type":"ImageObject","inLanguage":"en-US","@id":"https:\/\/www.loire-gourmande.fr\/en\/product\/orleans-dpo-grey\/#primaryimage","url":"https:\/\/www.loire-gourmande.fr\/wp-content\/uploads\/2021\/04\/Clos-St-Fiacre-Rose.jpg","contentUrl":"https:\/\/www.loire-gourmande.fr\/wp-content\/uploads\/2021\/04\/Clos-St-Fiacre-Rose.jpg","width":800,"height":800},{"@type":"BreadcrumbList","@id":"https:\/\/www.loire-gourmande.fr\/en\/product\/orleans-dpo-grey\/#breadcrumb","itemListElement":[{"@type":"ListItem","position":1,"name":"Home","item":"https:\/\/www.loire-gourmande.fr\/en\/"},{"@type":"ListItem","position":2,"name":"The Boutique de Loire Gourmande: the wines of the Loire","item":"https:\/\/www.loire-gourmande.fr\/en\/woocommerce\/"},{"@type":"ListItem","position":3,"name":"Wines","item":"https:\/\/www.loire-gourmande.fr\/en\/product-category\/wines\/"},{"@type":"ListItem","position":4,"name":"Ros\u00e9 wines","item":"https:\/\/www.loire-gourmande.fr\/en\/product-category\/wines\/rose-wines\/"},{"@type":"ListItem","position":5,"name":"ORL\u00c9ANS AOP GRIS CLOS ST FIACRE"}]},{"@type":"WebSite","@id":"https:\/\/www.loire-gourmande.fr\/en\/#website","url":"https:\/\/www.loire-gourmande.fr\/en\/","name":"Loire Gourmande, une \u00e9tape savoureuse","description":"a tasting session at any time and a shop to visit in Turquant (49)\n\n\n\n\n\n\n\n","publisher":{"@id":"https:\/\/www.loire-gourmande.fr\/en\/#organization"},"potentialAction":[{"@type":"SearchAction","target":{"@type":"EntryPoint","urlTemplate":"https:\/\/www.loire-gourmande.fr\/en\/?s={search_term_string}"},"query-input":{"@type":"PropertyValueSpecification","valueRequired":true,"valueName":"search_term_string"}}],"inLanguage":"en-US"},{"@type":"Organization","@id":"https:\/\/www.loire-gourmande.fr\/en\/#organization","name":"Loire Gourmande - restauration rapide et visite \u00e0 Turquant (49)","url":"https:\/\/www.loire-gourmande.fr\/en\/","logo":{"@type":"ImageObject","inLanguage":"en-US","@id":"https:\/\/www.loire-gourmande.fr\/en\/#\/schema\/logo\/image\/","url":"https:\/\/www.loire-gourmande.fr\/wp-content\/uploads\/2020\/10\/loire-gourmande-logo.jpg","contentUrl":"https:\/\/www.loire-gourmande.fr\/wp-content\/uploads\/2020\/10\/loire-gourmande-logo.jpg","width":800,"height":415,"caption":"Loire Gourmande - restauration rapide et visite \u00e0 Turquant (49)"},"image":{"@id":"https:\/\/www.loire-gourmande.fr\/en\/#\/schema\/logo\/image\/"},"sameAs":["https:\/\/www.facebook.com\/Loire-Gourmande-Turquant-101991328328493\/","https:\/\/www.instagram.com\/jean_yves_auradon\/?igshid=1ta3mfjka326t"]}]}},"_links":{"self":[{"href":"https:\/\/www.loire-gourmande.fr\/en\/wp-json\/wp\/v2\/product\/7581","targetHints":{"allow":["GET"]}}],"collection":[{"href":"https:\/\/www.loire-gourmande.fr\/en\/wp-json\/wp\/v2\/product"}],"about":[{"href":"https:\/\/www.loire-gourmande.fr\/en\/wp-json\/wp\/v2\/types\/product"}],"version-history":[{"count":5,"href":"https:\/\/www.loire-gourmande.fr\/en\/wp-json\/wp\/v2\/product\/7581\/revisions"}],"predecessor-version":[{"id":14408,"href":"https:\/\/www.loire-gourmande.fr\/en\/wp-json\/wp\/v2\/product\/7581\/revisions\/14408"}],"wp:featuredmedia":[{"embeddable":true,"href":"https:\/\/www.loire-gourmande.fr\/en\/wp-json\/wp\/v2\/media\/10059"}],"wp:attachment":[{"href":"https:\/\/www.loire-gourmande.fr\/en\/wp-json\/wp\/v2\/media?parent=7581"}],"wp:term":[{"taxonomy":"product_brand","embeddable":true,"href":"https:\/\/www.loire-gourmande.fr\/en\/wp-json\/wp\/v2\/product_brand?post=7581"},{"taxonomy":"product_cat","embeddable":true,"href":"https:\/\/www.loire-gourmande.fr\/en\/wp-json\/wp\/v2\/product_cat?post=7581"},{"taxonomy":"product_tag","embeddable":true,"href":"https:\/\/www.loire-gourmande.fr\/en\/wp-json\/wp\/v2\/product_tag?post=7581"}],"curies":[{"name":"wp","href":"https:\/\/api.w.org\/{rel}","templated":true}]}}