{"id":7597,"date":"2021-04-29T10:05:46","date_gmt":"2021-04-29T10:05:46","guid":{"rendered":"https:\/\/www.loire-gourmande.fr\/produit\/coteaux-du-vendomois-aop-gris-domaine-du-four-a-chaux\/"},"modified":"2025-05-27T16:20:31","modified_gmt":"2025-05-27T15:20:31","slug":"coteaux-du-vendomois-gris","status":"publish","type":"product","link":"https:\/\/www.loire-gourmande.fr\/en\/product\/coteaux-du-vendomois-gris\/","title":{"rendered":"C\u00d4TEAUX DU VEND\u00d4MOIS DPO GRIS DOMAINE DU FOUR \u00c0 CHAUX"},"content":{"rendered":"<div class=\"ox-text jss1pyjnvc\" data-jss-id=\"jss1pyjnvc\">\n<div class=\"ox-text__inner\">\n<div>Immerse yourself in the world of this exquisite Coteaux du Vend\u00f4mois vin gris from Domaine du Four \u00e0 Chaux in Thor\u00e9-la-Rochette (41). This wine, typical of the region, is a wine of pleasure, a wine of tonality and a true wine of the plate. It will accompany you from aperitif to dessert.<\/div>\n<\/div>\n<\/div>\n<div class=\"ox-spacer jss1kio5cv\" data-jss-id=\"jss1kio5cv\"><\/div>\n<div class=\"ox-text jsst6andp\" data-jss-id=\"jsst6andp\">\n<div class=\"ox-text__inner\">\n<div><strong>Vinification :<\/strong> This is a red grape with white juice pressed directly after harvesting to obtain a grey wine with a &#8220;roach eye&#8221; or even &#8220;onion skin&#8221; colour. It ferments in a stainless steel vat at a temperature of 18\u00b0C.<br \/>\n<strong>Grape variety: 100% Pineau d&#8217;Aunis<\/strong><br \/>\n<strong>Soil <\/strong>: Clay and flint<br \/>\n<strong>Average yield:<\/strong> 55 hl \/ Ha<br \/>\n<strong>Alcohol content:<\/strong> 12%.<br \/>\n<strong>Ageing:<\/strong> 1 to 2 years<br \/>\n<strong>Serving temperature<\/strong>: between 8 and 10 \u00b0C<\/div>\n<div><strong>Tasting notes:<\/strong> The local Pineau d&#8217;Aunis grape variety has a slightly salmon colour, described as &#8220;partridge or roach eye&#8221;. The wine is lively thanks to its invigorating acidity, with typical subtle notes of pepper, spices and red fruit.<\/div>\n<div><\/div>\n<div><strong>Food and wine pairing<\/strong> : Lightness and freshness for the aperitif, don&#8217;t be mistaken, the cuv\u00e9e is a generous accompaniment to rillettes, charcuterie and finely spiced<br \/>\ngrilled meats Aperitif, cocktail and sweet savory appetizers, Italian melon plate, mixed salad<\/div>\n<\/div>\n<\/div>\n","protected":false},"excerpt":{"rendered":"<p data-reader-unique-id=\"1\">Once upon a time, there was a wonderful story of winegrowers and winemakers&#8230; that of the Norguet family, who have been running their Domaine du Four \u00e0 Chaux for 7 generations, in the heart of the Vend\u00f4me region at Thor\u00e9-la-Rochette.<br \/>\nThe Four \u00e0 Chaux (lime kiln) is a protected site dating back to 1767. It is a vestige of the time when tuffeau, a soft limestone with flint extracted from the hillsides, was used to build the ch\u00e2teaux of the Loire, the surrounding manor houses and the houses of the Loire region.<br \/>\nIn a traditional setting, the estate boasts magnificent two-hundred-year-old troglodyte cellars, dedicated to the cultivation of mushrooms and the ageing of local wines. Today, they have become a convivial venue for tastings of red, white, ros\u00e9 and grey wines. Norguet, vigneron fer de lance de l\u2019appellation, cultive 29 hectares de vignes \u00e0 Thor\u00e9 la Rochette, petit village abrit\u00e9 dans la Vall\u00e9e du Loir et vinifie avec passion ses vins dans une ancienne cave.<\/p>\n","protected":false},"featured_media":9731,"template":"","meta":{"inline_featured_image":false},"product_brand":[],"product_cat":[342,344,333],"product_tag":[354,374,362,352],"class_list":{"0":"post-7597","1":"product","2":"type-product","3":"status-publish","4":"has-post-thumbnail","6":"product_cat-rose-wines","7":"product_cat-touraine-en","8":"product_cat-wines","9":"product_tag-aperitif-en","10":"product_tag-cheese","11":"product_tag-meat","12":"product_tag-wine","13":"product_shipping_class-bottle","15":"first","16":"instock","17":"featured","18":"taxable","19":"shipping-taxable","20":"purchasable","21":"product-type-simple"},"yoast_head":"<!-- This site is optimized with the Yoast SEO plugin v27.6 - https:\/\/yoast.com\/product\/yoast-seo-wordpress\/ -->\n<title>C\u00d4TEAUX DU VEND\u00d4MOIS DPO GRIS DOMAINE DU FOUR \u00c0 CHAUX - Loire Gourmande - a tasty stage<\/title>\n<meta name=\"description\" content=\"C\u00d4TEAUX DU VEND\u00d4MOIS AOP GRIS DOMAINE DU FOUR \u00c0 CHAUX. Loire Valley wine. Order from the Loire Gourmande website. Wine merchant in Turquant (49).\" \/>\n<meta name=\"robots\" content=\"index, follow, max-snippet:-1, max-image-preview:large, max-video-preview:-1\" \/>\n<link rel=\"canonical\" href=\"https:\/\/www.loire-gourmande.fr\/en\/product\/coteaux-du-vendomois-gris\/\" \/>\n<meta property=\"og:locale\" content=\"en_US\" \/>\n<meta property=\"og:type\" content=\"article\" \/>\n<meta property=\"og:title\" content=\"C\u00d4TEAUX DU VEND\u00d4MOIS DPO GRIS DOMAINE DU FOUR \u00c0 CHAUX - Loire Gourmande - a tasty stage\" \/>\n<meta property=\"og:description\" content=\"C\u00d4TEAUX DU VEND\u00d4MOIS AOP GRIS DOMAINE DU FOUR \u00c0 CHAUX. Loire Valley wine. Order from the Loire Gourmande website. Wine merchant in Turquant (49).\" \/>\n<meta property=\"og:url\" content=\"https:\/\/www.loire-gourmande.fr\/en\/product\/coteaux-du-vendomois-gris\/\" \/>\n<meta property=\"og:site_name\" content=\"Loire Gourmande - a tasty stage\" \/>\n<meta property=\"article:publisher\" content=\"https:\/\/www.facebook.com\/Loire-Gourmande-Turquant-101991328328493\/\" \/>\n<meta property=\"article:modified_time\" content=\"2025-05-27T15:20:31+00:00\" \/>\n<meta property=\"og:image\" content=\"https:\/\/www.loire-gourmande.fr\/wp-content\/uploads\/2021\/04\/Four-a-Chaux-Gris.jpg\" \/>\n\t<meta property=\"og:image:width\" content=\"800\" \/>\n\t<meta property=\"og:image:height\" content=\"800\" \/>\n\t<meta property=\"og:image:type\" content=\"image\/jpeg\" \/>\n<meta name=\"twitter:card\" content=\"summary_large_image\" \/>\n<meta name=\"twitter:label1\" content=\"Est. reading time\" \/>\n\t<meta name=\"twitter:data1\" content=\"1 minute\" \/>\n<script type=\"application\/ld+json\" class=\"yoast-schema-graph\">{\"@context\":\"https:\\\/\\\/schema.org\",\"@graph\":[{\"@type\":\"WebPage\",\"@id\":\"https:\\\/\\\/www.loire-gourmande.fr\\\/en\\\/product\\\/coteaux-du-vendomois-gris\\\/\",\"url\":\"https:\\\/\\\/www.loire-gourmande.fr\\\/en\\\/product\\\/coteaux-du-vendomois-gris\\\/\",\"name\":\"C\u00d4TEAUX DU VEND\u00d4MOIS DPO GRIS DOMAINE DU FOUR \u00c0 CHAUX - Loire Gourmande - a tasty stage\",\"isPartOf\":{\"@id\":\"https:\\\/\\\/www.loire-gourmande.fr\\\/en\\\/#website\"},\"primaryImageOfPage\":{\"@id\":\"https:\\\/\\\/www.loire-gourmande.fr\\\/en\\\/product\\\/coteaux-du-vendomois-gris\\\/#primaryimage\"},\"image\":{\"@id\":\"https:\\\/\\\/www.loire-gourmande.fr\\\/en\\\/product\\\/coteaux-du-vendomois-gris\\\/#primaryimage\"},\"thumbnailUrl\":\"https:\\\/\\\/www.loire-gourmande.fr\\\/wp-content\\\/uploads\\\/2021\\\/04\\\/Four-a-Chaux-Gris.jpg\",\"datePublished\":\"2021-04-29T10:05:46+00:00\",\"dateModified\":\"2025-05-27T15:20:31+00:00\",\"description\":\"C\u00d4TEAUX DU VEND\u00d4MOIS AOP GRIS DOMAINE DU FOUR \u00c0 CHAUX. Loire Valley wine. Order from the Loire Gourmande website. Wine merchant in Turquant (49).\",\"breadcrumb\":{\"@id\":\"https:\\\/\\\/www.loire-gourmande.fr\\\/en\\\/product\\\/coteaux-du-vendomois-gris\\\/#breadcrumb\"},\"inLanguage\":\"en-US\",\"potentialAction\":[{\"@type\":\"ReadAction\",\"target\":[\"https:\\\/\\\/www.loire-gourmande.fr\\\/en\\\/product\\\/coteaux-du-vendomois-gris\\\/\"]}]},{\"@type\":\"ImageObject\",\"inLanguage\":\"en-US\",\"@id\":\"https:\\\/\\\/www.loire-gourmande.fr\\\/en\\\/product\\\/coteaux-du-vendomois-gris\\\/#primaryimage\",\"url\":\"https:\\\/\\\/www.loire-gourmande.fr\\\/wp-content\\\/uploads\\\/2021\\\/04\\\/Four-a-Chaux-Gris.jpg\",\"contentUrl\":\"https:\\\/\\\/www.loire-gourmande.fr\\\/wp-content\\\/uploads\\\/2021\\\/04\\\/Four-a-Chaux-Gris.jpg\",\"width\":800,\"height\":800},{\"@type\":\"BreadcrumbList\",\"@id\":\"https:\\\/\\\/www.loire-gourmande.fr\\\/en\\\/product\\\/coteaux-du-vendomois-gris\\\/#breadcrumb\",\"itemListElement\":[{\"@type\":\"ListItem\",\"position\":1,\"name\":\"Home\",\"item\":\"https:\\\/\\\/www.loire-gourmande.fr\\\/en\\\/\"},{\"@type\":\"ListItem\",\"position\":2,\"name\":\"The Boutique de Loire Gourmande: the wines of the Loire\",\"item\":\"https:\\\/\\\/www.loire-gourmande.fr\\\/en\\\/woocommerce\\\/\"},{\"@type\":\"ListItem\",\"position\":3,\"name\":\"Wines\",\"item\":\"https:\\\/\\\/www.loire-gourmande.fr\\\/en\\\/product-category\\\/wines\\\/\"},{\"@type\":\"ListItem\",\"position\":4,\"name\":\"Ros\u00e9 wines\",\"item\":\"https:\\\/\\\/www.loire-gourmande.fr\\\/en\\\/product-category\\\/wines\\\/rose-wines\\\/\"},{\"@type\":\"ListItem\",\"position\":5,\"name\":\"C\u00d4TEAUX DU VEND\u00d4MOIS DPO GRIS DOMAINE DU FOUR \u00c0 CHAUX\"}]},{\"@type\":\"WebSite\",\"@id\":\"https:\\\/\\\/www.loire-gourmande.fr\\\/en\\\/#website\",\"url\":\"https:\\\/\\\/www.loire-gourmande.fr\\\/en\\\/\",\"name\":\"Loire Gourmande, une \u00e9tape savoureuse\",\"description\":\"a tasting session at any time and a shop to visit in Turquant (49)\\n\\n\\n\\n\\n\\n\\n\\n\",\"publisher\":{\"@id\":\"https:\\\/\\\/www.loire-gourmande.fr\\\/en\\\/#organization\"},\"potentialAction\":[{\"@type\":\"SearchAction\",\"target\":{\"@type\":\"EntryPoint\",\"urlTemplate\":\"https:\\\/\\\/www.loire-gourmande.fr\\\/en\\\/?s={search_term_string}\"},\"query-input\":{\"@type\":\"PropertyValueSpecification\",\"valueRequired\":true,\"valueName\":\"search_term_string\"}}],\"inLanguage\":\"en-US\"},{\"@type\":\"Organization\",\"@id\":\"https:\\\/\\\/www.loire-gourmande.fr\\\/en\\\/#organization\",\"name\":\"Loire Gourmande - restauration rapide et visite \u00e0 Turquant (49)\",\"url\":\"https:\\\/\\\/www.loire-gourmande.fr\\\/en\\\/\",\"logo\":{\"@type\":\"ImageObject\",\"inLanguage\":\"en-US\",\"@id\":\"https:\\\/\\\/www.loire-gourmande.fr\\\/en\\\/#\\\/schema\\\/logo\\\/image\\\/\",\"url\":\"https:\\\/\\\/www.loire-gourmande.fr\\\/wp-content\\\/uploads\\\/2020\\\/10\\\/loire-gourmande-logo.jpg\",\"contentUrl\":\"https:\\\/\\\/www.loire-gourmande.fr\\\/wp-content\\\/uploads\\\/2020\\\/10\\\/loire-gourmande-logo.jpg\",\"width\":800,\"height\":415,\"caption\":\"Loire Gourmande - restauration rapide et visite \u00e0 Turquant (49)\"},\"image\":{\"@id\":\"https:\\\/\\\/www.loire-gourmande.fr\\\/en\\\/#\\\/schema\\\/logo\\\/image\\\/\"},\"sameAs\":[\"https:\\\/\\\/www.facebook.com\\\/Loire-Gourmande-Turquant-101991328328493\\\/\",\"https:\\\/\\\/www.instagram.com\\\/jean_yves_auradon\\\/?igshid=1ta3mfjka326t\"]}]}<\/script>\n<!-- \/ Yoast SEO plugin. -->","yoast_head_json":{"title":"C\u00d4TEAUX DU VEND\u00d4MOIS DPO GRIS DOMAINE DU FOUR \u00c0 CHAUX - Loire Gourmande - a tasty stage","description":"C\u00d4TEAUX DU VEND\u00d4MOIS AOP GRIS DOMAINE DU FOUR \u00c0 CHAUX. Loire Valley wine. Order from the Loire Gourmande website. Wine merchant in Turquant (49).","robots":{"index":"index","follow":"follow","max-snippet":"max-snippet:-1","max-image-preview":"max-image-preview:large","max-video-preview":"max-video-preview:-1"},"canonical":"https:\/\/www.loire-gourmande.fr\/en\/product\/coteaux-du-vendomois-gris\/","og_locale":"en_US","og_type":"article","og_title":"C\u00d4TEAUX DU VEND\u00d4MOIS DPO GRIS DOMAINE DU FOUR \u00c0 CHAUX - Loire Gourmande - a tasty stage","og_description":"C\u00d4TEAUX DU VEND\u00d4MOIS AOP GRIS DOMAINE DU FOUR \u00c0 CHAUX. Loire Valley wine. Order from the Loire Gourmande website. Wine merchant in Turquant (49).","og_url":"https:\/\/www.loire-gourmande.fr\/en\/product\/coteaux-du-vendomois-gris\/","og_site_name":"Loire Gourmande - a tasty stage","article_publisher":"https:\/\/www.facebook.com\/Loire-Gourmande-Turquant-101991328328493\/","article_modified_time":"2025-05-27T15:20:31+00:00","og_image":[{"width":800,"height":800,"url":"https:\/\/www.loire-gourmande.fr\/wp-content\/uploads\/2021\/04\/Four-a-Chaux-Gris.jpg","type":"image\/jpeg"}],"twitter_card":"summary_large_image","twitter_misc":{"Est. reading time":"1 minute"},"schema":{"@context":"https:\/\/schema.org","@graph":[{"@type":"WebPage","@id":"https:\/\/www.loire-gourmande.fr\/en\/product\/coteaux-du-vendomois-gris\/","url":"https:\/\/www.loire-gourmande.fr\/en\/product\/coteaux-du-vendomois-gris\/","name":"C\u00d4TEAUX DU VEND\u00d4MOIS DPO GRIS DOMAINE DU FOUR \u00c0 CHAUX - Loire Gourmande - a tasty stage","isPartOf":{"@id":"https:\/\/www.loire-gourmande.fr\/en\/#website"},"primaryImageOfPage":{"@id":"https:\/\/www.loire-gourmande.fr\/en\/product\/coteaux-du-vendomois-gris\/#primaryimage"},"image":{"@id":"https:\/\/www.loire-gourmande.fr\/en\/product\/coteaux-du-vendomois-gris\/#primaryimage"},"thumbnailUrl":"https:\/\/www.loire-gourmande.fr\/wp-content\/uploads\/2021\/04\/Four-a-Chaux-Gris.jpg","datePublished":"2021-04-29T10:05:46+00:00","dateModified":"2025-05-27T15:20:31+00:00","description":"C\u00d4TEAUX DU VEND\u00d4MOIS AOP GRIS DOMAINE DU FOUR \u00c0 CHAUX. Loire Valley wine. Order from the Loire Gourmande website. Wine merchant in Turquant (49).","breadcrumb":{"@id":"https:\/\/www.loire-gourmande.fr\/en\/product\/coteaux-du-vendomois-gris\/#breadcrumb"},"inLanguage":"en-US","potentialAction":[{"@type":"ReadAction","target":["https:\/\/www.loire-gourmande.fr\/en\/product\/coteaux-du-vendomois-gris\/"]}]},{"@type":"ImageObject","inLanguage":"en-US","@id":"https:\/\/www.loire-gourmande.fr\/en\/product\/coteaux-du-vendomois-gris\/#primaryimage","url":"https:\/\/www.loire-gourmande.fr\/wp-content\/uploads\/2021\/04\/Four-a-Chaux-Gris.jpg","contentUrl":"https:\/\/www.loire-gourmande.fr\/wp-content\/uploads\/2021\/04\/Four-a-Chaux-Gris.jpg","width":800,"height":800},{"@type":"BreadcrumbList","@id":"https:\/\/www.loire-gourmande.fr\/en\/product\/coteaux-du-vendomois-gris\/#breadcrumb","itemListElement":[{"@type":"ListItem","position":1,"name":"Home","item":"https:\/\/www.loire-gourmande.fr\/en\/"},{"@type":"ListItem","position":2,"name":"The Boutique de Loire Gourmande: the wines of the Loire","item":"https:\/\/www.loire-gourmande.fr\/en\/woocommerce\/"},{"@type":"ListItem","position":3,"name":"Wines","item":"https:\/\/www.loire-gourmande.fr\/en\/product-category\/wines\/"},{"@type":"ListItem","position":4,"name":"Ros\u00e9 wines","item":"https:\/\/www.loire-gourmande.fr\/en\/product-category\/wines\/rose-wines\/"},{"@type":"ListItem","position":5,"name":"C\u00d4TEAUX DU VEND\u00d4MOIS DPO GRIS DOMAINE DU FOUR \u00c0 CHAUX"}]},{"@type":"WebSite","@id":"https:\/\/www.loire-gourmande.fr\/en\/#website","url":"https:\/\/www.loire-gourmande.fr\/en\/","name":"Loire Gourmande, une \u00e9tape savoureuse","description":"a tasting session at any time and a shop to visit in Turquant (49)\n\n\n\n\n\n\n\n","publisher":{"@id":"https:\/\/www.loire-gourmande.fr\/en\/#organization"},"potentialAction":[{"@type":"SearchAction","target":{"@type":"EntryPoint","urlTemplate":"https:\/\/www.loire-gourmande.fr\/en\/?s={search_term_string}"},"query-input":{"@type":"PropertyValueSpecification","valueRequired":true,"valueName":"search_term_string"}}],"inLanguage":"en-US"},{"@type":"Organization","@id":"https:\/\/www.loire-gourmande.fr\/en\/#organization","name":"Loire Gourmande - restauration rapide et visite \u00e0 Turquant (49)","url":"https:\/\/www.loire-gourmande.fr\/en\/","logo":{"@type":"ImageObject","inLanguage":"en-US","@id":"https:\/\/www.loire-gourmande.fr\/en\/#\/schema\/logo\/image\/","url":"https:\/\/www.loire-gourmande.fr\/wp-content\/uploads\/2020\/10\/loire-gourmande-logo.jpg","contentUrl":"https:\/\/www.loire-gourmande.fr\/wp-content\/uploads\/2020\/10\/loire-gourmande-logo.jpg","width":800,"height":415,"caption":"Loire Gourmande - restauration rapide et visite \u00e0 Turquant (49)"},"image":{"@id":"https:\/\/www.loire-gourmande.fr\/en\/#\/schema\/logo\/image\/"},"sameAs":["https:\/\/www.facebook.com\/Loire-Gourmande-Turquant-101991328328493\/","https:\/\/www.instagram.com\/jean_yves_auradon\/?igshid=1ta3mfjka326t"]}]}},"_links":{"self":[{"href":"https:\/\/www.loire-gourmande.fr\/en\/wp-json\/wp\/v2\/product\/7597","targetHints":{"allow":["GET"]}}],"collection":[{"href":"https:\/\/www.loire-gourmande.fr\/en\/wp-json\/wp\/v2\/product"}],"about":[{"href":"https:\/\/www.loire-gourmande.fr\/en\/wp-json\/wp\/v2\/types\/product"}],"version-history":[{"count":4,"href":"https:\/\/www.loire-gourmande.fr\/en\/wp-json\/wp\/v2\/product\/7597\/revisions"}],"predecessor-version":[{"id":13106,"href":"https:\/\/www.loire-gourmande.fr\/en\/wp-json\/wp\/v2\/product\/7597\/revisions\/13106"}],"wp:featuredmedia":[{"embeddable":true,"href":"https:\/\/www.loire-gourmande.fr\/en\/wp-json\/wp\/v2\/media\/9731"}],"wp:attachment":[{"href":"https:\/\/www.loire-gourmande.fr\/en\/wp-json\/wp\/v2\/media?parent=7597"}],"wp:term":[{"taxonomy":"product_brand","embeddable":true,"href":"https:\/\/www.loire-gourmande.fr\/en\/wp-json\/wp\/v2\/product_brand?post=7597"},{"taxonomy":"product_cat","embeddable":true,"href":"https:\/\/www.loire-gourmande.fr\/en\/wp-json\/wp\/v2\/product_cat?post=7597"},{"taxonomy":"product_tag","embeddable":true,"href":"https:\/\/www.loire-gourmande.fr\/en\/wp-json\/wp\/v2\/product_tag?post=7597"}],"curies":[{"name":"wp","href":"https:\/\/api.w.org\/{rel}","templated":true}]}}