{"id":7634,"date":"2023-02-18T16:06:34","date_gmt":"2023-02-18T16:06:34","guid":{"rendered":"https:\/\/www.loire-gourmande.fr\/produit\/ptit-berton-domaine-badiller-20\/"},"modified":"2025-05-27T16:19:40","modified_gmt":"2025-05-27T15:19:40","slug":"ptit-berton-2020-domaine-badiller","status":"publish","type":"product","link":"https:\/\/www.loire-gourmande.fr\/en\/product\/ptit-berton-2020-domaine-badiller\/","title":{"rendered":"TOURAINE AZAY LE RIDEAU P&#8217;TIT BERTON DOMAINE BADILLER 20"},"content":{"rendered":"<p>Heir to a line of winegrowers dating back to 1789, Marc Badiller set up in 1984 on the family estate, established between the Loire and the forest of Chinon: 13 hectares on the hillsides of Cheill\u00e9 producing a wide range of Touraine wines. In 2015, the last generation (Pierre and Vincent) took over.<br \/>\nThe P&#8217;tit Berton 2019 is a light and harmonious red wine that you will enjoy drinking in all circumstances. You will certainly find slightly spicy and liquorice notes.<br \/>\nP&#8217;tit Berton is the nickname given by our grandmother to the Cabernet Franc called \u201cBreton\u201d in our region. This unpretentious, light and easy-to-drink cuv\u00e9e goes well with everything, and especially with grandma H\u00e9l\u00e8ne&#8217;s Sunday lunchtime roast chicken.<br \/>\nElegance and discretion characterize this confidential cuv\u00e9e.  The nose, typical of Cabernet Franc, opens with red fruit, jam and the inevitable notes of pepper. The palate is on a par with this, with a pleasant roundness and smooth tannins.<\/p>\n<p class=\"Text2446266173__root Text2446266173---typography-11-runningText Text2446266173---priority-7-primary s8gg2 _2UIKs InfoSectionTitle3095652555__root\" aria-hidden=\"false\" data-hook=\"info-section-title\"><span style=\"font-size: 12pt;\">Features<br \/>\n<\/span><span style=\"font-size: 16px;\"><strong>Grape variety:<\/strong> Cabernet Franc<br \/>\n<\/span><span style=\"font-size: 16px;\"><strong>AOP<\/strong> : Touraine<br \/>\n<\/span><span style=\"font-size: 16px;\"><strong>Method:<\/strong> The grapes are harvested by hand and matured in stainless steel vats.<strong><br \/>\n<\/strong><\/span><span style=\"font-size: 12pt;\"><strong>Cellaring potential:<\/strong> Service temperature <\/span><span style=\"font-size: 16px;\">15-16\u00b0 and we recommend drinking it within 10 years.<br \/>\n<\/span><span style=\"font-size: 12pt;\"><strong>Tasting<\/strong><br \/>\n<\/span><span style=\"font-size: 16px;\"><strong>To the eye:<\/strong> crimson with brilliant highlights<br \/>\n<\/span><span style=\"font-size: 16px;\"><strong>Nose:<\/strong> Fruity and intense with spicy red fruit aromas<br \/>\n<\/span><span style=\"font-size: 16px;\"><strong>Palate:<\/strong> fleshy attack with freshness, harmonious and authentic. A light wine with hints of regliss\u00e9e and spice. It goes wonderfully well with meat dishes in sauce.<\/span><\/p>\n<div class=\"rah-static rah-static--height-auto\" aria-hidden=\"false\">\n<div class=\"_1yvxJ fggS- cell\">\n<div class=\"WncCi\" data-hook=\"info-section-description\">\n<p>&nbsp;<\/p>\n<\/div>\n<\/div>\n<\/div>\n","protected":false},"excerpt":{"rendered":"<p>Heir to a line of winegrowers dating back to 1789, Marc Badiller set up in 1984 on the family estate, established between the Loire and the forest of Chinon: 13 hectares on the hillsides of Cheill\u00e9 producing a wide range of Touraine wines. In 2015, the last generation (Pierre and Vincent) took over.<br \/>\nLe P&#8217;tit Berton is a <strong>Cabernet Franc<\/strong> cuv\u00e9e from <strong>Touraine.<\/strong> It has a purple colour with brilliant reflections. The nose opens with an intense fusion of fruit, <strong>toasted aromas<\/strong> and sweet spices. Freshness dominates on the palate with supple, <strong>light tannins<\/strong>. It is expressed by notes of <strong>liquorice <\/strong>and spices.<br \/>\nTo be enjoyed in its youth.<\/p>\n","protected":false},"featured_media":6984,"template":"","meta":{"inline_featured_image":false},"product_brand":[],"product_cat":[343,344],"product_tag":[380,383],"class_list":{"0":"post-7634","1":"product","2":"type-product","3":"status-publish","4":"has-post-thumbnail","6":"product_cat-red-wines","7":"product_cat-touraine-en","8":"product_tag-a-palate-of-slightly-crushed-red-fruits-with-a-hint-of-spice","9":"product_tag-aperitif-cheese-cold-cuts","10":"product_shipping_class-bottle","12":"first","13":"instock","14":"featured","15":"taxable","16":"shipping-taxable","17":"purchasable","18":"product-type-simple"},"yoast_head":"<!-- This site is optimized with the Yoast SEO plugin v27.6 - https:\/\/yoast.com\/product\/yoast-seo-wordpress\/ -->\n<title>TOURAINE AZAY LE RIDEAU P&#039;TIT BERTON DOMAINE BADILLER 20 - Loire Gourmande - a tasty stage<\/title>\n<meta name=\"description\" content=\"TOURAINE AZAY LE RIDEAU P&#039;TIT BERTON DOMAINE BADILLER 20. Loire Valley wines. Order from the Loire Gourmande website. Wine merchant in Turquant (49).\" \/>\n<meta name=\"robots\" content=\"index, follow, max-snippet:-1, max-image-preview:large, max-video-preview:-1\" \/>\n<link rel=\"canonical\" href=\"https:\/\/www.loire-gourmande.fr\/en\/product\/ptit-berton-2020-domaine-badiller\/\" \/>\n<meta property=\"og:locale\" content=\"en_US\" \/>\n<meta property=\"og:type\" content=\"article\" \/>\n<meta property=\"og:title\" content=\"TOURAINE AZAY LE RIDEAU P&#039;TIT BERTON DOMAINE BADILLER 20 - Loire Gourmande - a tasty stage\" \/>\n<meta property=\"og:description\" content=\"TOURAINE AZAY LE RIDEAU P&#039;TIT BERTON DOMAINE BADILLER 20. Loire Valley wines. Order from the Loire Gourmande website. Wine merchant in Turquant (49).\" \/>\n<meta property=\"og:url\" content=\"https:\/\/www.loire-gourmande.fr\/en\/product\/ptit-berton-2020-domaine-badiller\/\" \/>\n<meta property=\"og:site_name\" content=\"Loire Gourmande - a tasty stage\" \/>\n<meta property=\"article:publisher\" content=\"https:\/\/www.facebook.com\/Loire-Gourmande-Turquant-101991328328493\/\" \/>\n<meta property=\"article:modified_time\" content=\"2025-05-27T15:19:40+00:00\" \/>\n<meta property=\"og:image\" content=\"https:\/\/www.loire-gourmande.fr\/wp-content\/uploads\/2023\/02\/Ptit-Berton-Badiller..png\" \/>\n\t<meta property=\"og:image:width\" content=\"800\" \/>\n\t<meta property=\"og:image:height\" content=\"800\" \/>\n\t<meta property=\"og:image:type\" content=\"image\/png\" \/>\n<meta name=\"twitter:card\" content=\"summary_large_image\" \/>\n<meta name=\"twitter:label1\" content=\"Est. reading time\" \/>\n\t<meta name=\"twitter:data1\" content=\"1 minute\" \/>\n<script type=\"application\/ld+json\" class=\"yoast-schema-graph\">{\"@context\":\"https:\\\/\\\/schema.org\",\"@graph\":[{\"@type\":\"WebPage\",\"@id\":\"https:\\\/\\\/www.loire-gourmande.fr\\\/en\\\/product\\\/ptit-berton-2020-domaine-badiller\\\/\",\"url\":\"https:\\\/\\\/www.loire-gourmande.fr\\\/en\\\/product\\\/ptit-berton-2020-domaine-badiller\\\/\",\"name\":\"TOURAINE AZAY LE RIDEAU P'TIT BERTON DOMAINE BADILLER 20 - Loire Gourmande - a tasty stage\",\"isPartOf\":{\"@id\":\"https:\\\/\\\/www.loire-gourmande.fr\\\/en\\\/#website\"},\"primaryImageOfPage\":{\"@id\":\"https:\\\/\\\/www.loire-gourmande.fr\\\/en\\\/product\\\/ptit-berton-2020-domaine-badiller\\\/#primaryimage\"},\"image\":{\"@id\":\"https:\\\/\\\/www.loire-gourmande.fr\\\/en\\\/product\\\/ptit-berton-2020-domaine-badiller\\\/#primaryimage\"},\"thumbnailUrl\":\"https:\\\/\\\/www.loire-gourmande.fr\\\/wp-content\\\/uploads\\\/2023\\\/02\\\/Ptit-Berton-Badiller..png\",\"datePublished\":\"2023-02-18T16:06:34+00:00\",\"dateModified\":\"2025-05-27T15:19:40+00:00\",\"description\":\"TOURAINE AZAY LE RIDEAU P'TIT BERTON DOMAINE BADILLER 20. Loire Valley wines. Order from the Loire Gourmande website. Wine merchant in Turquant (49).\",\"breadcrumb\":{\"@id\":\"https:\\\/\\\/www.loire-gourmande.fr\\\/en\\\/product\\\/ptit-berton-2020-domaine-badiller\\\/#breadcrumb\"},\"inLanguage\":\"en-US\",\"potentialAction\":[{\"@type\":\"ReadAction\",\"target\":[\"https:\\\/\\\/www.loire-gourmande.fr\\\/en\\\/product\\\/ptit-berton-2020-domaine-badiller\\\/\"]}]},{\"@type\":\"ImageObject\",\"inLanguage\":\"en-US\",\"@id\":\"https:\\\/\\\/www.loire-gourmande.fr\\\/en\\\/product\\\/ptit-berton-2020-domaine-badiller\\\/#primaryimage\",\"url\":\"https:\\\/\\\/www.loire-gourmande.fr\\\/wp-content\\\/uploads\\\/2023\\\/02\\\/Ptit-Berton-Badiller..png\",\"contentUrl\":\"https:\\\/\\\/www.loire-gourmande.fr\\\/wp-content\\\/uploads\\\/2023\\\/02\\\/Ptit-Berton-Badiller..png\",\"width\":800,\"height\":800},{\"@type\":\"BreadcrumbList\",\"@id\":\"https:\\\/\\\/www.loire-gourmande.fr\\\/en\\\/product\\\/ptit-berton-2020-domaine-badiller\\\/#breadcrumb\",\"itemListElement\":[{\"@type\":\"ListItem\",\"position\":1,\"name\":\"Home\",\"item\":\"https:\\\/\\\/www.loire-gourmande.fr\\\/en\\\/\"},{\"@type\":\"ListItem\",\"position\":2,\"name\":\"The Boutique de Loire Gourmande: the wines of the Loire\",\"item\":\"https:\\\/\\\/www.loire-gourmande.fr\\\/en\\\/woocommerce\\\/\"},{\"@type\":\"ListItem\",\"position\":3,\"name\":\"Wines\",\"item\":\"https:\\\/\\\/www.loire-gourmande.fr\\\/en\\\/product-category\\\/wines\\\/\"},{\"@type\":\"ListItem\",\"position\":4,\"name\":\"Red wines\",\"item\":\"https:\\\/\\\/www.loire-gourmande.fr\\\/en\\\/product-category\\\/wines\\\/red-wines\\\/\"},{\"@type\":\"ListItem\",\"position\":5,\"name\":\"TOURAINE AZAY LE RIDEAU P&#8217;TIT BERTON DOMAINE BADILLER 20\"}]},{\"@type\":\"WebSite\",\"@id\":\"https:\\\/\\\/www.loire-gourmande.fr\\\/en\\\/#website\",\"url\":\"https:\\\/\\\/www.loire-gourmande.fr\\\/en\\\/\",\"name\":\"Loire Gourmande, une \u00e9tape savoureuse\",\"description\":\"a tasting session at any time and a shop to visit in Turquant (49)\\n\\n\\n\\n\\n\\n\\n\\n\",\"publisher\":{\"@id\":\"https:\\\/\\\/www.loire-gourmande.fr\\\/en\\\/#organization\"},\"potentialAction\":[{\"@type\":\"SearchAction\",\"target\":{\"@type\":\"EntryPoint\",\"urlTemplate\":\"https:\\\/\\\/www.loire-gourmande.fr\\\/en\\\/?s={search_term_string}\"},\"query-input\":{\"@type\":\"PropertyValueSpecification\",\"valueRequired\":true,\"valueName\":\"search_term_string\"}}],\"inLanguage\":\"en-US\"},{\"@type\":\"Organization\",\"@id\":\"https:\\\/\\\/www.loire-gourmande.fr\\\/en\\\/#organization\",\"name\":\"Loire Gourmande - restauration rapide et visite \u00e0 Turquant (49)\",\"url\":\"https:\\\/\\\/www.loire-gourmande.fr\\\/en\\\/\",\"logo\":{\"@type\":\"ImageObject\",\"inLanguage\":\"en-US\",\"@id\":\"https:\\\/\\\/www.loire-gourmande.fr\\\/en\\\/#\\\/schema\\\/logo\\\/image\\\/\",\"url\":\"https:\\\/\\\/www.loire-gourmande.fr\\\/wp-content\\\/uploads\\\/2020\\\/10\\\/loire-gourmande-logo.jpg\",\"contentUrl\":\"https:\\\/\\\/www.loire-gourmande.fr\\\/wp-content\\\/uploads\\\/2020\\\/10\\\/loire-gourmande-logo.jpg\",\"width\":800,\"height\":415,\"caption\":\"Loire Gourmande - restauration rapide et visite \u00e0 Turquant (49)\"},\"image\":{\"@id\":\"https:\\\/\\\/www.loire-gourmande.fr\\\/en\\\/#\\\/schema\\\/logo\\\/image\\\/\"},\"sameAs\":[\"https:\\\/\\\/www.facebook.com\\\/Loire-Gourmande-Turquant-101991328328493\\\/\",\"https:\\\/\\\/www.instagram.com\\\/jean_yves_auradon\\\/?igshid=1ta3mfjka326t\"]}]}<\/script>\n<!-- \/ Yoast SEO plugin. -->","yoast_head_json":{"title":"TOURAINE AZAY LE RIDEAU P'TIT BERTON DOMAINE BADILLER 20 - Loire Gourmande - a tasty stage","description":"TOURAINE AZAY LE RIDEAU P'TIT BERTON DOMAINE BADILLER 20. Loire Valley wines. Order from the Loire Gourmande website. Wine merchant in Turquant (49).","robots":{"index":"index","follow":"follow","max-snippet":"max-snippet:-1","max-image-preview":"max-image-preview:large","max-video-preview":"max-video-preview:-1"},"canonical":"https:\/\/www.loire-gourmande.fr\/en\/product\/ptit-berton-2020-domaine-badiller\/","og_locale":"en_US","og_type":"article","og_title":"TOURAINE AZAY LE RIDEAU P'TIT BERTON DOMAINE BADILLER 20 - Loire Gourmande - a tasty stage","og_description":"TOURAINE AZAY LE RIDEAU P'TIT BERTON DOMAINE BADILLER 20. Loire Valley wines. Order from the Loire Gourmande website. Wine merchant in Turquant (49).","og_url":"https:\/\/www.loire-gourmande.fr\/en\/product\/ptit-berton-2020-domaine-badiller\/","og_site_name":"Loire Gourmande - a tasty stage","article_publisher":"https:\/\/www.facebook.com\/Loire-Gourmande-Turquant-101991328328493\/","article_modified_time":"2025-05-27T15:19:40+00:00","og_image":[{"width":800,"height":800,"url":"https:\/\/www.loire-gourmande.fr\/wp-content\/uploads\/2023\/02\/Ptit-Berton-Badiller..png","type":"image\/png"}],"twitter_card":"summary_large_image","twitter_misc":{"Est. reading time":"1 minute"},"schema":{"@context":"https:\/\/schema.org","@graph":[{"@type":"WebPage","@id":"https:\/\/www.loire-gourmande.fr\/en\/product\/ptit-berton-2020-domaine-badiller\/","url":"https:\/\/www.loire-gourmande.fr\/en\/product\/ptit-berton-2020-domaine-badiller\/","name":"TOURAINE AZAY LE RIDEAU P'TIT BERTON DOMAINE BADILLER 20 - Loire Gourmande - a tasty stage","isPartOf":{"@id":"https:\/\/www.loire-gourmande.fr\/en\/#website"},"primaryImageOfPage":{"@id":"https:\/\/www.loire-gourmande.fr\/en\/product\/ptit-berton-2020-domaine-badiller\/#primaryimage"},"image":{"@id":"https:\/\/www.loire-gourmande.fr\/en\/product\/ptit-berton-2020-domaine-badiller\/#primaryimage"},"thumbnailUrl":"https:\/\/www.loire-gourmande.fr\/wp-content\/uploads\/2023\/02\/Ptit-Berton-Badiller..png","datePublished":"2023-02-18T16:06:34+00:00","dateModified":"2025-05-27T15:19:40+00:00","description":"TOURAINE AZAY LE RIDEAU P'TIT BERTON DOMAINE BADILLER 20. Loire Valley wines. Order from the Loire Gourmande website. Wine merchant in Turquant (49).","breadcrumb":{"@id":"https:\/\/www.loire-gourmande.fr\/en\/product\/ptit-berton-2020-domaine-badiller\/#breadcrumb"},"inLanguage":"en-US","potentialAction":[{"@type":"ReadAction","target":["https:\/\/www.loire-gourmande.fr\/en\/product\/ptit-berton-2020-domaine-badiller\/"]}]},{"@type":"ImageObject","inLanguage":"en-US","@id":"https:\/\/www.loire-gourmande.fr\/en\/product\/ptit-berton-2020-domaine-badiller\/#primaryimage","url":"https:\/\/www.loire-gourmande.fr\/wp-content\/uploads\/2023\/02\/Ptit-Berton-Badiller..png","contentUrl":"https:\/\/www.loire-gourmande.fr\/wp-content\/uploads\/2023\/02\/Ptit-Berton-Badiller..png","width":800,"height":800},{"@type":"BreadcrumbList","@id":"https:\/\/www.loire-gourmande.fr\/en\/product\/ptit-berton-2020-domaine-badiller\/#breadcrumb","itemListElement":[{"@type":"ListItem","position":1,"name":"Home","item":"https:\/\/www.loire-gourmande.fr\/en\/"},{"@type":"ListItem","position":2,"name":"The Boutique de Loire Gourmande: the wines of the Loire","item":"https:\/\/www.loire-gourmande.fr\/en\/woocommerce\/"},{"@type":"ListItem","position":3,"name":"Wines","item":"https:\/\/www.loire-gourmande.fr\/en\/product-category\/wines\/"},{"@type":"ListItem","position":4,"name":"Red wines","item":"https:\/\/www.loire-gourmande.fr\/en\/product-category\/wines\/red-wines\/"},{"@type":"ListItem","position":5,"name":"TOURAINE AZAY LE RIDEAU P&#8217;TIT BERTON DOMAINE BADILLER 20"}]},{"@type":"WebSite","@id":"https:\/\/www.loire-gourmande.fr\/en\/#website","url":"https:\/\/www.loire-gourmande.fr\/en\/","name":"Loire Gourmande, une \u00e9tape savoureuse","description":"a tasting session at any time and a shop to visit in Turquant (49)\n\n\n\n\n\n\n\n","publisher":{"@id":"https:\/\/www.loire-gourmande.fr\/en\/#organization"},"potentialAction":[{"@type":"SearchAction","target":{"@type":"EntryPoint","urlTemplate":"https:\/\/www.loire-gourmande.fr\/en\/?s={search_term_string}"},"query-input":{"@type":"PropertyValueSpecification","valueRequired":true,"valueName":"search_term_string"}}],"inLanguage":"en-US"},{"@type":"Organization","@id":"https:\/\/www.loire-gourmande.fr\/en\/#organization","name":"Loire Gourmande - restauration rapide et visite \u00e0 Turquant (49)","url":"https:\/\/www.loire-gourmande.fr\/en\/","logo":{"@type":"ImageObject","inLanguage":"en-US","@id":"https:\/\/www.loire-gourmande.fr\/en\/#\/schema\/logo\/image\/","url":"https:\/\/www.loire-gourmande.fr\/wp-content\/uploads\/2020\/10\/loire-gourmande-logo.jpg","contentUrl":"https:\/\/www.loire-gourmande.fr\/wp-content\/uploads\/2020\/10\/loire-gourmande-logo.jpg","width":800,"height":415,"caption":"Loire Gourmande - restauration rapide et visite \u00e0 Turquant (49)"},"image":{"@id":"https:\/\/www.loire-gourmande.fr\/en\/#\/schema\/logo\/image\/"},"sameAs":["https:\/\/www.facebook.com\/Loire-Gourmande-Turquant-101991328328493\/","https:\/\/www.instagram.com\/jean_yves_auradon\/?igshid=1ta3mfjka326t"]}]}},"_links":{"self":[{"href":"https:\/\/www.loire-gourmande.fr\/en\/wp-json\/wp\/v2\/product\/7634","targetHints":{"allow":["GET"]}}],"collection":[{"href":"https:\/\/www.loire-gourmande.fr\/en\/wp-json\/wp\/v2\/product"}],"about":[{"href":"https:\/\/www.loire-gourmande.fr\/en\/wp-json\/wp\/v2\/types\/product"}],"version-history":[{"count":6,"href":"https:\/\/www.loire-gourmande.fr\/en\/wp-json\/wp\/v2\/product\/7634\/revisions"}],"predecessor-version":[{"id":13055,"href":"https:\/\/www.loire-gourmande.fr\/en\/wp-json\/wp\/v2\/product\/7634\/revisions\/13055"}],"wp:featuredmedia":[{"embeddable":true,"href":"https:\/\/www.loire-gourmande.fr\/en\/wp-json\/wp\/v2\/media\/6984"}],"wp:attachment":[{"href":"https:\/\/www.loire-gourmande.fr\/en\/wp-json\/wp\/v2\/media?parent=7634"}],"wp:term":[{"taxonomy":"product_brand","embeddable":true,"href":"https:\/\/www.loire-gourmande.fr\/en\/wp-json\/wp\/v2\/product_brand?post=7634"},{"taxonomy":"product_cat","embeddable":true,"href":"https:\/\/www.loire-gourmande.fr\/en\/wp-json\/wp\/v2\/product_cat?post=7634"},{"taxonomy":"product_tag","embeddable":true,"href":"https:\/\/www.loire-gourmande.fr\/en\/wp-json\/wp\/v2\/product_tag?post=7634"}],"curies":[{"name":"wp","href":"https:\/\/api.w.org\/{rel}","templated":true}]}}