{"id":7658,"date":"2021-04-29T10:05:57","date_gmt":"2021-04-29T10:05:57","guid":{"rendered":"https:\/\/www.loire-gourmande.fr\/produit\/cotes-roannaises-domaine-vial-dpo-rouge-cuvee-decouverte\/"},"modified":"2025-05-27T16:31:19","modified_gmt":"2025-05-27T15:31:19","slug":"cotes-roannaises-domaine-vial-dpo-rouge-cuvee-decouverte","status":"publish","type":"product","link":"https:\/\/www.loire-gourmande.fr\/en\/product\/cotes-roannaises-domaine-vial-dpo-rouge-cuvee-decouverte\/","title":{"rendered":"C\u00d4TES ROANNAISES DOMAINE VIAL DPO ROUGE cuv\u00e9e d\u00e9couverte"},"content":{"rendered":"<div>\n<p><strong>C\u00c9PAGE<\/strong> &#8211; Gamay Saint-Romain<br \/>\n<strong>TERROIR<\/strong> &#8211; Soils composed mainly of sand and granite, where the Gamay grape thrives.<br \/>\n<strong>VINIFICATION<\/strong> &#8211; Vinification lasts between 6 and 7 days and produces a supple, easy-drinking wine with soft tannins. Preserved in stainless steel vats before bottling, it retains all its freshness and aromas.<\/p>\n<p><strong>To the eye:<\/strong> A limpid wine with deep colours and violet highlights.<br \/>\n<strong>Nose:<\/strong> Its aromatic complexity is based essentially on red fruit aromas with hints of kirsch and peony. <b><i>Vin Epic\u00e9 | Floral | Fruit\u00e9.<br \/>\n<\/i><\/b><strong>The palate:<\/strong> Its supple, easy-drinking structure enhances its aromas. It is above all a wine for pleasure. <b><i>Fruity wine | Gouleyant | Supple<\/i><\/b><\/p>\n<\/div>\n<p style=\"font-weight: 400;\"><strong>Food &amp; Wine Pairings<br \/>\n<\/strong>Aperitif serve chilled &#8211; on an assortment of charcuterieStarters: Lyonnaise<strong><br \/>\nsalad Meats: White meats<\/strong> and grilled meats<br \/>\n<strong>Fish &amp; seafood:<\/strong> Tuna<br \/>\n steak<strong>Vegetables:<\/strong> Tian of vegetables with vines<br \/>\n<strong>Cheeses:<\/strong> Country<br \/>\n cheese<strong>Desserts:<\/strong> Dark chocolate<\/p>\n<p>A fresh, fruity Gamay on your summer terrace tables.<\/p>\n<p>Its supple, easy-drinking structure enhances its tangy red fruit aromas.<\/p>\n","protected":false},"excerpt":{"rendered":"<p><span class=\"h3-title times-new-roman-important font_italic\">Appellation:<\/span> <strong>C\u00f4te-Roannaise<br \/>\n<\/strong> The C\u00f4te-Roannaise appellation is part of the Loire Valley region of France, which is home to Domaine Vial and its 7 cuv\u00e9es. Spread over 70,000 ha, this region produces 4 million hectolitres\/year<br \/>\nDomaine Vial is an estate located in the Loire Valley region of France, and which produces 7 wines from winegrowing families on both the paternal and maternal side, Philippe and Jean-Marie Vial have inherited the pleasure of wine and the cultivation of vines. So it was a natural step for them to take over the estate, which has been in the family for several generations and has evolved over the years. The two brothers now cultivate 10 hectares of vines in the C\u00f4te Roannaise (9 hectares of Gamay, and 1 hectare of Chardonnay and Viogner, white grape varieties). Since taking over the estate some twenty years ago, Philippe and Jean-Marie have constantly restructured and modernised their vineyard. Notably by selecting and grouping vineyard blocks by terroir, in particular by restarting and replanting vines on the prestigious Bouth\u00e9ran hillside, with its exceptional exposure and terroir. But also with the construction in 2003 of a vat room for vinification and ageing of the wines, and the renewal of their vinification equipment (vat, cooling unit, destemmer, press, harvest lift, etc.). With the restructuring of the vineyard parcels now complete, no major changes are planned for the coming years, apart from the replanting of a parcel of vines on the Bouth\u00e9ran hillside in AOC C\u00f4te Roannaise, and the extension of the parcel planted with Viogner classified as Vin de Pays d&#8217;Urf\u00e9. An extension to the winery is also planned, with the construction of a tasting cellar to welcome customers in even more comfortable conditions.<\/p>\n","protected":false},"featured_media":9800,"template":"","meta":{"inline_featured_image":false},"product_brand":[],"product_cat":[335,343,333],"product_tag":[374,378,362,360,352],"class_list":{"0":"post-7658","1":"product","2":"type-product","3":"status-publish","4":"has-post-thumbnail","6":"product_cat-auvergne-en","7":"product_cat-red-wines","8":"product_cat-wines","9":"product_tag-cheese","10":"product_tag-input","11":"product_tag-meat","12":"product_tag-summer","13":"product_tag-wine","14":"product_shipping_class-bottle","16":"first","17":"instock","18":"featured","19":"taxable","20":"shipping-taxable","21":"purchasable","22":"product-type-simple"},"yoast_head":"<!-- This site is optimized with the Yoast SEO plugin v27.6 - https:\/\/yoast.com\/product\/yoast-seo-wordpress\/ -->\n<title>C\u00d4TES ROANNAISES DOMAINE VIAL DPO ROUGE cuv\u00e9e d\u00e9couverte - Loire Gourmande - a tasty stage<\/title>\n<meta name=\"description\" content=\"C\u00d4TES ROANNAISES DOMAINE VIAL AOP ROUGE cuv\u00e9e d\u00e9couverte. Loire Valley wine. Order from the Loire Gourmande website. Wine merchant in Turquant (49).\" \/>\n<meta name=\"robots\" content=\"index, follow, max-snippet:-1, max-image-preview:large, max-video-preview:-1\" \/>\n<link rel=\"canonical\" href=\"https:\/\/www.loire-gourmande.fr\/en\/product\/cotes-roannaises-domaine-vial-dpo-rouge-cuvee-decouverte\/\" \/>\n<meta property=\"og:locale\" content=\"en_US\" \/>\n<meta property=\"og:type\" content=\"article\" \/>\n<meta property=\"og:title\" content=\"C\u00d4TES ROANNAISES DOMAINE VIAL DPO ROUGE cuv\u00e9e d\u00e9couverte - Loire Gourmande - a tasty stage\" \/>\n<meta property=\"og:description\" content=\"C\u00d4TES ROANNAISES DOMAINE VIAL AOP ROUGE cuv\u00e9e d\u00e9couverte. Loire Valley wine. Order from the Loire Gourmande website. Wine merchant in Turquant (49).\" \/>\n<meta property=\"og:url\" content=\"https:\/\/www.loire-gourmande.fr\/en\/product\/cotes-roannaises-domaine-vial-dpo-rouge-cuvee-decouverte\/\" \/>\n<meta property=\"og:site_name\" content=\"Loire Gourmande - a tasty stage\" \/>\n<meta property=\"article:publisher\" content=\"https:\/\/www.facebook.com\/Loire-Gourmande-Turquant-101991328328493\/\" \/>\n<meta property=\"article:modified_time\" content=\"2025-05-27T15:31:19+00:00\" \/>\n<meta property=\"og:image\" content=\"https:\/\/www.loire-gourmande.fr\/wp-content\/uploads\/2021\/04\/Vial-Decouverte.jpg\" \/>\n\t<meta property=\"og:image:width\" content=\"800\" \/>\n\t<meta property=\"og:image:height\" content=\"800\" \/>\n\t<meta property=\"og:image:type\" content=\"image\/jpeg\" \/>\n<meta name=\"twitter:card\" content=\"summary_large_image\" \/>\n<meta name=\"twitter:label1\" content=\"Est. reading time\" \/>\n\t<meta name=\"twitter:data1\" content=\"1 minute\" \/>\n<script type=\"application\/ld+json\" class=\"yoast-schema-graph\">{\"@context\":\"https:\\\/\\\/schema.org\",\"@graph\":[{\"@type\":\"WebPage\",\"@id\":\"https:\\\/\\\/www.loire-gourmande.fr\\\/en\\\/product\\\/cotes-roannaises-domaine-vial-dpo-rouge-cuvee-decouverte\\\/\",\"url\":\"https:\\\/\\\/www.loire-gourmande.fr\\\/en\\\/product\\\/cotes-roannaises-domaine-vial-dpo-rouge-cuvee-decouverte\\\/\",\"name\":\"C\u00d4TES ROANNAISES DOMAINE VIAL DPO ROUGE cuv\u00e9e d\u00e9couverte - Loire Gourmande - a tasty stage\",\"isPartOf\":{\"@id\":\"https:\\\/\\\/www.loire-gourmande.fr\\\/en\\\/#website\"},\"primaryImageOfPage\":{\"@id\":\"https:\\\/\\\/www.loire-gourmande.fr\\\/en\\\/product\\\/cotes-roannaises-domaine-vial-dpo-rouge-cuvee-decouverte\\\/#primaryimage\"},\"image\":{\"@id\":\"https:\\\/\\\/www.loire-gourmande.fr\\\/en\\\/product\\\/cotes-roannaises-domaine-vial-dpo-rouge-cuvee-decouverte\\\/#primaryimage\"},\"thumbnailUrl\":\"https:\\\/\\\/www.loire-gourmande.fr\\\/wp-content\\\/uploads\\\/2021\\\/04\\\/Vial-Decouverte.jpg\",\"datePublished\":\"2021-04-29T10:05:57+00:00\",\"dateModified\":\"2025-05-27T15:31:19+00:00\",\"description\":\"C\u00d4TES ROANNAISES DOMAINE VIAL AOP ROUGE cuv\u00e9e d\u00e9couverte. Loire Valley wine. Order from the Loire Gourmande website. Wine merchant in Turquant (49).\",\"breadcrumb\":{\"@id\":\"https:\\\/\\\/www.loire-gourmande.fr\\\/en\\\/product\\\/cotes-roannaises-domaine-vial-dpo-rouge-cuvee-decouverte\\\/#breadcrumb\"},\"inLanguage\":\"en-US\",\"potentialAction\":[{\"@type\":\"ReadAction\",\"target\":[\"https:\\\/\\\/www.loire-gourmande.fr\\\/en\\\/product\\\/cotes-roannaises-domaine-vial-dpo-rouge-cuvee-decouverte\\\/\"]}]},{\"@type\":\"ImageObject\",\"inLanguage\":\"en-US\",\"@id\":\"https:\\\/\\\/www.loire-gourmande.fr\\\/en\\\/product\\\/cotes-roannaises-domaine-vial-dpo-rouge-cuvee-decouverte\\\/#primaryimage\",\"url\":\"https:\\\/\\\/www.loire-gourmande.fr\\\/wp-content\\\/uploads\\\/2021\\\/04\\\/Vial-Decouverte.jpg\",\"contentUrl\":\"https:\\\/\\\/www.loire-gourmande.fr\\\/wp-content\\\/uploads\\\/2021\\\/04\\\/Vial-Decouverte.jpg\",\"width\":800,\"height\":800},{\"@type\":\"BreadcrumbList\",\"@id\":\"https:\\\/\\\/www.loire-gourmande.fr\\\/en\\\/product\\\/cotes-roannaises-domaine-vial-dpo-rouge-cuvee-decouverte\\\/#breadcrumb\",\"itemListElement\":[{\"@type\":\"ListItem\",\"position\":1,\"name\":\"Home\",\"item\":\"https:\\\/\\\/www.loire-gourmande.fr\\\/en\\\/\"},{\"@type\":\"ListItem\",\"position\":2,\"name\":\"The Boutique de Loire Gourmande: the wines of the Loire\",\"item\":\"https:\\\/\\\/www.loire-gourmande.fr\\\/en\\\/woocommerce\\\/\"},{\"@type\":\"ListItem\",\"position\":3,\"name\":\"Wines\",\"item\":\"https:\\\/\\\/www.loire-gourmande.fr\\\/en\\\/product-category\\\/wines\\\/\"},{\"@type\":\"ListItem\",\"position\":4,\"name\":\"Auvergne\",\"item\":\"https:\\\/\\\/www.loire-gourmande.fr\\\/en\\\/product-category\\\/wines\\\/auvergne-en\\\/\"},{\"@type\":\"ListItem\",\"position\":5,\"name\":\"C\u00d4TES ROANNAISES DOMAINE VIAL DPO ROUGE cuv\u00e9e d\u00e9couverte\"}]},{\"@type\":\"WebSite\",\"@id\":\"https:\\\/\\\/www.loire-gourmande.fr\\\/en\\\/#website\",\"url\":\"https:\\\/\\\/www.loire-gourmande.fr\\\/en\\\/\",\"name\":\"Loire Gourmande, une \u00e9tape savoureuse\",\"description\":\"a tasting session at any time and a shop to visit in Turquant (49)\\n\\n\\n\\n\\n\\n\\n\\n\",\"publisher\":{\"@id\":\"https:\\\/\\\/www.loire-gourmande.fr\\\/en\\\/#organization\"},\"potentialAction\":[{\"@type\":\"SearchAction\",\"target\":{\"@type\":\"EntryPoint\",\"urlTemplate\":\"https:\\\/\\\/www.loire-gourmande.fr\\\/en\\\/?s={search_term_string}\"},\"query-input\":{\"@type\":\"PropertyValueSpecification\",\"valueRequired\":true,\"valueName\":\"search_term_string\"}}],\"inLanguage\":\"en-US\"},{\"@type\":\"Organization\",\"@id\":\"https:\\\/\\\/www.loire-gourmande.fr\\\/en\\\/#organization\",\"name\":\"Loire Gourmande - restauration rapide et visite \u00e0 Turquant (49)\",\"url\":\"https:\\\/\\\/www.loire-gourmande.fr\\\/en\\\/\",\"logo\":{\"@type\":\"ImageObject\",\"inLanguage\":\"en-US\",\"@id\":\"https:\\\/\\\/www.loire-gourmande.fr\\\/en\\\/#\\\/schema\\\/logo\\\/image\\\/\",\"url\":\"https:\\\/\\\/www.loire-gourmande.fr\\\/wp-content\\\/uploads\\\/2020\\\/10\\\/loire-gourmande-logo.jpg\",\"contentUrl\":\"https:\\\/\\\/www.loire-gourmande.fr\\\/wp-content\\\/uploads\\\/2020\\\/10\\\/loire-gourmande-logo.jpg\",\"width\":800,\"height\":415,\"caption\":\"Loire Gourmande - restauration rapide et visite \u00e0 Turquant (49)\"},\"image\":{\"@id\":\"https:\\\/\\\/www.loire-gourmande.fr\\\/en\\\/#\\\/schema\\\/logo\\\/image\\\/\"},\"sameAs\":[\"https:\\\/\\\/www.facebook.com\\\/Loire-Gourmande-Turquant-101991328328493\\\/\",\"https:\\\/\\\/www.instagram.com\\\/jean_yves_auradon\\\/?igshid=1ta3mfjka326t\"]}]}<\/script>\n<!-- \/ Yoast SEO plugin. -->","yoast_head_json":{"title":"C\u00d4TES ROANNAISES DOMAINE VIAL DPO ROUGE cuv\u00e9e d\u00e9couverte - Loire Gourmande - a tasty stage","description":"C\u00d4TES ROANNAISES DOMAINE VIAL AOP ROUGE cuv\u00e9e d\u00e9couverte. Loire Valley wine. Order from the Loire Gourmande website. Wine merchant in Turquant (49).","robots":{"index":"index","follow":"follow","max-snippet":"max-snippet:-1","max-image-preview":"max-image-preview:large","max-video-preview":"max-video-preview:-1"},"canonical":"https:\/\/www.loire-gourmande.fr\/en\/product\/cotes-roannaises-domaine-vial-dpo-rouge-cuvee-decouverte\/","og_locale":"en_US","og_type":"article","og_title":"C\u00d4TES ROANNAISES DOMAINE VIAL DPO ROUGE cuv\u00e9e d\u00e9couverte - Loire Gourmande - a tasty stage","og_description":"C\u00d4TES ROANNAISES DOMAINE VIAL AOP ROUGE cuv\u00e9e d\u00e9couverte. Loire Valley wine. Order from the Loire Gourmande website. Wine merchant in Turquant (49).","og_url":"https:\/\/www.loire-gourmande.fr\/en\/product\/cotes-roannaises-domaine-vial-dpo-rouge-cuvee-decouverte\/","og_site_name":"Loire Gourmande - a tasty stage","article_publisher":"https:\/\/www.facebook.com\/Loire-Gourmande-Turquant-101991328328493\/","article_modified_time":"2025-05-27T15:31:19+00:00","og_image":[{"width":800,"height":800,"url":"https:\/\/www.loire-gourmande.fr\/wp-content\/uploads\/2021\/04\/Vial-Decouverte.jpg","type":"image\/jpeg"}],"twitter_card":"summary_large_image","twitter_misc":{"Est. reading time":"1 minute"},"schema":{"@context":"https:\/\/schema.org","@graph":[{"@type":"WebPage","@id":"https:\/\/www.loire-gourmande.fr\/en\/product\/cotes-roannaises-domaine-vial-dpo-rouge-cuvee-decouverte\/","url":"https:\/\/www.loire-gourmande.fr\/en\/product\/cotes-roannaises-domaine-vial-dpo-rouge-cuvee-decouverte\/","name":"C\u00d4TES ROANNAISES DOMAINE VIAL DPO ROUGE cuv\u00e9e d\u00e9couverte - Loire Gourmande - a tasty stage","isPartOf":{"@id":"https:\/\/www.loire-gourmande.fr\/en\/#website"},"primaryImageOfPage":{"@id":"https:\/\/www.loire-gourmande.fr\/en\/product\/cotes-roannaises-domaine-vial-dpo-rouge-cuvee-decouverte\/#primaryimage"},"image":{"@id":"https:\/\/www.loire-gourmande.fr\/en\/product\/cotes-roannaises-domaine-vial-dpo-rouge-cuvee-decouverte\/#primaryimage"},"thumbnailUrl":"https:\/\/www.loire-gourmande.fr\/wp-content\/uploads\/2021\/04\/Vial-Decouverte.jpg","datePublished":"2021-04-29T10:05:57+00:00","dateModified":"2025-05-27T15:31:19+00:00","description":"C\u00d4TES ROANNAISES DOMAINE VIAL AOP ROUGE cuv\u00e9e d\u00e9couverte. Loire Valley wine. Order from the Loire Gourmande website. Wine merchant in Turquant (49).","breadcrumb":{"@id":"https:\/\/www.loire-gourmande.fr\/en\/product\/cotes-roannaises-domaine-vial-dpo-rouge-cuvee-decouverte\/#breadcrumb"},"inLanguage":"en-US","potentialAction":[{"@type":"ReadAction","target":["https:\/\/www.loire-gourmande.fr\/en\/product\/cotes-roannaises-domaine-vial-dpo-rouge-cuvee-decouverte\/"]}]},{"@type":"ImageObject","inLanguage":"en-US","@id":"https:\/\/www.loire-gourmande.fr\/en\/product\/cotes-roannaises-domaine-vial-dpo-rouge-cuvee-decouverte\/#primaryimage","url":"https:\/\/www.loire-gourmande.fr\/wp-content\/uploads\/2021\/04\/Vial-Decouverte.jpg","contentUrl":"https:\/\/www.loire-gourmande.fr\/wp-content\/uploads\/2021\/04\/Vial-Decouverte.jpg","width":800,"height":800},{"@type":"BreadcrumbList","@id":"https:\/\/www.loire-gourmande.fr\/en\/product\/cotes-roannaises-domaine-vial-dpo-rouge-cuvee-decouverte\/#breadcrumb","itemListElement":[{"@type":"ListItem","position":1,"name":"Home","item":"https:\/\/www.loire-gourmande.fr\/en\/"},{"@type":"ListItem","position":2,"name":"The Boutique de Loire Gourmande: the wines of the Loire","item":"https:\/\/www.loire-gourmande.fr\/en\/woocommerce\/"},{"@type":"ListItem","position":3,"name":"Wines","item":"https:\/\/www.loire-gourmande.fr\/en\/product-category\/wines\/"},{"@type":"ListItem","position":4,"name":"Auvergne","item":"https:\/\/www.loire-gourmande.fr\/en\/product-category\/wines\/auvergne-en\/"},{"@type":"ListItem","position":5,"name":"C\u00d4TES ROANNAISES DOMAINE VIAL DPO ROUGE cuv\u00e9e d\u00e9couverte"}]},{"@type":"WebSite","@id":"https:\/\/www.loire-gourmande.fr\/en\/#website","url":"https:\/\/www.loire-gourmande.fr\/en\/","name":"Loire Gourmande, une \u00e9tape savoureuse","description":"a tasting session at any time and a shop to visit in Turquant (49)\n\n\n\n\n\n\n\n","publisher":{"@id":"https:\/\/www.loire-gourmande.fr\/en\/#organization"},"potentialAction":[{"@type":"SearchAction","target":{"@type":"EntryPoint","urlTemplate":"https:\/\/www.loire-gourmande.fr\/en\/?s={search_term_string}"},"query-input":{"@type":"PropertyValueSpecification","valueRequired":true,"valueName":"search_term_string"}}],"inLanguage":"en-US"},{"@type":"Organization","@id":"https:\/\/www.loire-gourmande.fr\/en\/#organization","name":"Loire Gourmande - restauration rapide et visite \u00e0 Turquant (49)","url":"https:\/\/www.loire-gourmande.fr\/en\/","logo":{"@type":"ImageObject","inLanguage":"en-US","@id":"https:\/\/www.loire-gourmande.fr\/en\/#\/schema\/logo\/image\/","url":"https:\/\/www.loire-gourmande.fr\/wp-content\/uploads\/2020\/10\/loire-gourmande-logo.jpg","contentUrl":"https:\/\/www.loire-gourmande.fr\/wp-content\/uploads\/2020\/10\/loire-gourmande-logo.jpg","width":800,"height":415,"caption":"Loire Gourmande - restauration rapide et visite \u00e0 Turquant (49)"},"image":{"@id":"https:\/\/www.loire-gourmande.fr\/en\/#\/schema\/logo\/image\/"},"sameAs":["https:\/\/www.facebook.com\/Loire-Gourmande-Turquant-101991328328493\/","https:\/\/www.instagram.com\/jean_yves_auradon\/?igshid=1ta3mfjka326t"]}]}},"_links":{"self":[{"href":"https:\/\/www.loire-gourmande.fr\/en\/wp-json\/wp\/v2\/product\/7658","targetHints":{"allow":["GET"]}}],"collection":[{"href":"https:\/\/www.loire-gourmande.fr\/en\/wp-json\/wp\/v2\/product"}],"about":[{"href":"https:\/\/www.loire-gourmande.fr\/en\/wp-json\/wp\/v2\/types\/product"}],"version-history":[{"count":3,"href":"https:\/\/www.loire-gourmande.fr\/en\/wp-json\/wp\/v2\/product\/7658\/revisions"}],"predecessor-version":[{"id":13217,"href":"https:\/\/www.loire-gourmande.fr\/en\/wp-json\/wp\/v2\/product\/7658\/revisions\/13217"}],"wp:featuredmedia":[{"embeddable":true,"href":"https:\/\/www.loire-gourmande.fr\/en\/wp-json\/wp\/v2\/media\/9800"}],"wp:attachment":[{"href":"https:\/\/www.loire-gourmande.fr\/en\/wp-json\/wp\/v2\/media?parent=7658"}],"wp:term":[{"taxonomy":"product_brand","embeddable":true,"href":"https:\/\/www.loire-gourmande.fr\/en\/wp-json\/wp\/v2\/product_brand?post=7658"},{"taxonomy":"product_cat","embeddable":true,"href":"https:\/\/www.loire-gourmande.fr\/en\/wp-json\/wp\/v2\/product_cat?post=7658"},{"taxonomy":"product_tag","embeddable":true,"href":"https:\/\/www.loire-gourmande.fr\/en\/wp-json\/wp\/v2\/product_tag?post=7658"}],"curies":[{"name":"wp","href":"https:\/\/api.w.org\/{rel}","templated":true}]}}