{"id":7675,"date":"2021-04-29T10:05:57","date_gmt":"2021-04-29T10:05:57","guid":{"rendered":"https:\/\/www.loire-gourmande.fr\/produit\/chateaugay-dpo-cotes-dauvergne-red-vieilles-vignes-domaine-rougeyron\/"},"modified":"2025-05-27T16:31:08","modified_gmt":"2025-05-27T15:31:08","slug":"chateaugay-dpo-cotes-dauvergne-red-vieilles-vignes-domaine-rougeyron","status":"publish","type":"product","link":"https:\/\/www.loire-gourmande.fr\/en\/product\/chateaugay-dpo-cotes-dauvergne-red-vieilles-vignes-domaine-rougeyron\/","title":{"rendered":"CH\u00c2TEAUGAY DPO C\u00d4TES D&#8217;AUVERGNE RED VIEILLES VIGNES DOMAINE ROUGEYRON"},"content":{"rendered":"<p style=\"font-weight: 400;\"><strong>Estate:<\/strong> Domaine Rougeyron <strong><br \/>\n<\/strong><strong>Grape variety :<\/strong> Gamay noir<strong><br \/>\n<\/strong><strong>Region\/Appellation :<\/strong> Puy-de-Dome<strong><br \/>\n<\/strong><strong>Great wine region:<\/strong> Vin de Pays<strong><br \/>\n<\/strong><strong>Country:<\/strong> France <strong><br \/>\n<\/strong><strong>Wine style :<\/strong> Red<strong><br \/>\n<\/strong><strong>Allergens: <\/strong>Contains sulphites<br \/>\nMade from 80-year-old vines, this C\u00f4tes d&#8217;Auvergne is a pure Gamay. Generous, with hints of spice and caramelized fruit, it has a long finish. It&#8217;s not for nothing that it has won medals at the Concours G\u00e9n\u00e9ral Agricole in Paris for 4 consecutive years. David, a child of the vineyards, has taken over the family estate, preserving the historic production methods. Its C\u00f4tes de Ch\u00e2teaugay wines cater for all tastes (amateurs and connoisseurs alike), with medal-winning vintages in all colours. Break the rules and match your dishes with the colour of the wine you like. The wedding is surprising, but above all it&#8217;s ideal for enjoying with family or friends.<br \/>\n<strong><span style=\"font-size: 12pt;\">Food &amp; wine<\/span><\/strong><br \/>\n pairingFor himself as an aperitif with friends with a good sausage with game terrines and galantines, to accompany game birds and wild boar. And to go with Auvergne cheeses<\/p>\n","protected":false},"excerpt":{"rendered":"<p>Domaine Rougeyron is located in the Auvergne region, 10 kilometres from Clermont-Ferrand, on the edge of the village of Ch\u00e2teaugay near Volvic. The Rougeyron family is part of Ch\u00e2teaugay&#8217;s heritage. In a cellar carved into the rock, under the hillside of La Crouzette, Roland Rougeyron makes his wines of the C\u00f4tes d&#8217;Auvergne Ch\u00e2teaugay appellation.<br \/>\n20 hectares of vines facing south and east, planted at an altitude of 400 metres on soils composed of scree and volcanic ash on a limestone bedrock. Some are between 50 and 80 years old.<br \/>\nThe harvest is manual.  The wines are matured in stainless steel vats or oak barrels for certain cuv\u00e9es.<\/p>\n<p><span style=\"font-size: 18pt;\"><em><strong> <\/strong><\/em><\/span><\/p>\n","protected":false},"featured_media":14384,"template":"","meta":{"inline_featured_image":false},"product_brand":[],"product_cat":[335,343,333],"product_tag":[354,378,360,352],"class_list":{"0":"post-7675","1":"product","2":"type-product","3":"status-publish","4":"has-post-thumbnail","6":"product_cat-auvergne-en","7":"product_cat-red-wines","8":"product_cat-wines","9":"product_tag-aperitif-en","10":"product_tag-input","11":"product_tag-summer","12":"product_tag-wine","13":"product_shipping_class-bottle","15":"first","16":"instock","17":"featured","18":"taxable","19":"shipping-taxable","20":"purchasable","21":"product-type-simple"},"yoast_head":"<!-- This site is optimized with the Yoast SEO plugin v27.6 - https:\/\/yoast.com\/product\/yoast-seo-wordpress\/ -->\n<title>CH\u00c2TEAUGAY DPO C\u00d4TES D&#039;AUVERGNE RED VIEILLES VIGNES DOMAINE ROUGEYRON - Loire Gourmande - a tasty stage<\/title>\n<meta name=\"description\" content=\"AOP C\u00d4TES D&#039;AUVERGNE VIEILLES VIGNES DOMAINE ROUGEYRON. Loire Valley wine. Order from the Loire Gourmande website. Wine merchant in Turquant (49).\" \/>\n<meta name=\"robots\" content=\"index, follow, max-snippet:-1, max-image-preview:large, max-video-preview:-1\" \/>\n<link rel=\"canonical\" href=\"https:\/\/www.loire-gourmande.fr\/en\/product\/chateaugay-dpo-cotes-dauvergne-red-vieilles-vignes-domaine-rougeyron\/\" \/>\n<meta property=\"og:locale\" content=\"en_US\" \/>\n<meta property=\"og:type\" content=\"article\" \/>\n<meta property=\"og:title\" content=\"CH\u00c2TEAUGAY DPO C\u00d4TES D&#039;AUVERGNE RED VIEILLES VIGNES DOMAINE ROUGEYRON - Loire Gourmande - a tasty stage\" \/>\n<meta property=\"og:description\" content=\"AOP C\u00d4TES D&#039;AUVERGNE VIEILLES VIGNES DOMAINE ROUGEYRON. Loire Valley wine. Order from the Loire Gourmande website. Wine merchant in Turquant (49).\" \/>\n<meta property=\"og:url\" content=\"https:\/\/www.loire-gourmande.fr\/en\/product\/chateaugay-dpo-cotes-dauvergne-red-vieilles-vignes-domaine-rougeyron\/\" \/>\n<meta property=\"og:site_name\" content=\"Loire Gourmande - a tasty stage\" \/>\n<meta property=\"article:publisher\" content=\"https:\/\/www.facebook.com\/Loire-Gourmande-Turquant-101991328328493\/\" \/>\n<meta property=\"article:modified_time\" content=\"2025-05-27T15:31:08+00:00\" \/>\n<meta property=\"og:image\" content=\"https:\/\/www.loire-gourmande.fr\/wp-content\/uploads\/2021\/04\/5COTAUVCHAVIEVIGROU19RGE-Rouge-Cotes-d-Auvergne-Vielles-Vignes-Chateaugay-Rougeyron-2019-.png\" \/>\n\t<meta property=\"og:image:width\" content=\"1200\" \/>\n\t<meta property=\"og:image:height\" content=\"1200\" \/>\n\t<meta property=\"og:image:type\" content=\"image\/png\" \/>\n<meta name=\"twitter:card\" content=\"summary_large_image\" \/>\n<meta name=\"twitter:label1\" content=\"Est. reading time\" \/>\n\t<meta name=\"twitter:data1\" content=\"1 minute\" \/>\n<script type=\"application\/ld+json\" class=\"yoast-schema-graph\">{\"@context\":\"https:\\\/\\\/schema.org\",\"@graph\":[{\"@type\":\"WebPage\",\"@id\":\"https:\\\/\\\/www.loire-gourmande.fr\\\/en\\\/product\\\/chateaugay-dpo-cotes-dauvergne-red-vieilles-vignes-domaine-rougeyron\\\/\",\"url\":\"https:\\\/\\\/www.loire-gourmande.fr\\\/en\\\/product\\\/chateaugay-dpo-cotes-dauvergne-red-vieilles-vignes-domaine-rougeyron\\\/\",\"name\":\"CH\u00c2TEAUGAY DPO C\u00d4TES D'AUVERGNE RED VIEILLES VIGNES DOMAINE ROUGEYRON - Loire Gourmande - a tasty stage\",\"isPartOf\":{\"@id\":\"https:\\\/\\\/www.loire-gourmande.fr\\\/en\\\/#website\"},\"primaryImageOfPage\":{\"@id\":\"https:\\\/\\\/www.loire-gourmande.fr\\\/en\\\/product\\\/chateaugay-dpo-cotes-dauvergne-red-vieilles-vignes-domaine-rougeyron\\\/#primaryimage\"},\"image\":{\"@id\":\"https:\\\/\\\/www.loire-gourmande.fr\\\/en\\\/product\\\/chateaugay-dpo-cotes-dauvergne-red-vieilles-vignes-domaine-rougeyron\\\/#primaryimage\"},\"thumbnailUrl\":\"https:\\\/\\\/www.loire-gourmande.fr\\\/wp-content\\\/uploads\\\/2021\\\/04\\\/Capture-decran-2026-01-27-a-10.58.32.png\",\"datePublished\":\"2021-04-29T10:05:57+00:00\",\"dateModified\":\"2025-05-27T15:31:08+00:00\",\"description\":\"AOP C\u00d4TES D'AUVERGNE VIEILLES VIGNES DOMAINE ROUGEYRON. Loire Valley wine. Order from the Loire Gourmande website. Wine merchant in Turquant (49).\",\"breadcrumb\":{\"@id\":\"https:\\\/\\\/www.loire-gourmande.fr\\\/en\\\/product\\\/chateaugay-dpo-cotes-dauvergne-red-vieilles-vignes-domaine-rougeyron\\\/#breadcrumb\"},\"inLanguage\":\"en-US\",\"potentialAction\":[{\"@type\":\"ReadAction\",\"target\":[\"https:\\\/\\\/www.loire-gourmande.fr\\\/en\\\/product\\\/chateaugay-dpo-cotes-dauvergne-red-vieilles-vignes-domaine-rougeyron\\\/\"]}]},{\"@type\":\"ImageObject\",\"inLanguage\":\"en-US\",\"@id\":\"https:\\\/\\\/www.loire-gourmande.fr\\\/en\\\/product\\\/chateaugay-dpo-cotes-dauvergne-red-vieilles-vignes-domaine-rougeyron\\\/#primaryimage\",\"url\":\"https:\\\/\\\/www.loire-gourmande.fr\\\/wp-content\\\/uploads\\\/2021\\\/04\\\/Capture-decran-2026-01-27-a-10.58.32.png\",\"contentUrl\":\"https:\\\/\\\/www.loire-gourmande.fr\\\/wp-content\\\/uploads\\\/2021\\\/04\\\/Capture-decran-2026-01-27-a-10.58.32.png\",\"width\":1208,\"height\":1202},{\"@type\":\"BreadcrumbList\",\"@id\":\"https:\\\/\\\/www.loire-gourmande.fr\\\/en\\\/product\\\/chateaugay-dpo-cotes-dauvergne-red-vieilles-vignes-domaine-rougeyron\\\/#breadcrumb\",\"itemListElement\":[{\"@type\":\"ListItem\",\"position\":1,\"name\":\"Home\",\"item\":\"https:\\\/\\\/www.loire-gourmande.fr\\\/en\\\/\"},{\"@type\":\"ListItem\",\"position\":2,\"name\":\"The Boutique de Loire Gourmande: the wines of the Loire\",\"item\":\"https:\\\/\\\/www.loire-gourmande.fr\\\/en\\\/woocommerce\\\/\"},{\"@type\":\"ListItem\",\"position\":3,\"name\":\"Wines\",\"item\":\"https:\\\/\\\/www.loire-gourmande.fr\\\/en\\\/product-category\\\/wines\\\/\"},{\"@type\":\"ListItem\",\"position\":4,\"name\":\"Auvergne\",\"item\":\"https:\\\/\\\/www.loire-gourmande.fr\\\/en\\\/product-category\\\/wines\\\/auvergne-en\\\/\"},{\"@type\":\"ListItem\",\"position\":5,\"name\":\"CH\u00c2TEAUGAY DPO C\u00d4TES D&#8217;AUVERGNE RED VIEILLES VIGNES DOMAINE ROUGEYRON\"}]},{\"@type\":\"WebSite\",\"@id\":\"https:\\\/\\\/www.loire-gourmande.fr\\\/en\\\/#website\",\"url\":\"https:\\\/\\\/www.loire-gourmande.fr\\\/en\\\/\",\"name\":\"Loire Gourmande, une \u00e9tape savoureuse\",\"description\":\"a tasting session at any time and a shop to visit in Turquant (49)\\n\\n\\n\\n\\n\\n\\n\\n\",\"publisher\":{\"@id\":\"https:\\\/\\\/www.loire-gourmande.fr\\\/en\\\/#organization\"},\"potentialAction\":[{\"@type\":\"SearchAction\",\"target\":{\"@type\":\"EntryPoint\",\"urlTemplate\":\"https:\\\/\\\/www.loire-gourmande.fr\\\/en\\\/?s={search_term_string}\"},\"query-input\":{\"@type\":\"PropertyValueSpecification\",\"valueRequired\":true,\"valueName\":\"search_term_string\"}}],\"inLanguage\":\"en-US\"},{\"@type\":\"Organization\",\"@id\":\"https:\\\/\\\/www.loire-gourmande.fr\\\/en\\\/#organization\",\"name\":\"Loire Gourmande - restauration rapide et visite \u00e0 Turquant (49)\",\"url\":\"https:\\\/\\\/www.loire-gourmande.fr\\\/en\\\/\",\"logo\":{\"@type\":\"ImageObject\",\"inLanguage\":\"en-US\",\"@id\":\"https:\\\/\\\/www.loire-gourmande.fr\\\/en\\\/#\\\/schema\\\/logo\\\/image\\\/\",\"url\":\"https:\\\/\\\/www.loire-gourmande.fr\\\/wp-content\\\/uploads\\\/2020\\\/10\\\/loire-gourmande-logo.jpg\",\"contentUrl\":\"https:\\\/\\\/www.loire-gourmande.fr\\\/wp-content\\\/uploads\\\/2020\\\/10\\\/loire-gourmande-logo.jpg\",\"width\":800,\"height\":415,\"caption\":\"Loire Gourmande - restauration rapide et visite \u00e0 Turquant (49)\"},\"image\":{\"@id\":\"https:\\\/\\\/www.loire-gourmande.fr\\\/en\\\/#\\\/schema\\\/logo\\\/image\\\/\"},\"sameAs\":[\"https:\\\/\\\/www.facebook.com\\\/Loire-Gourmande-Turquant-101991328328493\\\/\",\"https:\\\/\\\/www.instagram.com\\\/jean_yves_auradon\\\/?igshid=1ta3mfjka326t\"]}]}<\/script>\n<!-- \/ Yoast SEO plugin. -->","yoast_head_json":{"title":"CH\u00c2TEAUGAY DPO C\u00d4TES D'AUVERGNE RED VIEILLES VIGNES DOMAINE ROUGEYRON - Loire Gourmande - a tasty stage","description":"AOP C\u00d4TES D'AUVERGNE VIEILLES VIGNES DOMAINE ROUGEYRON. Loire Valley wine. Order from the Loire Gourmande website. Wine merchant in Turquant (49).","robots":{"index":"index","follow":"follow","max-snippet":"max-snippet:-1","max-image-preview":"max-image-preview:large","max-video-preview":"max-video-preview:-1"},"canonical":"https:\/\/www.loire-gourmande.fr\/en\/product\/chateaugay-dpo-cotes-dauvergne-red-vieilles-vignes-domaine-rougeyron\/","og_locale":"en_US","og_type":"article","og_title":"CH\u00c2TEAUGAY DPO C\u00d4TES D'AUVERGNE RED VIEILLES VIGNES DOMAINE ROUGEYRON - Loire Gourmande - a tasty stage","og_description":"AOP C\u00d4TES D'AUVERGNE VIEILLES VIGNES DOMAINE ROUGEYRON. Loire Valley wine. Order from the Loire Gourmande website. Wine merchant in Turquant (49).","og_url":"https:\/\/www.loire-gourmande.fr\/en\/product\/chateaugay-dpo-cotes-dauvergne-red-vieilles-vignes-domaine-rougeyron\/","og_site_name":"Loire Gourmande - a tasty stage","article_publisher":"https:\/\/www.facebook.com\/Loire-Gourmande-Turquant-101991328328493\/","article_modified_time":"2025-05-27T15:31:08+00:00","og_image":[{"width":1200,"height":1200,"url":"https:\/\/www.loire-gourmande.fr\/wp-content\/uploads\/2021\/04\/5COTAUVCHAVIEVIGROU19RGE-Rouge-Cotes-d-Auvergne-Vielles-Vignes-Chateaugay-Rougeyron-2019-.png","type":"image\/png"}],"twitter_card":"summary_large_image","twitter_misc":{"Est. reading time":"1 minute"},"schema":{"@context":"https:\/\/schema.org","@graph":[{"@type":"WebPage","@id":"https:\/\/www.loire-gourmande.fr\/en\/product\/chateaugay-dpo-cotes-dauvergne-red-vieilles-vignes-domaine-rougeyron\/","url":"https:\/\/www.loire-gourmande.fr\/en\/product\/chateaugay-dpo-cotes-dauvergne-red-vieilles-vignes-domaine-rougeyron\/","name":"CH\u00c2TEAUGAY DPO C\u00d4TES D'AUVERGNE RED VIEILLES VIGNES DOMAINE ROUGEYRON - Loire Gourmande - a tasty stage","isPartOf":{"@id":"https:\/\/www.loire-gourmande.fr\/en\/#website"},"primaryImageOfPage":{"@id":"https:\/\/www.loire-gourmande.fr\/en\/product\/chateaugay-dpo-cotes-dauvergne-red-vieilles-vignes-domaine-rougeyron\/#primaryimage"},"image":{"@id":"https:\/\/www.loire-gourmande.fr\/en\/product\/chateaugay-dpo-cotes-dauvergne-red-vieilles-vignes-domaine-rougeyron\/#primaryimage"},"thumbnailUrl":"https:\/\/www.loire-gourmande.fr\/wp-content\/uploads\/2021\/04\/Capture-decran-2026-01-27-a-10.58.32.png","datePublished":"2021-04-29T10:05:57+00:00","dateModified":"2025-05-27T15:31:08+00:00","description":"AOP C\u00d4TES D'AUVERGNE VIEILLES VIGNES DOMAINE ROUGEYRON. Loire Valley wine. Order from the Loire Gourmande website. Wine merchant in Turquant (49).","breadcrumb":{"@id":"https:\/\/www.loire-gourmande.fr\/en\/product\/chateaugay-dpo-cotes-dauvergne-red-vieilles-vignes-domaine-rougeyron\/#breadcrumb"},"inLanguage":"en-US","potentialAction":[{"@type":"ReadAction","target":["https:\/\/www.loire-gourmande.fr\/en\/product\/chateaugay-dpo-cotes-dauvergne-red-vieilles-vignes-domaine-rougeyron\/"]}]},{"@type":"ImageObject","inLanguage":"en-US","@id":"https:\/\/www.loire-gourmande.fr\/en\/product\/chateaugay-dpo-cotes-dauvergne-red-vieilles-vignes-domaine-rougeyron\/#primaryimage","url":"https:\/\/www.loire-gourmande.fr\/wp-content\/uploads\/2021\/04\/Capture-decran-2026-01-27-a-10.58.32.png","contentUrl":"https:\/\/www.loire-gourmande.fr\/wp-content\/uploads\/2021\/04\/Capture-decran-2026-01-27-a-10.58.32.png","width":1208,"height":1202},{"@type":"BreadcrumbList","@id":"https:\/\/www.loire-gourmande.fr\/en\/product\/chateaugay-dpo-cotes-dauvergne-red-vieilles-vignes-domaine-rougeyron\/#breadcrumb","itemListElement":[{"@type":"ListItem","position":1,"name":"Home","item":"https:\/\/www.loire-gourmande.fr\/en\/"},{"@type":"ListItem","position":2,"name":"The Boutique de Loire Gourmande: the wines of the Loire","item":"https:\/\/www.loire-gourmande.fr\/en\/woocommerce\/"},{"@type":"ListItem","position":3,"name":"Wines","item":"https:\/\/www.loire-gourmande.fr\/en\/product-category\/wines\/"},{"@type":"ListItem","position":4,"name":"Auvergne","item":"https:\/\/www.loire-gourmande.fr\/en\/product-category\/wines\/auvergne-en\/"},{"@type":"ListItem","position":5,"name":"CH\u00c2TEAUGAY DPO C\u00d4TES D&#8217;AUVERGNE RED VIEILLES VIGNES DOMAINE ROUGEYRON"}]},{"@type":"WebSite","@id":"https:\/\/www.loire-gourmande.fr\/en\/#website","url":"https:\/\/www.loire-gourmande.fr\/en\/","name":"Loire Gourmande, une \u00e9tape savoureuse","description":"a tasting session at any time and a shop to visit in Turquant (49)\n\n\n\n\n\n\n\n","publisher":{"@id":"https:\/\/www.loire-gourmande.fr\/en\/#organization"},"potentialAction":[{"@type":"SearchAction","target":{"@type":"EntryPoint","urlTemplate":"https:\/\/www.loire-gourmande.fr\/en\/?s={search_term_string}"},"query-input":{"@type":"PropertyValueSpecification","valueRequired":true,"valueName":"search_term_string"}}],"inLanguage":"en-US"},{"@type":"Organization","@id":"https:\/\/www.loire-gourmande.fr\/en\/#organization","name":"Loire Gourmande - restauration rapide et visite \u00e0 Turquant (49)","url":"https:\/\/www.loire-gourmande.fr\/en\/","logo":{"@type":"ImageObject","inLanguage":"en-US","@id":"https:\/\/www.loire-gourmande.fr\/en\/#\/schema\/logo\/image\/","url":"https:\/\/www.loire-gourmande.fr\/wp-content\/uploads\/2020\/10\/loire-gourmande-logo.jpg","contentUrl":"https:\/\/www.loire-gourmande.fr\/wp-content\/uploads\/2020\/10\/loire-gourmande-logo.jpg","width":800,"height":415,"caption":"Loire Gourmande - restauration rapide et visite \u00e0 Turquant (49)"},"image":{"@id":"https:\/\/www.loire-gourmande.fr\/en\/#\/schema\/logo\/image\/"},"sameAs":["https:\/\/www.facebook.com\/Loire-Gourmande-Turquant-101991328328493\/","https:\/\/www.instagram.com\/jean_yves_auradon\/?igshid=1ta3mfjka326t"]}]}},"_links":{"self":[{"href":"https:\/\/www.loire-gourmande.fr\/en\/wp-json\/wp\/v2\/product\/7675","targetHints":{"allow":["GET"]}}],"collection":[{"href":"https:\/\/www.loire-gourmande.fr\/en\/wp-json\/wp\/v2\/product"}],"about":[{"href":"https:\/\/www.loire-gourmande.fr\/en\/wp-json\/wp\/v2\/types\/product"}],"version-history":[{"count":3,"href":"https:\/\/www.loire-gourmande.fr\/en\/wp-json\/wp\/v2\/product\/7675\/revisions"}],"predecessor-version":[{"id":13205,"href":"https:\/\/www.loire-gourmande.fr\/en\/wp-json\/wp\/v2\/product\/7675\/revisions\/13205"}],"wp:featuredmedia":[{"embeddable":true,"href":"https:\/\/www.loire-gourmande.fr\/en\/wp-json\/wp\/v2\/media\/14384"}],"wp:attachment":[{"href":"https:\/\/www.loire-gourmande.fr\/en\/wp-json\/wp\/v2\/media?parent=7675"}],"wp:term":[{"taxonomy":"product_brand","embeddable":true,"href":"https:\/\/www.loire-gourmande.fr\/en\/wp-json\/wp\/v2\/product_brand?post=7675"},{"taxonomy":"product_cat","embeddable":true,"href":"https:\/\/www.loire-gourmande.fr\/en\/wp-json\/wp\/v2\/product_cat?post=7675"},{"taxonomy":"product_tag","embeddable":true,"href":"https:\/\/www.loire-gourmande.fr\/en\/wp-json\/wp\/v2\/product_tag?post=7675"}],"curies":[{"name":"wp","href":"https:\/\/api.w.org\/{rel}","templated":true}]}}