{"id":7694,"date":"2021-04-29T10:05:46","date_gmt":"2021-04-29T10:05:46","guid":{"rendered":"https:\/\/www.loire-gourmande.fr\/produit\/coteaux-du-vendomois-dpo-rouge-domaine-du-four-a-chaux\/"},"modified":"2025-05-27T16:20:26","modified_gmt":"2025-05-27T15:20:26","slug":"coteaux-du-vendomois-dpo-rouge-domaine-du-four-a-chaux","status":"publish","type":"product","link":"https:\/\/www.loire-gourmande.fr\/en\/product\/coteaux-du-vendomois-dpo-rouge-domaine-du-four-a-chaux\/","title":{"rendered":"C\u00d4TEAUX DU VEND\u00d4MOIS AOP ROUGE &#8220;BENJAMIN&#8221; DOMAINE DU FOUR A CHAUX"},"content":{"rendered":"<div class=\"ox-text jss1axnbjs\" data-jss-id=\"jss1axnbjs\">\n<div class=\"ox-text__inner\">\n<div>Discover this sumptuous Coteaux du Vend\u00f4mois contr\u00f4l\u00e9e red wine, Cuv\u00e9e Benjamin, from the Domaine du Four \u00e0 Chaux in Thor\u00e9-la-Rochette. This red wine is made from the oldest grape varieties in the Loir Valley, Pineau d&#8217;Aunis, renowned for its fruity, spicy, balanced and powerful aromas.<\/div>\n<\/div>\n<\/div>\n<div class=\"ox-spacer jss1y9klon\" data-jss-id=\"jss1y9klon\"><\/div>\n<div class=\"ox-text jss1ddjdar\" data-jss-id=\"jss1ddjdar\">\n<div class=\"ox-text__inner\">\n<div><strong>Vinification:<\/strong> The grapes for Pineau d&#8217;Aunis, also known as Chenin Noir, are harvested and destemmed before undergoing an eight-day fermentation in vats. At the start of vatting, the grapes are heated to 27\u00b0C to help extract color and tannins.<\/div>\n<p><strong>Grape variety: 100% Pineau d&#8217;Aunis<\/strong><br \/>\n<strong>Vintage: 2021<\/strong><br \/>\n<strong>Soil:<\/strong> clay and flint<br \/>\nAverage yield: <strong>35 hl \/ Ha<\/strong><br \/>\n<strong>Alcohol: 13%.<\/strong><br \/>\n<strong>Ageing <\/strong>: 3 to 5 years<br \/>\n<strong>Serving temperature:<\/strong> between 12 and 14 \u00b0C<br \/>\n<strong>Tasting: Clear, limpid red colour.<\/strong> The nose exalts finely spiced aromas. The palate is light, with a surprising freshness balanced by tannins that are present but not clinging. The peppery touch typical of Pineau d&#8217;Aunis lasts as long as you wish, offering an original sensation.<\/p>\n<div><strong>Food &amp; wine pairing:<\/strong> Pairs well with cold meats, flank steak with shallots or an Asian recipe, where the pepper and mild spices blend harmoniously. Pan-fried steak with green pepper \/ Basquaise-style chicken, shoulder of lamb with rosemary, beef stew, beef \u00e0 la ficelle, assorted charcuterie, West Indian black pudding<\/div>\n<\/div>\n<\/div>\n","protected":false},"excerpt":{"rendered":"<p data-reader-unique-id=\"1\">Once upon a time, there was a wonderful story of winegrowers and winemakers&#8230; that of the Norguet family, who have been running their Domaine du Four \u00e0 Chaux for 7 generations, in the heart of the Vend\u00f4me region at Thor\u00e9-la-Rochette.<br \/>\nThe Four \u00e0 Chaux (lime kiln) is a protected site dating back to 1767. It is a vestige of the time when tuffeau, a soft limestone with flint extracted from the hillsides, was used to build the ch\u00e2teaux of the Loire, the surrounding manor houses and the houses of the Loire region.<br \/>\nIn a traditional setting, the estate boasts magnificent two-hundred-year-old troglodyte cellars, dedicated to the cultivation of mushrooms and the ageing of local wines. Today, they have become a convivial venue for tastings of red, white, ros\u00e9 and grey wines.<br \/>\nNorguet, vigneron fer de lance de l\u2019appellation, cultive 29 hectares de vignes \u00e0 Thor\u00e9 la Rochette, petit village abrit\u00e9 dans la Vall\u00e9e du Loir et vinifie avec passion ses vins dans une ancienne cave.<\/p>\n","protected":false},"featured_media":9736,"template":"","meta":{"inline_featured_image":false},"product_brand":[],"product_cat":[343,344,333],"product_tag":[355,378,362,352],"class_list":{"0":"post-7694","1":"product","2":"type-product","3":"status-publish","4":"has-post-thumbnail","6":"product_cat-red-wines","7":"product_cat-touraine-en","8":"product_cat-wines","9":"product_tag-discovery","10":"product_tag-input","11":"product_tag-meat","12":"product_tag-wine","13":"product_shipping_class-bottle","15":"first","16":"instock","17":"featured","18":"taxable","19":"shipping-taxable","20":"purchasable","21":"product-type-simple"},"yoast_head":"<!-- This site is optimized with the Yoast SEO plugin v27.5 - https:\/\/yoast.com\/product\/yoast-seo-wordpress\/ -->\n<title>C\u00d4TEAUX DU VEND\u00d4MOIS AOP ROUGE &quot;BENJAMIN&quot; DOMAINE DU FOUR A CHAUX - Loire Gourmande - a tasty stage<\/title>\n<meta name=\"description\" content=\"C\u00d4TEAUX DU VEND\u00d4MOIS AOP ROUGE &quot;BENJAMIN&quot; DOMAINE DU FOUR A CHAUX.Vin de Loire. Order from the Loire Gourmande website. Wine merchant in Turquant (49).\" \/>\n<meta name=\"robots\" content=\"index, follow, max-snippet:-1, max-image-preview:large, max-video-preview:-1\" \/>\n<link rel=\"canonical\" href=\"https:\/\/www.loire-gourmande.fr\/en\/product\/coteaux-du-vendomois-dpo-rouge-domaine-du-four-a-chaux\/\" \/>\n<meta property=\"og:locale\" content=\"en_US\" \/>\n<meta property=\"og:type\" content=\"article\" \/>\n<meta property=\"og:title\" content=\"C\u00d4TEAUX DU VEND\u00d4MOIS AOP ROUGE &quot;BENJAMIN&quot; DOMAINE DU FOUR A CHAUX - Loire Gourmande - a tasty stage\" \/>\n<meta property=\"og:description\" content=\"C\u00d4TEAUX DU VEND\u00d4MOIS AOP ROUGE &quot;BENJAMIN&quot; DOMAINE DU FOUR A CHAUX.Vin de Loire. Order from the Loire Gourmande website. Wine merchant in Turquant (49).\" \/>\n<meta property=\"og:url\" content=\"https:\/\/www.loire-gourmande.fr\/en\/product\/coteaux-du-vendomois-dpo-rouge-domaine-du-four-a-chaux\/\" \/>\n<meta property=\"og:site_name\" content=\"Loire Gourmande - a tasty stage\" \/>\n<meta property=\"article:publisher\" content=\"https:\/\/www.facebook.com\/Loire-Gourmande-Turquant-101991328328493\/\" \/>\n<meta property=\"article:modified_time\" content=\"2025-05-27T15:20:26+00:00\" \/>\n<meta property=\"og:image\" content=\"https:\/\/www.loire-gourmande.fr\/wp-content\/uploads\/2021\/04\/Four-a-Chaux-Rouge-Benjamin.jpg\" \/>\n\t<meta property=\"og:image:width\" content=\"800\" \/>\n\t<meta property=\"og:image:height\" content=\"800\" \/>\n\t<meta property=\"og:image:type\" content=\"image\/jpeg\" \/>\n<meta name=\"twitter:card\" content=\"summary_large_image\" \/>\n<meta name=\"twitter:label1\" content=\"Est. reading time\" \/>\n\t<meta name=\"twitter:data1\" content=\"1 minute\" \/>\n<script type=\"application\/ld+json\" class=\"yoast-schema-graph\">{\"@context\":\"https:\\\/\\\/schema.org\",\"@graph\":[{\"@type\":\"WebPage\",\"@id\":\"https:\\\/\\\/www.loire-gourmande.fr\\\/en\\\/product\\\/coteaux-du-vendomois-dpo-rouge-domaine-du-four-a-chaux\\\/\",\"url\":\"https:\\\/\\\/www.loire-gourmande.fr\\\/en\\\/product\\\/coteaux-du-vendomois-dpo-rouge-domaine-du-four-a-chaux\\\/\",\"name\":\"C\u00d4TEAUX DU VEND\u00d4MOIS AOP ROUGE \\\"BENJAMIN\\\" DOMAINE DU FOUR A CHAUX - Loire Gourmande - a tasty stage\",\"isPartOf\":{\"@id\":\"https:\\\/\\\/www.loire-gourmande.fr\\\/en\\\/#website\"},\"primaryImageOfPage\":{\"@id\":\"https:\\\/\\\/www.loire-gourmande.fr\\\/en\\\/product\\\/coteaux-du-vendomois-dpo-rouge-domaine-du-four-a-chaux\\\/#primaryimage\"},\"image\":{\"@id\":\"https:\\\/\\\/www.loire-gourmande.fr\\\/en\\\/product\\\/coteaux-du-vendomois-dpo-rouge-domaine-du-four-a-chaux\\\/#primaryimage\"},\"thumbnailUrl\":\"https:\\\/\\\/www.loire-gourmande.fr\\\/wp-content\\\/uploads\\\/2021\\\/04\\\/Four-a-Chaux-Rouge-Benjamin.jpg\",\"datePublished\":\"2021-04-29T10:05:46+00:00\",\"dateModified\":\"2025-05-27T15:20:26+00:00\",\"description\":\"C\u00d4TEAUX DU VEND\u00d4MOIS AOP ROUGE \\\"BENJAMIN\\\" DOMAINE DU FOUR A CHAUX.Vin de Loire. Order from the Loire Gourmande website. Wine merchant in Turquant (49).\",\"breadcrumb\":{\"@id\":\"https:\\\/\\\/www.loire-gourmande.fr\\\/en\\\/product\\\/coteaux-du-vendomois-dpo-rouge-domaine-du-four-a-chaux\\\/#breadcrumb\"},\"inLanguage\":\"en-US\",\"potentialAction\":[{\"@type\":\"ReadAction\",\"target\":[\"https:\\\/\\\/www.loire-gourmande.fr\\\/en\\\/product\\\/coteaux-du-vendomois-dpo-rouge-domaine-du-four-a-chaux\\\/\"]}]},{\"@type\":\"ImageObject\",\"inLanguage\":\"en-US\",\"@id\":\"https:\\\/\\\/www.loire-gourmande.fr\\\/en\\\/product\\\/coteaux-du-vendomois-dpo-rouge-domaine-du-four-a-chaux\\\/#primaryimage\",\"url\":\"https:\\\/\\\/www.loire-gourmande.fr\\\/wp-content\\\/uploads\\\/2021\\\/04\\\/Four-a-Chaux-Rouge-Benjamin.jpg\",\"contentUrl\":\"https:\\\/\\\/www.loire-gourmande.fr\\\/wp-content\\\/uploads\\\/2021\\\/04\\\/Four-a-Chaux-Rouge-Benjamin.jpg\",\"width\":800,\"height\":800},{\"@type\":\"BreadcrumbList\",\"@id\":\"https:\\\/\\\/www.loire-gourmande.fr\\\/en\\\/product\\\/coteaux-du-vendomois-dpo-rouge-domaine-du-four-a-chaux\\\/#breadcrumb\",\"itemListElement\":[{\"@type\":\"ListItem\",\"position\":1,\"name\":\"Home\",\"item\":\"https:\\\/\\\/www.loire-gourmande.fr\\\/en\\\/\"},{\"@type\":\"ListItem\",\"position\":2,\"name\":\"The Boutique de Loire Gourmande: the wines of the Loire\",\"item\":\"https:\\\/\\\/www.loire-gourmande.fr\\\/en\\\/woocommerce\\\/\"},{\"@type\":\"ListItem\",\"position\":3,\"name\":\"Wines\",\"item\":\"https:\\\/\\\/www.loire-gourmande.fr\\\/en\\\/product-category\\\/wines\\\/\"},{\"@type\":\"ListItem\",\"position\":4,\"name\":\"Red wines\",\"item\":\"https:\\\/\\\/www.loire-gourmande.fr\\\/en\\\/product-category\\\/wines\\\/red-wines\\\/\"},{\"@type\":\"ListItem\",\"position\":5,\"name\":\"C\u00d4TEAUX DU VEND\u00d4MOIS AOP ROUGE &#8220;BENJAMIN&#8221; DOMAINE DU FOUR A CHAUX\"}]},{\"@type\":\"WebSite\",\"@id\":\"https:\\\/\\\/www.loire-gourmande.fr\\\/en\\\/#website\",\"url\":\"https:\\\/\\\/www.loire-gourmande.fr\\\/en\\\/\",\"name\":\"Loire Gourmande, une \u00e9tape savoureuse\",\"description\":\"a tasting session at any time and a shop to visit in Turquant (49)\\n\\n\\n\\n\\n\\n\\n\\n\",\"publisher\":{\"@id\":\"https:\\\/\\\/www.loire-gourmande.fr\\\/en\\\/#organization\"},\"potentialAction\":[{\"@type\":\"SearchAction\",\"target\":{\"@type\":\"EntryPoint\",\"urlTemplate\":\"https:\\\/\\\/www.loire-gourmande.fr\\\/en\\\/?s={search_term_string}\"},\"query-input\":{\"@type\":\"PropertyValueSpecification\",\"valueRequired\":true,\"valueName\":\"search_term_string\"}}],\"inLanguage\":\"en-US\"},{\"@type\":\"Organization\",\"@id\":\"https:\\\/\\\/www.loire-gourmande.fr\\\/en\\\/#organization\",\"name\":\"Loire Gourmande - restauration rapide et visite \u00e0 Turquant (49)\",\"url\":\"https:\\\/\\\/www.loire-gourmande.fr\\\/en\\\/\",\"logo\":{\"@type\":\"ImageObject\",\"inLanguage\":\"en-US\",\"@id\":\"https:\\\/\\\/www.loire-gourmande.fr\\\/en\\\/#\\\/schema\\\/logo\\\/image\\\/\",\"url\":\"https:\\\/\\\/www.loire-gourmande.fr\\\/wp-content\\\/uploads\\\/2020\\\/10\\\/loire-gourmande-logo.jpg\",\"contentUrl\":\"https:\\\/\\\/www.loire-gourmande.fr\\\/wp-content\\\/uploads\\\/2020\\\/10\\\/loire-gourmande-logo.jpg\",\"width\":800,\"height\":415,\"caption\":\"Loire Gourmande - restauration rapide et visite \u00e0 Turquant (49)\"},\"image\":{\"@id\":\"https:\\\/\\\/www.loire-gourmande.fr\\\/en\\\/#\\\/schema\\\/logo\\\/image\\\/\"},\"sameAs\":[\"https:\\\/\\\/www.facebook.com\\\/Loire-Gourmande-Turquant-101991328328493\\\/\",\"https:\\\/\\\/www.instagram.com\\\/jean_yves_auradon\\\/?igshid=1ta3mfjka326t\"]}]}<\/script>\n<!-- \/ Yoast SEO plugin. -->","yoast_head_json":{"title":"C\u00d4TEAUX DU VEND\u00d4MOIS AOP ROUGE \"BENJAMIN\" DOMAINE DU FOUR A CHAUX - Loire Gourmande - a tasty stage","description":"C\u00d4TEAUX DU VEND\u00d4MOIS AOP ROUGE \"BENJAMIN\" DOMAINE DU FOUR A CHAUX.Vin de Loire. Order from the Loire Gourmande website. Wine merchant in Turquant (49).","robots":{"index":"index","follow":"follow","max-snippet":"max-snippet:-1","max-image-preview":"max-image-preview:large","max-video-preview":"max-video-preview:-1"},"canonical":"https:\/\/www.loire-gourmande.fr\/en\/product\/coteaux-du-vendomois-dpo-rouge-domaine-du-four-a-chaux\/","og_locale":"en_US","og_type":"article","og_title":"C\u00d4TEAUX DU VEND\u00d4MOIS AOP ROUGE \"BENJAMIN\" DOMAINE DU FOUR A CHAUX - Loire Gourmande - a tasty stage","og_description":"C\u00d4TEAUX DU VEND\u00d4MOIS AOP ROUGE \"BENJAMIN\" DOMAINE DU FOUR A CHAUX.Vin de Loire. Order from the Loire Gourmande website. Wine merchant in Turquant (49).","og_url":"https:\/\/www.loire-gourmande.fr\/en\/product\/coteaux-du-vendomois-dpo-rouge-domaine-du-four-a-chaux\/","og_site_name":"Loire Gourmande - a tasty stage","article_publisher":"https:\/\/www.facebook.com\/Loire-Gourmande-Turquant-101991328328493\/","article_modified_time":"2025-05-27T15:20:26+00:00","og_image":[{"width":800,"height":800,"url":"https:\/\/www.loire-gourmande.fr\/wp-content\/uploads\/2021\/04\/Four-a-Chaux-Rouge-Benjamin.jpg","type":"image\/jpeg"}],"twitter_card":"summary_large_image","twitter_misc":{"Est. reading time":"1 minute"},"schema":{"@context":"https:\/\/schema.org","@graph":[{"@type":"WebPage","@id":"https:\/\/www.loire-gourmande.fr\/en\/product\/coteaux-du-vendomois-dpo-rouge-domaine-du-four-a-chaux\/","url":"https:\/\/www.loire-gourmande.fr\/en\/product\/coteaux-du-vendomois-dpo-rouge-domaine-du-four-a-chaux\/","name":"C\u00d4TEAUX DU VEND\u00d4MOIS AOP ROUGE \"BENJAMIN\" DOMAINE DU FOUR A CHAUX - Loire Gourmande - a tasty stage","isPartOf":{"@id":"https:\/\/www.loire-gourmande.fr\/en\/#website"},"primaryImageOfPage":{"@id":"https:\/\/www.loire-gourmande.fr\/en\/product\/coteaux-du-vendomois-dpo-rouge-domaine-du-four-a-chaux\/#primaryimage"},"image":{"@id":"https:\/\/www.loire-gourmande.fr\/en\/product\/coteaux-du-vendomois-dpo-rouge-domaine-du-four-a-chaux\/#primaryimage"},"thumbnailUrl":"https:\/\/www.loire-gourmande.fr\/wp-content\/uploads\/2021\/04\/Four-a-Chaux-Rouge-Benjamin.jpg","datePublished":"2021-04-29T10:05:46+00:00","dateModified":"2025-05-27T15:20:26+00:00","description":"C\u00d4TEAUX DU VEND\u00d4MOIS AOP ROUGE \"BENJAMIN\" DOMAINE DU FOUR A CHAUX.Vin de Loire. Order from the Loire Gourmande website. Wine merchant in Turquant (49).","breadcrumb":{"@id":"https:\/\/www.loire-gourmande.fr\/en\/product\/coteaux-du-vendomois-dpo-rouge-domaine-du-four-a-chaux\/#breadcrumb"},"inLanguage":"en-US","potentialAction":[{"@type":"ReadAction","target":["https:\/\/www.loire-gourmande.fr\/en\/product\/coteaux-du-vendomois-dpo-rouge-domaine-du-four-a-chaux\/"]}]},{"@type":"ImageObject","inLanguage":"en-US","@id":"https:\/\/www.loire-gourmande.fr\/en\/product\/coteaux-du-vendomois-dpo-rouge-domaine-du-four-a-chaux\/#primaryimage","url":"https:\/\/www.loire-gourmande.fr\/wp-content\/uploads\/2021\/04\/Four-a-Chaux-Rouge-Benjamin.jpg","contentUrl":"https:\/\/www.loire-gourmande.fr\/wp-content\/uploads\/2021\/04\/Four-a-Chaux-Rouge-Benjamin.jpg","width":800,"height":800},{"@type":"BreadcrumbList","@id":"https:\/\/www.loire-gourmande.fr\/en\/product\/coteaux-du-vendomois-dpo-rouge-domaine-du-four-a-chaux\/#breadcrumb","itemListElement":[{"@type":"ListItem","position":1,"name":"Home","item":"https:\/\/www.loire-gourmande.fr\/en\/"},{"@type":"ListItem","position":2,"name":"The Boutique de Loire Gourmande: the wines of the Loire","item":"https:\/\/www.loire-gourmande.fr\/en\/woocommerce\/"},{"@type":"ListItem","position":3,"name":"Wines","item":"https:\/\/www.loire-gourmande.fr\/en\/product-category\/wines\/"},{"@type":"ListItem","position":4,"name":"Red wines","item":"https:\/\/www.loire-gourmande.fr\/en\/product-category\/wines\/red-wines\/"},{"@type":"ListItem","position":5,"name":"C\u00d4TEAUX DU VEND\u00d4MOIS AOP ROUGE &#8220;BENJAMIN&#8221; DOMAINE DU FOUR A CHAUX"}]},{"@type":"WebSite","@id":"https:\/\/www.loire-gourmande.fr\/en\/#website","url":"https:\/\/www.loire-gourmande.fr\/en\/","name":"Loire Gourmande, une \u00e9tape savoureuse","description":"a tasting session at any time and a shop to visit in Turquant (49)\n\n\n\n\n\n\n\n","publisher":{"@id":"https:\/\/www.loire-gourmande.fr\/en\/#organization"},"potentialAction":[{"@type":"SearchAction","target":{"@type":"EntryPoint","urlTemplate":"https:\/\/www.loire-gourmande.fr\/en\/?s={search_term_string}"},"query-input":{"@type":"PropertyValueSpecification","valueRequired":true,"valueName":"search_term_string"}}],"inLanguage":"en-US"},{"@type":"Organization","@id":"https:\/\/www.loire-gourmande.fr\/en\/#organization","name":"Loire Gourmande - restauration rapide et visite \u00e0 Turquant (49)","url":"https:\/\/www.loire-gourmande.fr\/en\/","logo":{"@type":"ImageObject","inLanguage":"en-US","@id":"https:\/\/www.loire-gourmande.fr\/en\/#\/schema\/logo\/image\/","url":"https:\/\/www.loire-gourmande.fr\/wp-content\/uploads\/2020\/10\/loire-gourmande-logo.jpg","contentUrl":"https:\/\/www.loire-gourmande.fr\/wp-content\/uploads\/2020\/10\/loire-gourmande-logo.jpg","width":800,"height":415,"caption":"Loire Gourmande - restauration rapide et visite \u00e0 Turquant (49)"},"image":{"@id":"https:\/\/www.loire-gourmande.fr\/en\/#\/schema\/logo\/image\/"},"sameAs":["https:\/\/www.facebook.com\/Loire-Gourmande-Turquant-101991328328493\/","https:\/\/www.instagram.com\/jean_yves_auradon\/?igshid=1ta3mfjka326t"]}]}},"_links":{"self":[{"href":"https:\/\/www.loire-gourmande.fr\/en\/wp-json\/wp\/v2\/product\/7694","targetHints":{"allow":["GET"]}}],"collection":[{"href":"https:\/\/www.loire-gourmande.fr\/en\/wp-json\/wp\/v2\/product"}],"about":[{"href":"https:\/\/www.loire-gourmande.fr\/en\/wp-json\/wp\/v2\/types\/product"}],"version-history":[{"count":2,"href":"https:\/\/www.loire-gourmande.fr\/en\/wp-json\/wp\/v2\/product\/7694\/revisions"}],"predecessor-version":[{"id":9738,"href":"https:\/\/www.loire-gourmande.fr\/en\/wp-json\/wp\/v2\/product\/7694\/revisions\/9738"}],"wp:featuredmedia":[{"embeddable":true,"href":"https:\/\/www.loire-gourmande.fr\/en\/wp-json\/wp\/v2\/media\/9736"}],"wp:attachment":[{"href":"https:\/\/www.loire-gourmande.fr\/en\/wp-json\/wp\/v2\/media?parent=7694"}],"wp:term":[{"taxonomy":"product_brand","embeddable":true,"href":"https:\/\/www.loire-gourmande.fr\/en\/wp-json\/wp\/v2\/product_brand?post=7694"},{"taxonomy":"product_cat","embeddable":true,"href":"https:\/\/www.loire-gourmande.fr\/en\/wp-json\/wp\/v2\/product_cat?post=7694"},{"taxonomy":"product_tag","embeddable":true,"href":"https:\/\/www.loire-gourmande.fr\/en\/wp-json\/wp\/v2\/product_tag?post=7694"}],"curies":[{"name":"wp","href":"https:\/\/api.w.org\/{rel}","templated":true}]}}