{"id":7725,"date":"2021-04-29T10:05:33","date_gmt":"2021-04-29T10:05:33","guid":{"rendered":"https:\/\/www.loire-gourmande.fr\/produit\/anjou-villages-la-seignerie-domaine-leduc-frouin\/"},"modified":"2025-05-27T16:31:52","modified_gmt":"2025-05-27T15:31:52","slug":"anjou-villages-la-seignerie-domaine-leduc-frouin","status":"publish","type":"product","link":"https:\/\/www.loire-gourmande.fr\/en\/product\/anjou-villages-la-seignerie-domaine-leduc-frouin\/","title":{"rendered":"ANJOU VILLAGES LA SEIGNERIE DOMAINE LEDUC FROUIN"},"content":{"rendered":"<div class=\"page\" title=\"Page 1\">\n<div class=\"section\">\n<div class=\"layoutArea\">\n<div class=\"column\">\n<p><strong>Tasting notes:<\/strong> Our Anjou &#8220;La Seigneurie&#8221; is hand-picked from bunches of Cabernet Franc and offers magnificent notes of over-ripe red fruit. Sa bouche se r\u00e9v\u00e8le gourmande et suave avec une finale fraiche et g\u00e9n\u00e9reuse. Enjoy this fine 2021 vintage. Potential aging 6 years.<\/p>\n<\/div>\n<\/div>\n<div class=\"layoutArea\">\n<div class=\"column\">\n<p><strong>Terroir<\/strong><br \/>\n\u00ab Les Pr\u00e9s Yaux&#8221;, village of &#8220;L&#8217;enclos&#8221;, La fosse de Tign\u00e9<br \/>\nSoil and subsoil: Clay-siliceous on clay<br \/>\nGrape variety: 100% Cabernet Franc<\/p>\n<p><strong>Harvest:<\/strong> Undersigned, basement. The manual harvest was carried out in September 2021 with our team of around twenty people.<\/p>\n<\/div>\n<\/div>\n<div class=\"layoutArea\">\n<div class=\"column\">\n<p><strong>Vinification:<\/strong> Everything starts with a total destemming of the grapes, followed by vatting. Maceration lasts 15 days at 28\u00b0C with daily pumping over. Devatting is by gravity, followed by pneumatic pressing. The wine is then matured in concrete vats and bottled on the estate in our troglodyte cellars.<\/p>\n<p><strong>Accords Mets &amp; Vins:<\/strong> Filet de b\u0153uf Maine-Anjou, rillauds d\u2019Anjou, Poulet r\u00f4ti avec son Quinoa, les viandes rouges, le gibier ou les fromages fermiers.<\/p>\n<\/div>\n<\/div>\n<\/div>\n<\/div>\n","protected":false},"excerpt":{"rendered":"<p data-reader-unique-id=\"54\">Domaine LEDUC-FROUIN is managed by Nathalie and Antoine LEDUC, 4th generation of winegrowers on the Family Estate.<br \/>\nAntoine had long been destined to work on the family estate. He arrived there in 1993 after studying oenology in Avize, Dijon and Bordeaux.<br \/>\nNathalie returned to the estate in 2000 after 10 years in the banking sector of another wine region. <\/p>\n<p data-reader-unique-id=\"57\">Before them, it was their parents, uncles and grandparents who built up and developed the importance of the Seigneurie vineyards.<br data-reader-unique-id=\"58\">The LEDUC-FROUIN family has been at the head of the vineyard since 1873!<br data-reader-unique-id=\"59\">Combining tradition and modernity, Antoine and Nathalie do everything possible to offer you typical, subtle and surprising wines&#8230;<br data-reader-unique-id=\"60\">Passionate and with our experience, we rigorously work our vineyard of about thirty hectares and carry out manual harvesting.<br data-reader-unique-id=\"61\">The diversity of our terroirs (limestone, schist, clay) means that we can vinify each plot individually, revealing the character of the &#8220;Seigneurie&#8221; wines every year! <br data-reader-unique-id=\"62\">With a view to preserving the heritage entrusted to us, we work in a &#8220;Terra Vitis&#8221; Sustainable Agriculture approach.<\/p>\n","protected":false},"featured_media":14329,"template":"","meta":{"inline_featured_image":false},"product_brand":[],"product_cat":[334,343,333],"product_tag":[365,362,394,372,352],"class_list":{"0":"post-7725","1":"product","2":"type-product","3":"status-publish","4":"has-post-thumbnail","6":"product_cat-anjou-en","7":"product_cat-red-wines","8":"product_cat-wines","9":"product_tag-guard","10":"product_tag-meat","11":"product_tag-meat-charcuterie","12":"product_tag-red","13":"product_tag-wine","14":"product_shipping_class-bottle","16":"first","17":"instock","18":"featured","19":"taxable","20":"shipping-taxable","21":"purchasable","22":"product-type-simple"},"yoast_head":"<!-- This site is optimized with the Yoast SEO plugin v27.6 - https:\/\/yoast.com\/product\/yoast-seo-wordpress\/ -->\n<title>ANJOU VILLAGES LA SEIGNERIE DOMAINE LEDUC FROUIN - Loire Gourmande - a tasty stage<\/title>\n<meta name=\"description\" content=\"ANJOU VILLAGES LA SEIGNERIE DOMAINE LEDUC FROUIN. Loire Valley wine. Order from the Loire Gourmande website. Wine merchant in Turquant (49).\" \/>\n<meta name=\"robots\" content=\"index, follow, max-snippet:-1, max-image-preview:large, max-video-preview:-1\" \/>\n<link rel=\"canonical\" href=\"https:\/\/www.loire-gourmande.fr\/en\/product\/anjou-villages-la-seignerie-domaine-leduc-frouin\/\" \/>\n<meta property=\"og:locale\" content=\"en_US\" \/>\n<meta property=\"og:type\" content=\"article\" \/>\n<meta property=\"og:title\" content=\"ANJOU VILLAGES LA SEIGNERIE DOMAINE LEDUC FROUIN - Loire Gourmande - a tasty stage\" \/>\n<meta property=\"og:description\" content=\"ANJOU VILLAGES LA SEIGNERIE DOMAINE LEDUC FROUIN. Loire Valley wine. Order from the Loire Gourmande website. Wine merchant in Turquant (49).\" \/>\n<meta property=\"og:url\" content=\"https:\/\/www.loire-gourmande.fr\/en\/product\/anjou-villages-la-seignerie-domaine-leduc-frouin\/\" \/>\n<meta property=\"og:site_name\" content=\"Loire Gourmande - a tasty stage\" \/>\n<meta property=\"article:publisher\" content=\"https:\/\/www.facebook.com\/Loire-Gourmande-Turquant-101991328328493\/\" \/>\n<meta property=\"article:modified_time\" content=\"2025-05-27T15:31:52+00:00\" \/>\n<meta property=\"og:image\" content=\"https:\/\/www.loire-gourmande.fr\/wp-content\/uploads\/2023\/11\/Anjou-Villages.jpg\" \/>\n\t<meta property=\"og:image:width\" content=\"800\" \/>\n\t<meta property=\"og:image:height\" content=\"1024\" \/>\n\t<meta property=\"og:image:type\" content=\"image\/jpeg\" \/>\n<meta name=\"twitter:card\" content=\"summary_large_image\" \/>\n<meta name=\"twitter:label1\" content=\"Est. reading time\" \/>\n\t<meta name=\"twitter:data1\" content=\"1 minute\" \/>\n<script type=\"application\/ld+json\" class=\"yoast-schema-graph\">{\"@context\":\"https:\\\/\\\/schema.org\",\"@graph\":[{\"@type\":\"WebPage\",\"@id\":\"https:\\\/\\\/www.loire-gourmande.fr\\\/en\\\/product\\\/anjou-villages-la-seignerie-domaine-leduc-frouin\\\/\",\"url\":\"https:\\\/\\\/www.loire-gourmande.fr\\\/en\\\/product\\\/anjou-villages-la-seignerie-domaine-leduc-frouin\\\/\",\"name\":\"ANJOU VILLAGES LA SEIGNERIE DOMAINE LEDUC FROUIN - Loire Gourmande - a tasty stage\",\"isPartOf\":{\"@id\":\"https:\\\/\\\/www.loire-gourmande.fr\\\/en\\\/#website\"},\"primaryImageOfPage\":{\"@id\":\"https:\\\/\\\/www.loire-gourmande.fr\\\/en\\\/product\\\/anjou-villages-la-seignerie-domaine-leduc-frouin\\\/#primaryimage\"},\"image\":{\"@id\":\"https:\\\/\\\/www.loire-gourmande.fr\\\/en\\\/product\\\/anjou-villages-la-seignerie-domaine-leduc-frouin\\\/#primaryimage\"},\"thumbnailUrl\":\"https:\\\/\\\/www.loire-gourmande.fr\\\/wp-content\\\/uploads\\\/2021\\\/04\\\/ANJOU-VILLAGES-LA-SEIGNERIE-DOMAINE-LEDUC-FROUIN.jpg\",\"datePublished\":\"2021-04-29T10:05:33+00:00\",\"dateModified\":\"2025-05-27T15:31:52+00:00\",\"description\":\"ANJOU VILLAGES LA SEIGNERIE DOMAINE LEDUC FROUIN. Loire Valley wine. Order from the Loire Gourmande website. Wine merchant in Turquant (49).\",\"breadcrumb\":{\"@id\":\"https:\\\/\\\/www.loire-gourmande.fr\\\/en\\\/product\\\/anjou-villages-la-seignerie-domaine-leduc-frouin\\\/#breadcrumb\"},\"inLanguage\":\"en-US\",\"potentialAction\":[{\"@type\":\"ReadAction\",\"target\":[\"https:\\\/\\\/www.loire-gourmande.fr\\\/en\\\/product\\\/anjou-villages-la-seignerie-domaine-leduc-frouin\\\/\"]}]},{\"@type\":\"ImageObject\",\"inLanguage\":\"en-US\",\"@id\":\"https:\\\/\\\/www.loire-gourmande.fr\\\/en\\\/product\\\/anjou-villages-la-seignerie-domaine-leduc-frouin\\\/#primaryimage\",\"url\":\"https:\\\/\\\/www.loire-gourmande.fr\\\/wp-content\\\/uploads\\\/2021\\\/04\\\/ANJOU-VILLAGES-LA-SEIGNERIE-DOMAINE-LEDUC-FROUIN.jpg\",\"contentUrl\":\"https:\\\/\\\/www.loire-gourmande.fr\\\/wp-content\\\/uploads\\\/2021\\\/04\\\/ANJOU-VILLAGES-LA-SEIGNERIE-DOMAINE-LEDUC-FROUIN.jpg\",\"width\":800,\"height\":800},{\"@type\":\"BreadcrumbList\",\"@id\":\"https:\\\/\\\/www.loire-gourmande.fr\\\/en\\\/product\\\/anjou-villages-la-seignerie-domaine-leduc-frouin\\\/#breadcrumb\",\"itemListElement\":[{\"@type\":\"ListItem\",\"position\":1,\"name\":\"Home\",\"item\":\"https:\\\/\\\/www.loire-gourmande.fr\\\/en\\\/\"},{\"@type\":\"ListItem\",\"position\":2,\"name\":\"The Boutique de Loire Gourmande: the wines of the Loire\",\"item\":\"https:\\\/\\\/www.loire-gourmande.fr\\\/en\\\/woocommerce\\\/\"},{\"@type\":\"ListItem\",\"position\":3,\"name\":\"Wines\",\"item\":\"https:\\\/\\\/www.loire-gourmande.fr\\\/en\\\/product-category\\\/wines\\\/\"},{\"@type\":\"ListItem\",\"position\":4,\"name\":\"Anjou\",\"item\":\"https:\\\/\\\/www.loire-gourmande.fr\\\/en\\\/product-category\\\/wines\\\/anjou-en\\\/\"},{\"@type\":\"ListItem\",\"position\":5,\"name\":\"ANJOU VILLAGES LA SEIGNERIE DOMAINE LEDUC FROUIN\"}]},{\"@type\":\"WebSite\",\"@id\":\"https:\\\/\\\/www.loire-gourmande.fr\\\/en\\\/#website\",\"url\":\"https:\\\/\\\/www.loire-gourmande.fr\\\/en\\\/\",\"name\":\"Loire Gourmande, une \u00e9tape savoureuse\",\"description\":\"a tasting session at any time and a shop to visit in Turquant (49)\\n\\n\\n\\n\\n\\n\\n\\n\",\"publisher\":{\"@id\":\"https:\\\/\\\/www.loire-gourmande.fr\\\/en\\\/#organization\"},\"potentialAction\":[{\"@type\":\"SearchAction\",\"target\":{\"@type\":\"EntryPoint\",\"urlTemplate\":\"https:\\\/\\\/www.loire-gourmande.fr\\\/en\\\/?s={search_term_string}\"},\"query-input\":{\"@type\":\"PropertyValueSpecification\",\"valueRequired\":true,\"valueName\":\"search_term_string\"}}],\"inLanguage\":\"en-US\"},{\"@type\":\"Organization\",\"@id\":\"https:\\\/\\\/www.loire-gourmande.fr\\\/en\\\/#organization\",\"name\":\"Loire Gourmande - restauration rapide et visite \u00e0 Turquant (49)\",\"url\":\"https:\\\/\\\/www.loire-gourmande.fr\\\/en\\\/\",\"logo\":{\"@type\":\"ImageObject\",\"inLanguage\":\"en-US\",\"@id\":\"https:\\\/\\\/www.loire-gourmande.fr\\\/en\\\/#\\\/schema\\\/logo\\\/image\\\/\",\"url\":\"https:\\\/\\\/www.loire-gourmande.fr\\\/wp-content\\\/uploads\\\/2020\\\/10\\\/loire-gourmande-logo.jpg\",\"contentUrl\":\"https:\\\/\\\/www.loire-gourmande.fr\\\/wp-content\\\/uploads\\\/2020\\\/10\\\/loire-gourmande-logo.jpg\",\"width\":800,\"height\":415,\"caption\":\"Loire Gourmande - restauration rapide et visite \u00e0 Turquant (49)\"},\"image\":{\"@id\":\"https:\\\/\\\/www.loire-gourmande.fr\\\/en\\\/#\\\/schema\\\/logo\\\/image\\\/\"},\"sameAs\":[\"https:\\\/\\\/www.facebook.com\\\/Loire-Gourmande-Turquant-101991328328493\\\/\",\"https:\\\/\\\/www.instagram.com\\\/jean_yves_auradon\\\/?igshid=1ta3mfjka326t\"]}]}<\/script>\n<!-- \/ Yoast SEO plugin. -->","yoast_head_json":{"title":"ANJOU VILLAGES LA SEIGNERIE DOMAINE LEDUC FROUIN - Loire Gourmande - a tasty stage","description":"ANJOU VILLAGES LA SEIGNERIE DOMAINE LEDUC FROUIN. Loire Valley wine. Order from the Loire Gourmande website. Wine merchant in Turquant (49).","robots":{"index":"index","follow":"follow","max-snippet":"max-snippet:-1","max-image-preview":"max-image-preview:large","max-video-preview":"max-video-preview:-1"},"canonical":"https:\/\/www.loire-gourmande.fr\/en\/product\/anjou-villages-la-seignerie-domaine-leduc-frouin\/","og_locale":"en_US","og_type":"article","og_title":"ANJOU VILLAGES LA SEIGNERIE DOMAINE LEDUC FROUIN - Loire Gourmande - a tasty stage","og_description":"ANJOU VILLAGES LA SEIGNERIE DOMAINE LEDUC FROUIN. Loire Valley wine. Order from the Loire Gourmande website. Wine merchant in Turquant (49).","og_url":"https:\/\/www.loire-gourmande.fr\/en\/product\/anjou-villages-la-seignerie-domaine-leduc-frouin\/","og_site_name":"Loire Gourmande - a tasty stage","article_publisher":"https:\/\/www.facebook.com\/Loire-Gourmande-Turquant-101991328328493\/","article_modified_time":"2025-05-27T15:31:52+00:00","og_image":[{"width":800,"height":1024,"url":"https:\/\/www.loire-gourmande.fr\/wp-content\/uploads\/2023\/11\/Anjou-Villages.jpg","type":"image\/jpeg"}],"twitter_card":"summary_large_image","twitter_misc":{"Est. reading time":"1 minute"},"schema":{"@context":"https:\/\/schema.org","@graph":[{"@type":"WebPage","@id":"https:\/\/www.loire-gourmande.fr\/en\/product\/anjou-villages-la-seignerie-domaine-leduc-frouin\/","url":"https:\/\/www.loire-gourmande.fr\/en\/product\/anjou-villages-la-seignerie-domaine-leduc-frouin\/","name":"ANJOU VILLAGES LA SEIGNERIE DOMAINE LEDUC FROUIN - Loire Gourmande - a tasty stage","isPartOf":{"@id":"https:\/\/www.loire-gourmande.fr\/en\/#website"},"primaryImageOfPage":{"@id":"https:\/\/www.loire-gourmande.fr\/en\/product\/anjou-villages-la-seignerie-domaine-leduc-frouin\/#primaryimage"},"image":{"@id":"https:\/\/www.loire-gourmande.fr\/en\/product\/anjou-villages-la-seignerie-domaine-leduc-frouin\/#primaryimage"},"thumbnailUrl":"https:\/\/www.loire-gourmande.fr\/wp-content\/uploads\/2021\/04\/ANJOU-VILLAGES-LA-SEIGNERIE-DOMAINE-LEDUC-FROUIN.jpg","datePublished":"2021-04-29T10:05:33+00:00","dateModified":"2025-05-27T15:31:52+00:00","description":"ANJOU VILLAGES LA SEIGNERIE DOMAINE LEDUC FROUIN. Loire Valley wine. Order from the Loire Gourmande website. Wine merchant in Turquant (49).","breadcrumb":{"@id":"https:\/\/www.loire-gourmande.fr\/en\/product\/anjou-villages-la-seignerie-domaine-leduc-frouin\/#breadcrumb"},"inLanguage":"en-US","potentialAction":[{"@type":"ReadAction","target":["https:\/\/www.loire-gourmande.fr\/en\/product\/anjou-villages-la-seignerie-domaine-leduc-frouin\/"]}]},{"@type":"ImageObject","inLanguage":"en-US","@id":"https:\/\/www.loire-gourmande.fr\/en\/product\/anjou-villages-la-seignerie-domaine-leduc-frouin\/#primaryimage","url":"https:\/\/www.loire-gourmande.fr\/wp-content\/uploads\/2021\/04\/ANJOU-VILLAGES-LA-SEIGNERIE-DOMAINE-LEDUC-FROUIN.jpg","contentUrl":"https:\/\/www.loire-gourmande.fr\/wp-content\/uploads\/2021\/04\/ANJOU-VILLAGES-LA-SEIGNERIE-DOMAINE-LEDUC-FROUIN.jpg","width":800,"height":800},{"@type":"BreadcrumbList","@id":"https:\/\/www.loire-gourmande.fr\/en\/product\/anjou-villages-la-seignerie-domaine-leduc-frouin\/#breadcrumb","itemListElement":[{"@type":"ListItem","position":1,"name":"Home","item":"https:\/\/www.loire-gourmande.fr\/en\/"},{"@type":"ListItem","position":2,"name":"The Boutique de Loire Gourmande: the wines of the Loire","item":"https:\/\/www.loire-gourmande.fr\/en\/woocommerce\/"},{"@type":"ListItem","position":3,"name":"Wines","item":"https:\/\/www.loire-gourmande.fr\/en\/product-category\/wines\/"},{"@type":"ListItem","position":4,"name":"Anjou","item":"https:\/\/www.loire-gourmande.fr\/en\/product-category\/wines\/anjou-en\/"},{"@type":"ListItem","position":5,"name":"ANJOU VILLAGES LA SEIGNERIE DOMAINE LEDUC FROUIN"}]},{"@type":"WebSite","@id":"https:\/\/www.loire-gourmande.fr\/en\/#website","url":"https:\/\/www.loire-gourmande.fr\/en\/","name":"Loire Gourmande, une \u00e9tape savoureuse","description":"a tasting session at any time and a shop to visit in Turquant (49)\n\n\n\n\n\n\n\n","publisher":{"@id":"https:\/\/www.loire-gourmande.fr\/en\/#organization"},"potentialAction":[{"@type":"SearchAction","target":{"@type":"EntryPoint","urlTemplate":"https:\/\/www.loire-gourmande.fr\/en\/?s={search_term_string}"},"query-input":{"@type":"PropertyValueSpecification","valueRequired":true,"valueName":"search_term_string"}}],"inLanguage":"en-US"},{"@type":"Organization","@id":"https:\/\/www.loire-gourmande.fr\/en\/#organization","name":"Loire Gourmande - restauration rapide et visite \u00e0 Turquant (49)","url":"https:\/\/www.loire-gourmande.fr\/en\/","logo":{"@type":"ImageObject","inLanguage":"en-US","@id":"https:\/\/www.loire-gourmande.fr\/en\/#\/schema\/logo\/image\/","url":"https:\/\/www.loire-gourmande.fr\/wp-content\/uploads\/2020\/10\/loire-gourmande-logo.jpg","contentUrl":"https:\/\/www.loire-gourmande.fr\/wp-content\/uploads\/2020\/10\/loire-gourmande-logo.jpg","width":800,"height":415,"caption":"Loire Gourmande - restauration rapide et visite \u00e0 Turquant (49)"},"image":{"@id":"https:\/\/www.loire-gourmande.fr\/en\/#\/schema\/logo\/image\/"},"sameAs":["https:\/\/www.facebook.com\/Loire-Gourmande-Turquant-101991328328493\/","https:\/\/www.instagram.com\/jean_yves_auradon\/?igshid=1ta3mfjka326t"]}]}},"_links":{"self":[{"href":"https:\/\/www.loire-gourmande.fr\/en\/wp-json\/wp\/v2\/product\/7725","targetHints":{"allow":["GET"]}}],"collection":[{"href":"https:\/\/www.loire-gourmande.fr\/en\/wp-json\/wp\/v2\/product"}],"about":[{"href":"https:\/\/www.loire-gourmande.fr\/en\/wp-json\/wp\/v2\/types\/product"}],"version-history":[{"count":3,"href":"https:\/\/www.loire-gourmande.fr\/en\/wp-json\/wp\/v2\/product\/7725\/revisions"}],"predecessor-version":[{"id":13253,"href":"https:\/\/www.loire-gourmande.fr\/en\/wp-json\/wp\/v2\/product\/7725\/revisions\/13253"}],"wp:featuredmedia":[{"embeddable":true,"href":"https:\/\/www.loire-gourmande.fr\/en\/wp-json\/wp\/v2\/media\/14329"}],"wp:attachment":[{"href":"https:\/\/www.loire-gourmande.fr\/en\/wp-json\/wp\/v2\/media?parent=7725"}],"wp:term":[{"taxonomy":"product_brand","embeddable":true,"href":"https:\/\/www.loire-gourmande.fr\/en\/wp-json\/wp\/v2\/product_brand?post=7725"},{"taxonomy":"product_cat","embeddable":true,"href":"https:\/\/www.loire-gourmande.fr\/en\/wp-json\/wp\/v2\/product_cat?post=7725"},{"taxonomy":"product_tag","embeddable":true,"href":"https:\/\/www.loire-gourmande.fr\/en\/wp-json\/wp\/v2\/product_tag?post=7725"}],"curies":[{"name":"wp","href":"https:\/\/api.w.org\/{rel}","templated":true}]}}