{"id":7726,"date":"2021-04-29T10:05:40","date_gmt":"2021-04-29T10:05:40","guid":{"rendered":"https:\/\/www.loire-gourmande.fr\/produit\/saumur-champigny-dpo-domaine-des-amandiers-2\/"},"modified":"2025-05-27T16:21:45","modified_gmt":"2025-05-27T15:21:45","slug":"saumur-champigny-dpo-domaine-des-amandiers-2","status":"publish","type":"product","link":"https:\/\/www.loire-gourmande.fr\/en\/product\/saumur-champigny-dpo-domaine-des-amandiers-2\/","title":{"rendered":"SAUMUR CHAMPIGNY AOP GM DOMAINE DES AMANDIERS"},"content":{"rendered":"<div class=\"element element-textarea element-textareapro\">\n<p>Behind a dark red colour with purplish highlights on GM lie beautiful aromas of ripe fruit and lilac. It&#8217;s on the palate that you realise just how powerful this warm wine is, with its intense fruitiness and silky tannins.<\/p>\n<h3>VINEYARDS :<\/h3>\n<p><strong>Town:<\/strong> TURQUANT<br \/>\n<strong>Location :<\/strong>plateau, clay-limestone soil<br \/>\n<strong>Grape variety :<\/strong> cabernet franc 100 %<br \/>\n<strong>Age:<\/strong> under 25<br \/>\n<strong>Vineyard management:<\/strong> Integrated vineyard management is practised in order to respect the environment; Guyot Val de Loire pruning, grassing and alternate cultivation between rows in order to control vigour; leaf thinning.<br \/>\n<strong>Yield:<\/strong> 50-55 hl \/ ha<\/p>\n<\/div>\n<div class=\"element element-textarea element-textareapro\">\n<p><strong>HARVESTING:<\/strong> At full maturity, mechanical<\/p>\n<\/div>\n<div class=\"element element-textarea element-textareapro last\">\n<p><strong>VINIFICATION:<\/strong> Harvest entirely destemmed, vatting for 10-15 days; malolactic fermentation; racking then filtration on soil in February\/March.<\/p>\n<\/div>\n<p><strong>AGEING:<\/strong> In vats for 4 months and bottled by us. La vinification, l&#8217;\u00e9levage et le stockage se d\u00e9roulent enti\u00e8rement dans des caves troglodytiques creus\u00e9es dans le tuffeau, \u00e0 une temp\u00e9rature quasi constante de 10-12\u00b0C.<\/p>\n<p><strong>TASTING NOTES:<\/strong> The fruity nose, backed up by persistent red fruit flavours on the palate, and its lightness make this a delicious wine. This low-ageing cuv\u00e9e (2-3 years) is best appreciated for its freshness.<\/p>\n<p><strong>FOOD &amp; WINE Pairings:<\/strong> Serve slightly chilled at 12-14\u00b0C as an aperitif, with fish, cold meats and roast white meats.<\/p>\n","protected":false},"excerpt":{"rendered":"<p>Located in the heart of the Saumur vineyards, our estate, managed by Marc and Etienne Rideau, is located in TURQUANT, a village of winegrowers, charm and crafts; but also in the heart of the Loire Valley, a UNESCO World Heritage Site.<br \/>\nMarc Rideau took over his grandfather&#8217;s vineyards in 1985, then another estate in 1993 and expanded the vineyard: 12 hectares spread over four communes, Montsoreau, Parnay, Souzay, Champigny and Turquant. His son \u00c9tienne joined him in 2015.<\/p>\n","protected":false},"featured_media":10229,"template":"","meta":{"inline_featured_image":false},"product_brand":[],"product_cat":[334,343,333],"product_tag":[354,378,362,352],"class_list":{"0":"post-7726","1":"product","2":"type-product","3":"status-publish","4":"has-post-thumbnail","6":"product_cat-anjou-en","7":"product_cat-red-wines","8":"product_cat-wines","9":"product_tag-aperitif-en","10":"product_tag-input","11":"product_tag-meat","12":"product_tag-wine","13":"product_shipping_class-bottle","15":"first","16":"instock","17":"featured","18":"taxable","19":"shipping-taxable","20":"purchasable","21":"product-type-simple"},"yoast_head":"<!-- This site is optimized with the Yoast SEO plugin v27.3 - https:\/\/yoast.com\/product\/yoast-seo-wordpress\/ -->\n<title>SAUMUR CHAMPIGNY AOP GM DOMAINE DES AMANDIERS - Loire Gourmande - a tasty stage<\/title>\n<meta name=\"description\" content=\"SAUMUR CHAMPIGNY AOP GM DOMAINE DES AMANDIERS. Loire Valley wine. Order from the Loire Gourmande website. Wine merchant in Turquant (49).\" \/>\n<meta name=\"robots\" content=\"index, follow, max-snippet:-1, max-image-preview:large, max-video-preview:-1\" \/>\n<link rel=\"canonical\" href=\"https:\/\/www.loire-gourmande.fr\/en\/product\/saumur-champigny-dpo-domaine-des-amandiers-2\/\" \/>\n<meta property=\"og:locale\" content=\"en_US\" \/>\n<meta property=\"og:type\" content=\"article\" \/>\n<meta property=\"og:title\" content=\"SAUMUR CHAMPIGNY AOP GM DOMAINE DES AMANDIERS - Loire Gourmande - a tasty stage\" \/>\n<meta property=\"og:description\" content=\"SAUMUR CHAMPIGNY AOP GM DOMAINE DES AMANDIERS. Loire Valley wine. Order from the Loire Gourmande website. Wine merchant in Turquant (49).\" \/>\n<meta property=\"og:url\" content=\"https:\/\/www.loire-gourmande.fr\/en\/product\/saumur-champigny-dpo-domaine-des-amandiers-2\/\" \/>\n<meta property=\"og:site_name\" content=\"Loire Gourmande - a tasty stage\" \/>\n<meta property=\"article:publisher\" content=\"https:\/\/www.facebook.com\/Loire-Gourmande-Turquant-101991328328493\/\" \/>\n<meta property=\"article:modified_time\" content=\"2025-05-27T15:21:45+00:00\" \/>\n<meta property=\"og:image\" content=\"https:\/\/www.loire-gourmande.fr\/wp-content\/uploads\/2021\/04\/GM.jpg\" \/>\n\t<meta property=\"og:image:width\" content=\"800\" \/>\n\t<meta property=\"og:image:height\" content=\"800\" \/>\n\t<meta property=\"og:image:type\" content=\"image\/jpeg\" \/>\n<meta name=\"twitter:card\" content=\"summary_large_image\" \/>\n<meta name=\"twitter:label1\" content=\"Est. reading time\" \/>\n\t<meta name=\"twitter:data1\" content=\"1 minute\" \/>\n<script type=\"application\/ld+json\" class=\"yoast-schema-graph\">{\"@context\":\"https:\\\/\\\/schema.org\",\"@graph\":[{\"@type\":\"WebPage\",\"@id\":\"https:\\\/\\\/www.loire-gourmande.fr\\\/en\\\/product\\\/saumur-champigny-dpo-domaine-des-amandiers-2\\\/\",\"url\":\"https:\\\/\\\/www.loire-gourmande.fr\\\/en\\\/product\\\/saumur-champigny-dpo-domaine-des-amandiers-2\\\/\",\"name\":\"SAUMUR CHAMPIGNY AOP GM DOMAINE DES AMANDIERS - Loire Gourmande - a tasty stage\",\"isPartOf\":{\"@id\":\"https:\\\/\\\/www.loire-gourmande.fr\\\/en\\\/#website\"},\"primaryImageOfPage\":{\"@id\":\"https:\\\/\\\/www.loire-gourmande.fr\\\/en\\\/product\\\/saumur-champigny-dpo-domaine-des-amandiers-2\\\/#primaryimage\"},\"image\":{\"@id\":\"https:\\\/\\\/www.loire-gourmande.fr\\\/en\\\/product\\\/saumur-champigny-dpo-domaine-des-amandiers-2\\\/#primaryimage\"},\"thumbnailUrl\":\"https:\\\/\\\/www.loire-gourmande.fr\\\/wp-content\\\/uploads\\\/2021\\\/04\\\/GM.jpg\",\"datePublished\":\"2021-04-29T10:05:40+00:00\",\"dateModified\":\"2025-05-27T15:21:45+00:00\",\"description\":\"SAUMUR CHAMPIGNY AOP GM DOMAINE DES AMANDIERS. Loire Valley wine. Order from the Loire Gourmande website. Wine merchant in Turquant (49).\",\"breadcrumb\":{\"@id\":\"https:\\\/\\\/www.loire-gourmande.fr\\\/en\\\/product\\\/saumur-champigny-dpo-domaine-des-amandiers-2\\\/#breadcrumb\"},\"inLanguage\":\"en-US\",\"potentialAction\":[{\"@type\":\"ReadAction\",\"target\":[\"https:\\\/\\\/www.loire-gourmande.fr\\\/en\\\/product\\\/saumur-champigny-dpo-domaine-des-amandiers-2\\\/\"]}]},{\"@type\":\"ImageObject\",\"inLanguage\":\"en-US\",\"@id\":\"https:\\\/\\\/www.loire-gourmande.fr\\\/en\\\/product\\\/saumur-champigny-dpo-domaine-des-amandiers-2\\\/#primaryimage\",\"url\":\"https:\\\/\\\/www.loire-gourmande.fr\\\/wp-content\\\/uploads\\\/2021\\\/04\\\/GM.jpg\",\"contentUrl\":\"https:\\\/\\\/www.loire-gourmande.fr\\\/wp-content\\\/uploads\\\/2021\\\/04\\\/GM.jpg\",\"width\":800,\"height\":800},{\"@type\":\"BreadcrumbList\",\"@id\":\"https:\\\/\\\/www.loire-gourmande.fr\\\/en\\\/product\\\/saumur-champigny-dpo-domaine-des-amandiers-2\\\/#breadcrumb\",\"itemListElement\":[{\"@type\":\"ListItem\",\"position\":1,\"name\":\"Home\",\"item\":\"https:\\\/\\\/www.loire-gourmande.fr\\\/en\\\/\"},{\"@type\":\"ListItem\",\"position\":2,\"name\":\"The Boutique de Loire Gourmande: the wines of the Loire\",\"item\":\"https:\\\/\\\/www.loire-gourmande.fr\\\/en\\\/woocommerce\\\/\"},{\"@type\":\"ListItem\",\"position\":3,\"name\":\"Wines\",\"item\":\"https:\\\/\\\/www.loire-gourmande.fr\\\/en\\\/product-category\\\/wines\\\/\"},{\"@type\":\"ListItem\",\"position\":4,\"name\":\"Anjou\",\"item\":\"https:\\\/\\\/www.loire-gourmande.fr\\\/en\\\/product-category\\\/wines\\\/anjou-en\\\/\"},{\"@type\":\"ListItem\",\"position\":5,\"name\":\"SAUMUR CHAMPIGNY AOP GM DOMAINE DES AMANDIERS\"}]},{\"@type\":\"WebSite\",\"@id\":\"https:\\\/\\\/www.loire-gourmande.fr\\\/en\\\/#website\",\"url\":\"https:\\\/\\\/www.loire-gourmande.fr\\\/en\\\/\",\"name\":\"Loire Gourmande, une \u00e9tape savoureuse\",\"description\":\"a tasting session at any time and a shop to visit in Turquant (49)\\n\\n\\n\\n\\n\\n\\n\\n\",\"publisher\":{\"@id\":\"https:\\\/\\\/www.loire-gourmande.fr\\\/en\\\/#organization\"},\"potentialAction\":[{\"@type\":\"SearchAction\",\"target\":{\"@type\":\"EntryPoint\",\"urlTemplate\":\"https:\\\/\\\/www.loire-gourmande.fr\\\/en\\\/?s={search_term_string}\"},\"query-input\":{\"@type\":\"PropertyValueSpecification\",\"valueRequired\":true,\"valueName\":\"search_term_string\"}}],\"inLanguage\":\"en-US\"},{\"@type\":\"Organization\",\"@id\":\"https:\\\/\\\/www.loire-gourmande.fr\\\/en\\\/#organization\",\"name\":\"Loire Gourmande - restauration rapide et visite \u00e0 Turquant (49)\",\"url\":\"https:\\\/\\\/www.loire-gourmande.fr\\\/en\\\/\",\"logo\":{\"@type\":\"ImageObject\",\"inLanguage\":\"en-US\",\"@id\":\"https:\\\/\\\/www.loire-gourmande.fr\\\/en\\\/#\\\/schema\\\/logo\\\/image\\\/\",\"url\":\"https:\\\/\\\/www.loire-gourmande.fr\\\/wp-content\\\/uploads\\\/2020\\\/10\\\/loire-gourmande-logo.jpg\",\"contentUrl\":\"https:\\\/\\\/www.loire-gourmande.fr\\\/wp-content\\\/uploads\\\/2020\\\/10\\\/loire-gourmande-logo.jpg\",\"width\":800,\"height\":415,\"caption\":\"Loire Gourmande - restauration rapide et visite \u00e0 Turquant (49)\"},\"image\":{\"@id\":\"https:\\\/\\\/www.loire-gourmande.fr\\\/en\\\/#\\\/schema\\\/logo\\\/image\\\/\"},\"sameAs\":[\"https:\\\/\\\/www.facebook.com\\\/Loire-Gourmande-Turquant-101991328328493\\\/\",\"https:\\\/\\\/www.instagram.com\\\/jean_yves_auradon\\\/?igshid=1ta3mfjka326t\"]}]}<\/script>\n<!-- \/ Yoast SEO plugin. -->","yoast_head_json":{"title":"SAUMUR CHAMPIGNY AOP GM DOMAINE DES AMANDIERS - Loire Gourmande - a tasty stage","description":"SAUMUR CHAMPIGNY AOP GM DOMAINE DES AMANDIERS. Loire Valley wine. Order from the Loire Gourmande website. Wine merchant in Turquant (49).","robots":{"index":"index","follow":"follow","max-snippet":"max-snippet:-1","max-image-preview":"max-image-preview:large","max-video-preview":"max-video-preview:-1"},"canonical":"https:\/\/www.loire-gourmande.fr\/en\/product\/saumur-champigny-dpo-domaine-des-amandiers-2\/","og_locale":"en_US","og_type":"article","og_title":"SAUMUR CHAMPIGNY AOP GM DOMAINE DES AMANDIERS - Loire Gourmande - a tasty stage","og_description":"SAUMUR CHAMPIGNY AOP GM DOMAINE DES AMANDIERS. Loire Valley wine. Order from the Loire Gourmande website. Wine merchant in Turquant (49).","og_url":"https:\/\/www.loire-gourmande.fr\/en\/product\/saumur-champigny-dpo-domaine-des-amandiers-2\/","og_site_name":"Loire Gourmande - a tasty stage","article_publisher":"https:\/\/www.facebook.com\/Loire-Gourmande-Turquant-101991328328493\/","article_modified_time":"2025-05-27T15:21:45+00:00","og_image":[{"width":800,"height":800,"url":"https:\/\/www.loire-gourmande.fr\/wp-content\/uploads\/2021\/04\/GM.jpg","type":"image\/jpeg"}],"twitter_card":"summary_large_image","twitter_misc":{"Est. reading time":"1 minute"},"schema":{"@context":"https:\/\/schema.org","@graph":[{"@type":"WebPage","@id":"https:\/\/www.loire-gourmande.fr\/en\/product\/saumur-champigny-dpo-domaine-des-amandiers-2\/","url":"https:\/\/www.loire-gourmande.fr\/en\/product\/saumur-champigny-dpo-domaine-des-amandiers-2\/","name":"SAUMUR CHAMPIGNY AOP GM DOMAINE DES AMANDIERS - Loire Gourmande - a tasty stage","isPartOf":{"@id":"https:\/\/www.loire-gourmande.fr\/en\/#website"},"primaryImageOfPage":{"@id":"https:\/\/www.loire-gourmande.fr\/en\/product\/saumur-champigny-dpo-domaine-des-amandiers-2\/#primaryimage"},"image":{"@id":"https:\/\/www.loire-gourmande.fr\/en\/product\/saumur-champigny-dpo-domaine-des-amandiers-2\/#primaryimage"},"thumbnailUrl":"https:\/\/www.loire-gourmande.fr\/wp-content\/uploads\/2021\/04\/GM.jpg","datePublished":"2021-04-29T10:05:40+00:00","dateModified":"2025-05-27T15:21:45+00:00","description":"SAUMUR CHAMPIGNY AOP GM DOMAINE DES AMANDIERS. Loire Valley wine. Order from the Loire Gourmande website. Wine merchant in Turquant (49).","breadcrumb":{"@id":"https:\/\/www.loire-gourmande.fr\/en\/product\/saumur-champigny-dpo-domaine-des-amandiers-2\/#breadcrumb"},"inLanguage":"en-US","potentialAction":[{"@type":"ReadAction","target":["https:\/\/www.loire-gourmande.fr\/en\/product\/saumur-champigny-dpo-domaine-des-amandiers-2\/"]}]},{"@type":"ImageObject","inLanguage":"en-US","@id":"https:\/\/www.loire-gourmande.fr\/en\/product\/saumur-champigny-dpo-domaine-des-amandiers-2\/#primaryimage","url":"https:\/\/www.loire-gourmande.fr\/wp-content\/uploads\/2021\/04\/GM.jpg","contentUrl":"https:\/\/www.loire-gourmande.fr\/wp-content\/uploads\/2021\/04\/GM.jpg","width":800,"height":800},{"@type":"BreadcrumbList","@id":"https:\/\/www.loire-gourmande.fr\/en\/product\/saumur-champigny-dpo-domaine-des-amandiers-2\/#breadcrumb","itemListElement":[{"@type":"ListItem","position":1,"name":"Home","item":"https:\/\/www.loire-gourmande.fr\/en\/"},{"@type":"ListItem","position":2,"name":"The Boutique de Loire Gourmande: the wines of the Loire","item":"https:\/\/www.loire-gourmande.fr\/en\/woocommerce\/"},{"@type":"ListItem","position":3,"name":"Wines","item":"https:\/\/www.loire-gourmande.fr\/en\/product-category\/wines\/"},{"@type":"ListItem","position":4,"name":"Anjou","item":"https:\/\/www.loire-gourmande.fr\/en\/product-category\/wines\/anjou-en\/"},{"@type":"ListItem","position":5,"name":"SAUMUR CHAMPIGNY AOP GM DOMAINE DES AMANDIERS"}]},{"@type":"WebSite","@id":"https:\/\/www.loire-gourmande.fr\/en\/#website","url":"https:\/\/www.loire-gourmande.fr\/en\/","name":"Loire Gourmande, une \u00e9tape savoureuse","description":"a tasting session at any time and a shop to visit in Turquant (49)\n\n\n\n\n\n\n\n","publisher":{"@id":"https:\/\/www.loire-gourmande.fr\/en\/#organization"},"potentialAction":[{"@type":"SearchAction","target":{"@type":"EntryPoint","urlTemplate":"https:\/\/www.loire-gourmande.fr\/en\/?s={search_term_string}"},"query-input":{"@type":"PropertyValueSpecification","valueRequired":true,"valueName":"search_term_string"}}],"inLanguage":"en-US"},{"@type":"Organization","@id":"https:\/\/www.loire-gourmande.fr\/en\/#organization","name":"Loire Gourmande - restauration rapide et visite \u00e0 Turquant (49)","url":"https:\/\/www.loire-gourmande.fr\/en\/","logo":{"@type":"ImageObject","inLanguage":"en-US","@id":"https:\/\/www.loire-gourmande.fr\/en\/#\/schema\/logo\/image\/","url":"https:\/\/www.loire-gourmande.fr\/wp-content\/uploads\/2020\/10\/loire-gourmande-logo.jpg","contentUrl":"https:\/\/www.loire-gourmande.fr\/wp-content\/uploads\/2020\/10\/loire-gourmande-logo.jpg","width":800,"height":415,"caption":"Loire Gourmande - restauration rapide et visite \u00e0 Turquant (49)"},"image":{"@id":"https:\/\/www.loire-gourmande.fr\/en\/#\/schema\/logo\/image\/"},"sameAs":["https:\/\/www.facebook.com\/Loire-Gourmande-Turquant-101991328328493\/","https:\/\/www.instagram.com\/jean_yves_auradon\/?igshid=1ta3mfjka326t"]}]}},"_links":{"self":[{"href":"https:\/\/www.loire-gourmande.fr\/en\/wp-json\/wp\/v2\/product\/7726","targetHints":{"allow":["GET"]}}],"collection":[{"href":"https:\/\/www.loire-gourmande.fr\/en\/wp-json\/wp\/v2\/product"}],"about":[{"href":"https:\/\/www.loire-gourmande.fr\/en\/wp-json\/wp\/v2\/types\/product"}],"version-history":[{"count":3,"href":"https:\/\/www.loire-gourmande.fr\/en\/wp-json\/wp\/v2\/product\/7726\/revisions"}],"predecessor-version":[{"id":13155,"href":"https:\/\/www.loire-gourmande.fr\/en\/wp-json\/wp\/v2\/product\/7726\/revisions\/13155"}],"wp:featuredmedia":[{"embeddable":true,"href":"https:\/\/www.loire-gourmande.fr\/en\/wp-json\/wp\/v2\/media\/10229"}],"wp:attachment":[{"href":"https:\/\/www.loire-gourmande.fr\/en\/wp-json\/wp\/v2\/media?parent=7726"}],"wp:term":[{"taxonomy":"product_brand","embeddable":true,"href":"https:\/\/www.loire-gourmande.fr\/en\/wp-json\/wp\/v2\/product_brand?post=7726"},{"taxonomy":"product_cat","embeddable":true,"href":"https:\/\/www.loire-gourmande.fr\/en\/wp-json\/wp\/v2\/product_cat?post=7726"},{"taxonomy":"product_tag","embeddable":true,"href":"https:\/\/www.loire-gourmande.fr\/en\/wp-json\/wp\/v2\/product_tag?post=7726"}],"curies":[{"name":"wp","href":"https:\/\/api.w.org\/{rel}","templated":true}]}}