{"id":7879,"date":"2021-04-29T10:05:39","date_gmt":"2021-04-29T10:05:39","guid":{"rendered":"https:\/\/www.loire-gourmande.fr\/produit\/saumur-blanc-dpo-ardile-domaine-des-guyons\/"},"modified":"2025-05-27T16:31:25","modified_gmt":"2025-05-27T15:31:25","slug":"saumur-blanc-dpo-ardile-domaine-des-guyons","status":"publish","type":"product","link":"https:\/\/www.loire-gourmande.fr\/en\/product\/saumur-blanc-dpo-ardile-domaine-des-guyons\/","title":{"rendered":"SAUMUR BLANC DPO ARDILE DOMAINE DES GUYONS"},"content":{"rendered":"<div id=\"bgLayers_comp-j4zngr2l\" class=\"MW5IWV\" data-hook=\"bgLayers\">\n<div>Made from old vines over 80 years old, L&#8217;Ardile is perfectly in line with Franck&#8217;s quest for grapes with a high degree of ripeness, giving the wine real density and capable of conveying the nuances of this clay-limestone terroir. Aged for 18 months, this Saumur develops a complex bouquet of exotic white fruit. Don&#8217;t forget to open it 1 hour before serving, so that it can be aired quickly or even decanted.<\/div>\n<div id=\"bgMedia_comp-j4zngr2l\" class=\"VgO9Yg\">\n<p>VINEYARDS: Old vines (80 years old) of Chenin or Pineau de Loire 100% from selection massale.<\/p>\n<p>TERROIR: Middle Turonian clay-limestone. The microclimate of the Saumur region is the warmest and driest in the entire Loire Valley.<\/p>\n<p>VINIFICATION &amp; REFINEMENT:<span class=\"wixui-rich-text__text\">Direct filling into a pneumatic press and, after settling,<\/span><span class=\"wixui-rich-text__text\">fermentatispanon alcoolique en barriques bourguignonnes<\/span><span class=\"wixui-rich-text__text\"> 230 litre capacity. Non-thermo regulated wine, with no added input.<br \/>\n<\/span><span class=\"wixui-rich-text__text\">Maturation: Alcoholic fermentation lasts for weeks in barrels <\/span><span class=\"wixui-rich-text__text\">; no<\/span><span class=\"wixui-rich-text__text\">fermentation.<\/span><span class=\"wixui-rich-text__text\"> malolactic. The wine stays 18<\/span> <span class=\"wixui-rich-text__text\">months with more or <\/span><span class=\"wixui-rich-text__text\">less stirring of the lees depend <\/span><span class=\"wixui-rich-text__text\">ding<\/span><span class=\"wixui-rich-text__text\">on the vintage to add fat.<\/span><span class=\"wixui-rich-text__text\">Su<\/span><span class=\"wixui-rich-text__text\">residual sugar and alcohol: &lt; 2g\/l. and &gt;13% Vol<\/span><\/p>\n<p>VITICULTURE: <span class=\"wixui-rich-text__text\">Tilled soils; no chemical fertilisers <\/span><span class=\"wixui-rich-text__text\">; search for healthy bunches of grapes <\/span><span class=\"wixui-rich-text__text\">(single Guyot pruning, aeration by splitting <\/span><span class=\"wixui-rich-text__text\"> ,thinning, leaf removal, etc.).<\/span>The grapes are harvested by selection from very ripe bunches, but not botrytised, with the aim of producing a dry white wine.<\/p>\n<p>TASTING NOTES: A yellow colour with green highlights and a complex nose of exotic white fruit: lychee, carambola and a few mineral notes. Structured on the palate, with tangy citrus notes, long and fresh.<\/p>\n<p>AGING POTENTIAL : <span class=\"wixui-rich-text__text\">Conservation: Chenin is known for its great ageing potential <\/span><span class=\"wixui-rich-text__text\">(15 years or<\/span><span class=\"wixui-rich-text__text\">more) but many people don&#8217;t wait to appreciate its noble aromas<br \/>\n<\/span><\/p>\n<\/div>\n<\/div>\n<div class=\"\" data-mesh-id=\"comp-j4zngr2linlineContent\" data-testid=\"inline-content\">\n<div data-mesh-id=\"comp-j4zngr2linlineContent-gridContainer\" data-testid=\"mesh-container-content\">\n<div data-mesh-id=\"comp-j4zqqar5-rotated-wrapper\">\n<div id=\"comp-j4zqqar5\" class=\"comp-j4zqqar5 aVng1S wixui-horizontal-line\">Accords mets et vins : Pas trop frais (10-12\u00b0C) avec des poissons grill\u00e9s, des viandes blanches, des fromages \u00e0 p\u00e2te cuite ou ferment\u00e9e ou simplement en ap\u00e9ritif.<\/div>\n<\/div>\n<\/div>\n<\/div>\n","protected":false},"excerpt":{"rendered":"<p><strong>Franck Bimont<\/strong> is the talent of a simple man. He lets the vines express themselves freely, bringing out the specificity of each vintage and creating expressive, elegant and much-loved wines. In the Loire Valley, the Domaine des Guyons is located in the heart of the southern Saumur region, in the charming village of Le Puy Notre Dame. A Saumur mecca, Le Puy Notre Dame is a concentration of talented winemakers, including Franck Bimont at the Domaine des Guyons.<br \/>\nOn this 19-hectare estate, the vines, which have an average age of 50 years, grow on Turonian soils.<br \/>\nThe limestone in particular gives the wine its freshness and finesse, but the tuffeau has also enabled huge cellars to be built, allowing the wine to mature quietly.<br \/>\nFranck Bimont produces a range of highly expressive, elegant wines.<\/p>\n","protected":false},"featured_media":14340,"template":"","meta":{"inline_featured_image":false},"product_brand":[],"product_cat":[334,345,337,333],"product_tag":[356,365,378,352],"class_list":{"0":"post-7879","1":"product","2":"type-product","3":"status-publish","4":"has-post-thumbnail","6":"product_cat-anjou-en","7":"product_cat-organic-wines","8":"product_cat-white-wines","9":"product_cat-wines","10":"product_tag-fish","11":"product_tag-guard","12":"product_tag-input","13":"product_tag-wine","14":"product_shipping_class-bottle","16":"first","17":"instock","18":"featured","19":"taxable","20":"shipping-taxable","21":"purchasable","22":"product-type-simple"},"yoast_head":"<!-- This site is optimized with the Yoast SEO plugin v27.6 - https:\/\/yoast.com\/product\/yoast-seo-wordpress\/ -->\n<title>SAUMUR BLANC DPO ARDILE DOMAINE DES GUYONS - Loire Gourmande - a tasty stage<\/title>\n<meta name=\"description\" content=\"SAUMUR BLANC AOP ARDILE DOMAINE DES GUYONS. Loire Valley wines. Order from the Loire Gourmande website. Wine merchant in Turquant (49).\" \/>\n<meta name=\"robots\" content=\"index, follow, max-snippet:-1, max-image-preview:large, max-video-preview:-1\" \/>\n<link rel=\"canonical\" href=\"https:\/\/www.loire-gourmande.fr\/en\/product\/saumur-blanc-dpo-ardile-domaine-des-guyons\/\" \/>\n<meta property=\"og:locale\" content=\"en_US\" \/>\n<meta property=\"og:type\" content=\"article\" \/>\n<meta property=\"og:title\" content=\"SAUMUR BLANC DPO ARDILE DOMAINE DES GUYONS - Loire Gourmande - a tasty stage\" \/>\n<meta property=\"og:description\" content=\"SAUMUR BLANC AOP ARDILE DOMAINE DES GUYONS. Loire Valley wines. Order from the Loire Gourmande website. Wine merchant in Turquant (49).\" \/>\n<meta property=\"og:url\" content=\"https:\/\/www.loire-gourmande.fr\/en\/product\/saumur-blanc-dpo-ardile-domaine-des-guyons\/\" \/>\n<meta property=\"og:site_name\" content=\"Loire Gourmande - a tasty stage\" \/>\n<meta property=\"article:publisher\" content=\"https:\/\/www.facebook.com\/Loire-Gourmande-Turquant-101991328328493\/\" \/>\n<meta property=\"article:modified_time\" content=\"2025-05-27T15:31:25+00:00\" \/>\n<meta property=\"og:image\" content=\"https:\/\/www.loire-gourmande.fr\/wp-content\/uploads\/2021\/04\/LARDILE-Franck-Bimont-821x1024.png\" \/>\n\t<meta property=\"og:image:width\" content=\"821\" \/>\n\t<meta property=\"og:image:height\" content=\"1024\" \/>\n\t<meta property=\"og:image:type\" content=\"image\/png\" \/>\n<meta name=\"twitter:card\" content=\"summary_large_image\" \/>\n<meta name=\"twitter:label1\" content=\"Est. reading time\" \/>\n\t<meta name=\"twitter:data1\" content=\"1 minute\" \/>\n<script type=\"application\/ld+json\" class=\"yoast-schema-graph\">{\"@context\":\"https:\\\/\\\/schema.org\",\"@graph\":[{\"@type\":\"WebPage\",\"@id\":\"https:\\\/\\\/www.loire-gourmande.fr\\\/en\\\/product\\\/saumur-blanc-dpo-ardile-domaine-des-guyons\\\/\",\"url\":\"https:\\\/\\\/www.loire-gourmande.fr\\\/en\\\/product\\\/saumur-blanc-dpo-ardile-domaine-des-guyons\\\/\",\"name\":\"SAUMUR BLANC DPO ARDILE DOMAINE DES GUYONS - Loire Gourmande - a tasty stage\",\"isPartOf\":{\"@id\":\"https:\\\/\\\/www.loire-gourmande.fr\\\/en\\\/#website\"},\"primaryImageOfPage\":{\"@id\":\"https:\\\/\\\/www.loire-gourmande.fr\\\/en\\\/product\\\/saumur-blanc-dpo-ardile-domaine-des-guyons\\\/#primaryimage\"},\"image\":{\"@id\":\"https:\\\/\\\/www.loire-gourmande.fr\\\/en\\\/product\\\/saumur-blanc-dpo-ardile-domaine-des-guyons\\\/#primaryimage\"},\"thumbnailUrl\":\"https:\\\/\\\/www.loire-gourmande.fr\\\/wp-content\\\/uploads\\\/2021\\\/04\\\/Capture-decran-2026-01-26-a-16.51.30.png\",\"datePublished\":\"2021-04-29T10:05:39+00:00\",\"dateModified\":\"2025-05-27T15:31:25+00:00\",\"description\":\"SAUMUR BLANC AOP ARDILE DOMAINE DES GUYONS. Loire Valley wines. Order from the Loire Gourmande website. Wine merchant in Turquant (49).\",\"breadcrumb\":{\"@id\":\"https:\\\/\\\/www.loire-gourmande.fr\\\/en\\\/product\\\/saumur-blanc-dpo-ardile-domaine-des-guyons\\\/#breadcrumb\"},\"inLanguage\":\"en-US\",\"potentialAction\":[{\"@type\":\"ReadAction\",\"target\":[\"https:\\\/\\\/www.loire-gourmande.fr\\\/en\\\/product\\\/saumur-blanc-dpo-ardile-domaine-des-guyons\\\/\"]}]},{\"@type\":\"ImageObject\",\"inLanguage\":\"en-US\",\"@id\":\"https:\\\/\\\/www.loire-gourmande.fr\\\/en\\\/product\\\/saumur-blanc-dpo-ardile-domaine-des-guyons\\\/#primaryimage\",\"url\":\"https:\\\/\\\/www.loire-gourmande.fr\\\/wp-content\\\/uploads\\\/2021\\\/04\\\/Capture-decran-2026-01-26-a-16.51.30.png\",\"contentUrl\":\"https:\\\/\\\/www.loire-gourmande.fr\\\/wp-content\\\/uploads\\\/2021\\\/04\\\/Capture-decran-2026-01-26-a-16.51.30.png\",\"width\":1320,\"height\":1320},{\"@type\":\"BreadcrumbList\",\"@id\":\"https:\\\/\\\/www.loire-gourmande.fr\\\/en\\\/product\\\/saumur-blanc-dpo-ardile-domaine-des-guyons\\\/#breadcrumb\",\"itemListElement\":[{\"@type\":\"ListItem\",\"position\":1,\"name\":\"Home\",\"item\":\"https:\\\/\\\/www.loire-gourmande.fr\\\/en\\\/\"},{\"@type\":\"ListItem\",\"position\":2,\"name\":\"The Boutique de Loire Gourmande: the wines of the Loire\",\"item\":\"https:\\\/\\\/www.loire-gourmande.fr\\\/en\\\/woocommerce\\\/\"},{\"@type\":\"ListItem\",\"position\":3,\"name\":\"Wines\",\"item\":\"https:\\\/\\\/www.loire-gourmande.fr\\\/en\\\/product-category\\\/wines\\\/\"},{\"@type\":\"ListItem\",\"position\":4,\"name\":\"Anjou\",\"item\":\"https:\\\/\\\/www.loire-gourmande.fr\\\/en\\\/product-category\\\/wines\\\/anjou-en\\\/\"},{\"@type\":\"ListItem\",\"position\":5,\"name\":\"SAUMUR BLANC DPO ARDILE DOMAINE DES GUYONS\"}]},{\"@type\":\"WebSite\",\"@id\":\"https:\\\/\\\/www.loire-gourmande.fr\\\/en\\\/#website\",\"url\":\"https:\\\/\\\/www.loire-gourmande.fr\\\/en\\\/\",\"name\":\"Loire Gourmande, une \u00e9tape savoureuse\",\"description\":\"a tasting session at any time and a shop to visit in Turquant (49)\\n\\n\\n\\n\\n\\n\\n\\n\",\"publisher\":{\"@id\":\"https:\\\/\\\/www.loire-gourmande.fr\\\/en\\\/#organization\"},\"potentialAction\":[{\"@type\":\"SearchAction\",\"target\":{\"@type\":\"EntryPoint\",\"urlTemplate\":\"https:\\\/\\\/www.loire-gourmande.fr\\\/en\\\/?s={search_term_string}\"},\"query-input\":{\"@type\":\"PropertyValueSpecification\",\"valueRequired\":true,\"valueName\":\"search_term_string\"}}],\"inLanguage\":\"en-US\"},{\"@type\":\"Organization\",\"@id\":\"https:\\\/\\\/www.loire-gourmande.fr\\\/en\\\/#organization\",\"name\":\"Loire Gourmande - restauration rapide et visite \u00e0 Turquant (49)\",\"url\":\"https:\\\/\\\/www.loire-gourmande.fr\\\/en\\\/\",\"logo\":{\"@type\":\"ImageObject\",\"inLanguage\":\"en-US\",\"@id\":\"https:\\\/\\\/www.loire-gourmande.fr\\\/en\\\/#\\\/schema\\\/logo\\\/image\\\/\",\"url\":\"https:\\\/\\\/www.loire-gourmande.fr\\\/wp-content\\\/uploads\\\/2020\\\/10\\\/loire-gourmande-logo.jpg\",\"contentUrl\":\"https:\\\/\\\/www.loire-gourmande.fr\\\/wp-content\\\/uploads\\\/2020\\\/10\\\/loire-gourmande-logo.jpg\",\"width\":800,\"height\":415,\"caption\":\"Loire Gourmande - restauration rapide et visite \u00e0 Turquant (49)\"},\"image\":{\"@id\":\"https:\\\/\\\/www.loire-gourmande.fr\\\/en\\\/#\\\/schema\\\/logo\\\/image\\\/\"},\"sameAs\":[\"https:\\\/\\\/www.facebook.com\\\/Loire-Gourmande-Turquant-101991328328493\\\/\",\"https:\\\/\\\/www.instagram.com\\\/jean_yves_auradon\\\/?igshid=1ta3mfjka326t\"]}]}<\/script>\n<!-- \/ Yoast SEO plugin. -->","yoast_head_json":{"title":"SAUMUR BLANC DPO ARDILE DOMAINE DES GUYONS - Loire Gourmande - a tasty stage","description":"SAUMUR BLANC AOP ARDILE DOMAINE DES GUYONS. Loire Valley wines. Order from the Loire Gourmande website. Wine merchant in Turquant (49).","robots":{"index":"index","follow":"follow","max-snippet":"max-snippet:-1","max-image-preview":"max-image-preview:large","max-video-preview":"max-video-preview:-1"},"canonical":"https:\/\/www.loire-gourmande.fr\/en\/product\/saumur-blanc-dpo-ardile-domaine-des-guyons\/","og_locale":"en_US","og_type":"article","og_title":"SAUMUR BLANC DPO ARDILE DOMAINE DES GUYONS - Loire Gourmande - a tasty stage","og_description":"SAUMUR BLANC AOP ARDILE DOMAINE DES GUYONS. Loire Valley wines. Order from the Loire Gourmande website. Wine merchant in Turquant (49).","og_url":"https:\/\/www.loire-gourmande.fr\/en\/product\/saumur-blanc-dpo-ardile-domaine-des-guyons\/","og_site_name":"Loire Gourmande - a tasty stage","article_publisher":"https:\/\/www.facebook.com\/Loire-Gourmande-Turquant-101991328328493\/","article_modified_time":"2025-05-27T15:31:25+00:00","og_image":[{"width":821,"height":1024,"url":"https:\/\/www.loire-gourmande.fr\/wp-content\/uploads\/2021\/04\/LARDILE-Franck-Bimont-821x1024.png","type":"image\/png"}],"twitter_card":"summary_large_image","twitter_misc":{"Est. reading time":"1 minute"},"schema":{"@context":"https:\/\/schema.org","@graph":[{"@type":"WebPage","@id":"https:\/\/www.loire-gourmande.fr\/en\/product\/saumur-blanc-dpo-ardile-domaine-des-guyons\/","url":"https:\/\/www.loire-gourmande.fr\/en\/product\/saumur-blanc-dpo-ardile-domaine-des-guyons\/","name":"SAUMUR BLANC DPO ARDILE DOMAINE DES GUYONS - Loire Gourmande - a tasty stage","isPartOf":{"@id":"https:\/\/www.loire-gourmande.fr\/en\/#website"},"primaryImageOfPage":{"@id":"https:\/\/www.loire-gourmande.fr\/en\/product\/saumur-blanc-dpo-ardile-domaine-des-guyons\/#primaryimage"},"image":{"@id":"https:\/\/www.loire-gourmande.fr\/en\/product\/saumur-blanc-dpo-ardile-domaine-des-guyons\/#primaryimage"},"thumbnailUrl":"https:\/\/www.loire-gourmande.fr\/wp-content\/uploads\/2021\/04\/Capture-decran-2026-01-26-a-16.51.30.png","datePublished":"2021-04-29T10:05:39+00:00","dateModified":"2025-05-27T15:31:25+00:00","description":"SAUMUR BLANC AOP ARDILE DOMAINE DES GUYONS. Loire Valley wines. Order from the Loire Gourmande website. Wine merchant in Turquant (49).","breadcrumb":{"@id":"https:\/\/www.loire-gourmande.fr\/en\/product\/saumur-blanc-dpo-ardile-domaine-des-guyons\/#breadcrumb"},"inLanguage":"en-US","potentialAction":[{"@type":"ReadAction","target":["https:\/\/www.loire-gourmande.fr\/en\/product\/saumur-blanc-dpo-ardile-domaine-des-guyons\/"]}]},{"@type":"ImageObject","inLanguage":"en-US","@id":"https:\/\/www.loire-gourmande.fr\/en\/product\/saumur-blanc-dpo-ardile-domaine-des-guyons\/#primaryimage","url":"https:\/\/www.loire-gourmande.fr\/wp-content\/uploads\/2021\/04\/Capture-decran-2026-01-26-a-16.51.30.png","contentUrl":"https:\/\/www.loire-gourmande.fr\/wp-content\/uploads\/2021\/04\/Capture-decran-2026-01-26-a-16.51.30.png","width":1320,"height":1320},{"@type":"BreadcrumbList","@id":"https:\/\/www.loire-gourmande.fr\/en\/product\/saumur-blanc-dpo-ardile-domaine-des-guyons\/#breadcrumb","itemListElement":[{"@type":"ListItem","position":1,"name":"Home","item":"https:\/\/www.loire-gourmande.fr\/en\/"},{"@type":"ListItem","position":2,"name":"The Boutique de Loire Gourmande: the wines of the Loire","item":"https:\/\/www.loire-gourmande.fr\/en\/woocommerce\/"},{"@type":"ListItem","position":3,"name":"Wines","item":"https:\/\/www.loire-gourmande.fr\/en\/product-category\/wines\/"},{"@type":"ListItem","position":4,"name":"Anjou","item":"https:\/\/www.loire-gourmande.fr\/en\/product-category\/wines\/anjou-en\/"},{"@type":"ListItem","position":5,"name":"SAUMUR BLANC DPO ARDILE DOMAINE DES GUYONS"}]},{"@type":"WebSite","@id":"https:\/\/www.loire-gourmande.fr\/en\/#website","url":"https:\/\/www.loire-gourmande.fr\/en\/","name":"Loire Gourmande, une \u00e9tape savoureuse","description":"a tasting session at any time and a shop to visit in Turquant (49)\n\n\n\n\n\n\n\n","publisher":{"@id":"https:\/\/www.loire-gourmande.fr\/en\/#organization"},"potentialAction":[{"@type":"SearchAction","target":{"@type":"EntryPoint","urlTemplate":"https:\/\/www.loire-gourmande.fr\/en\/?s={search_term_string}"},"query-input":{"@type":"PropertyValueSpecification","valueRequired":true,"valueName":"search_term_string"}}],"inLanguage":"en-US"},{"@type":"Organization","@id":"https:\/\/www.loire-gourmande.fr\/en\/#organization","name":"Loire Gourmande - restauration rapide et visite \u00e0 Turquant (49)","url":"https:\/\/www.loire-gourmande.fr\/en\/","logo":{"@type":"ImageObject","inLanguage":"en-US","@id":"https:\/\/www.loire-gourmande.fr\/en\/#\/schema\/logo\/image\/","url":"https:\/\/www.loire-gourmande.fr\/wp-content\/uploads\/2020\/10\/loire-gourmande-logo.jpg","contentUrl":"https:\/\/www.loire-gourmande.fr\/wp-content\/uploads\/2020\/10\/loire-gourmande-logo.jpg","width":800,"height":415,"caption":"Loire Gourmande - restauration rapide et visite \u00e0 Turquant (49)"},"image":{"@id":"https:\/\/www.loire-gourmande.fr\/en\/#\/schema\/logo\/image\/"},"sameAs":["https:\/\/www.facebook.com\/Loire-Gourmande-Turquant-101991328328493\/","https:\/\/www.instagram.com\/jean_yves_auradon\/?igshid=1ta3mfjka326t"]}]}},"_links":{"self":[{"href":"https:\/\/www.loire-gourmande.fr\/en\/wp-json\/wp\/v2\/product\/7879","targetHints":{"allow":["GET"]}}],"collection":[{"href":"https:\/\/www.loire-gourmande.fr\/en\/wp-json\/wp\/v2\/product"}],"about":[{"href":"https:\/\/www.loire-gourmande.fr\/en\/wp-json\/wp\/v2\/types\/product"}],"version-history":[{"count":2,"href":"https:\/\/www.loire-gourmande.fr\/en\/wp-json\/wp\/v2\/product\/7879\/revisions"}],"predecessor-version":[{"id":10305,"href":"https:\/\/www.loire-gourmande.fr\/en\/wp-json\/wp\/v2\/product\/7879\/revisions\/10305"}],"wp:featuredmedia":[{"embeddable":true,"href":"https:\/\/www.loire-gourmande.fr\/en\/wp-json\/wp\/v2\/media\/14340"}],"wp:attachment":[{"href":"https:\/\/www.loire-gourmande.fr\/en\/wp-json\/wp\/v2\/media?parent=7879"}],"wp:term":[{"taxonomy":"product_brand","embeddable":true,"href":"https:\/\/www.loire-gourmande.fr\/en\/wp-json\/wp\/v2\/product_brand?post=7879"},{"taxonomy":"product_cat","embeddable":true,"href":"https:\/\/www.loire-gourmande.fr\/en\/wp-json\/wp\/v2\/product_cat?post=7879"},{"taxonomy":"product_tag","embeddable":true,"href":"https:\/\/www.loire-gourmande.fr\/en\/wp-json\/wp\/v2\/product_tag?post=7879"}],"curies":[{"name":"wp","href":"https:\/\/api.w.org\/{rel}","templated":true}]}}