{"id":7910,"date":"2021-04-29T10:05:33","date_gmt":"2021-04-29T10:05:33","guid":{"rendered":"https:\/\/www.loire-gourmande.fr\/produit\/coteaux-de-l-aubance-dpo-domaine-de-la-belle-etoile-2018\/"},"modified":"2025-05-27T16:31:45","modified_gmt":"2025-05-27T15:31:45","slug":"belle-etoile-3","status":"publish","type":"product","link":"https:\/\/www.loire-gourmande.fr\/en\/product\/belle-etoile-3\/","title":{"rendered":"COTEAUX DE L AUBANCE AOP DOMAINE DE LA BELLE ETOILE 2020"},"content":{"rendered":"<p><strong>MILLESIME : <\/strong>2019<br \/>\n<strong>GRAPE VARIETIES:<\/strong> Chenin.<br \/>\n<strong>TERROIR :<\/strong> Anjou gravel.<br \/>\n<strong>VINIFICATION AND REFINEMENT:<\/strong> Delicate pressing of 3 sortings of raisined and botrytised grapes. Fermented in oak barrels, then aged for 12 months on fine lees to extract a complex aromatic structure.<br \/>\n<strong>DESIGNATION OF ORIGIN:<\/strong> AOP Coteaux de l&#8217;Aubance.<br \/>\n<b>TASTING NOTES :<\/b> Sparkling golden colour. Harmonieuse complexit\u00e9 aromatique de fruits confits (abricots, coings), de miel, d&#8217;\u00e9pices et de subtiles notes bois\u00e9es. Unctuous attack supported by a long, fresh, delicious structure.<br \/>\n<b>SERVING TEMPERATURE: 10\u00b0C.<br \/>\n<\/b> <strong>METHOD:<\/strong> Delicate pressing of 3 sortings of raisined and botrytised grapes. Fermented in oak barrels, then matured for 12 months on fine lees to extract a complex aromatic structure and a sparkling golden colour. Harmonieuse complexit\u00e9 aromatique de fruits confits (abricots, coings), de miel, d&#8217;\u00e9pices et de subtiles notes bois\u00e9es. Smooth attack supported by a greedy, long and fresh structure Sweet and fragrant<br \/>\nwhite wine, long in the mouth, to be enjoyed as an aperitif.<br \/>\n<b>WINE AND FOOD Pairings :<\/b> Aperitif, foie gras, desserts, brioche cakes, white fruit tarts. Pan-fried foie gras with dried fruit, sweetbreads with morel mushrooms, red fruit puff pastry, with Munster cheese and a brioche cake<\/p>\n","protected":false},"excerpt":{"rendered":"<div data-reader-unique-id=\"17\">La Belle Etoile &#8211; Brissac-Quinc\u00e9 <br data-reader-unique-id=\"18\">BRISSAC LOIRE AUBANCE<br \/>\nLocated in Brissac Loire Aubance, the Domaine de la Belle Etoile invites you to discover its wide range of wines and appellations.<br data-reader-unique-id=\"4\">Powerful wines with character, fruity wines, elegant wines,&#8230;<br data-reader-unique-id=\"5\">Each cuv\u00e9e reflects the expression of the privileged terroir on which the estate&#8217;s 26 hectares are located, between the &#8220;Anjou Noir&#8221;, made up of dark schist soils, and the &#8220;Anjou Blanc&#8221;, made up of white soils resulting from the alteration of the chalk.<br data-reader-unique-id=\"6\">Vincent ESNOU, an independent winegrower, vinifies and cultivates with passion this vineyard, handed down from father to son for 5 generations, in order to produce great expressive wines and delicious grape juices.<\/div>\n","protected":false},"featured_media":6988,"template":"","meta":{"inline_featured_image":false},"product_brand":[],"product_cat":[334,340,337,333],"product_tag":[354,378,353,352],"class_list":{"0":"post-7910","1":"product","2":"type-product","3":"status-publish","4":"has-post-thumbnail","6":"product_cat-anjou-en","7":"product_cat-sweet-wines","8":"product_cat-white-wines","9":"product_cat-wines","10":"product_tag-aperitif-en","11":"product_tag-input","12":"product_tag-white","13":"product_tag-wine","14":"product_shipping_class-bottle","16":"first","17":"instock","18":"featured","19":"taxable","20":"shipping-taxable","21":"purchasable","22":"product-type-simple"},"yoast_head":"<!-- This site is optimized with the Yoast SEO plugin v27.6 - https:\/\/yoast.com\/product\/yoast-seo-wordpress\/ -->\n<title>COTEAUX DE L AUBANCE AOP DOMAINE DE LA BELLE ETOILE 2020 - Loire Gourmande - a tasty stage<\/title>\n<meta name=\"description\" content=\"COTEAUX DE L AUBANCE AOP DOMAINE DE LA BELLE ETOILE 2018. Loire Valley wine. Order from the Loire Gourmande website. Wine merchant in Turquant (49).\" \/>\n<meta name=\"robots\" content=\"index, follow, max-snippet:-1, max-image-preview:large, max-video-preview:-1\" \/>\n<link rel=\"canonical\" href=\"https:\/\/www.loire-gourmande.fr\/en\/product\/belle-etoile-3\/\" \/>\n<meta property=\"og:locale\" content=\"en_US\" \/>\n<meta property=\"og:type\" content=\"article\" \/>\n<meta property=\"og:title\" content=\"COTEAUX DE L AUBANCE AOP DOMAINE DE LA BELLE ETOILE 2020 - Loire Gourmande - a tasty stage\" \/>\n<meta property=\"og:description\" content=\"COTEAUX DE L AUBANCE AOP DOMAINE DE LA BELLE ETOILE 2018. Loire Valley wine. Order from the Loire Gourmande website. Wine merchant in Turquant (49).\" \/>\n<meta property=\"og:url\" content=\"https:\/\/www.loire-gourmande.fr\/en\/product\/belle-etoile-3\/\" \/>\n<meta property=\"og:site_name\" content=\"Loire Gourmande - a tasty stage\" \/>\n<meta property=\"article:publisher\" content=\"https:\/\/www.facebook.com\/Loire-Gourmande-Turquant-101991328328493\/\" \/>\n<meta property=\"article:modified_time\" content=\"2025-05-27T15:31:45+00:00\" \/>\n<meta property=\"og:image\" content=\"https:\/\/www.loire-gourmande.fr\/wp-content\/uploads\/2021\/04\/COTEAUX-DE-L-AUBANCE-AOP-DOMAINE-DE-LA-BELLE-ETOILE-2018.png\" \/>\n\t<meta property=\"og:image:width\" content=\"708\" \/>\n\t<meta property=\"og:image:height\" content=\"846\" \/>\n\t<meta property=\"og:image:type\" content=\"image\/png\" \/>\n<meta name=\"twitter:card\" content=\"summary_large_image\" \/>\n<meta name=\"twitter:label1\" content=\"Est. reading time\" \/>\n\t<meta name=\"twitter:data1\" content=\"1 minute\" \/>\n<script type=\"application\/ld+json\" class=\"yoast-schema-graph\">{\"@context\":\"https:\\\/\\\/schema.org\",\"@graph\":[{\"@type\":\"WebPage\",\"@id\":\"https:\\\/\\\/www.loire-gourmande.fr\\\/en\\\/product\\\/belle-etoile-3\\\/\",\"url\":\"https:\\\/\\\/www.loire-gourmande.fr\\\/en\\\/product\\\/belle-etoile-3\\\/\",\"name\":\"COTEAUX DE L AUBANCE AOP DOMAINE DE LA BELLE ETOILE 2020 - Loire Gourmande - a tasty stage\",\"isPartOf\":{\"@id\":\"https:\\\/\\\/www.loire-gourmande.fr\\\/en\\\/#website\"},\"primaryImageOfPage\":{\"@id\":\"https:\\\/\\\/www.loire-gourmande.fr\\\/en\\\/product\\\/belle-etoile-3\\\/#primaryimage\"},\"image\":{\"@id\":\"https:\\\/\\\/www.loire-gourmande.fr\\\/en\\\/product\\\/belle-etoile-3\\\/#primaryimage\"},\"thumbnailUrl\":\"https:\\\/\\\/www.loire-gourmande.fr\\\/wp-content\\\/uploads\\\/2021\\\/04\\\/COTEAUX-DE-L-AUBANCE-AOP-DOMAINE-DE-LA-BELLE-ETOILE-2018.png\",\"datePublished\":\"2021-04-29T10:05:33+00:00\",\"dateModified\":\"2025-05-27T15:31:45+00:00\",\"description\":\"COTEAUX DE L AUBANCE AOP DOMAINE DE LA BELLE ETOILE 2018. Loire Valley wine. Order from the Loire Gourmande website. Wine merchant in Turquant (49).\",\"breadcrumb\":{\"@id\":\"https:\\\/\\\/www.loire-gourmande.fr\\\/en\\\/product\\\/belle-etoile-3\\\/#breadcrumb\"},\"inLanguage\":\"en-US\",\"potentialAction\":[{\"@type\":\"ReadAction\",\"target\":[\"https:\\\/\\\/www.loire-gourmande.fr\\\/en\\\/product\\\/belle-etoile-3\\\/\"]}]},{\"@type\":\"ImageObject\",\"inLanguage\":\"en-US\",\"@id\":\"https:\\\/\\\/www.loire-gourmande.fr\\\/en\\\/product\\\/belle-etoile-3\\\/#primaryimage\",\"url\":\"https:\\\/\\\/www.loire-gourmande.fr\\\/wp-content\\\/uploads\\\/2021\\\/04\\\/COTEAUX-DE-L-AUBANCE-AOP-DOMAINE-DE-LA-BELLE-ETOILE-2018.png\",\"contentUrl\":\"https:\\\/\\\/www.loire-gourmande.fr\\\/wp-content\\\/uploads\\\/2021\\\/04\\\/COTEAUX-DE-L-AUBANCE-AOP-DOMAINE-DE-LA-BELLE-ETOILE-2018.png\",\"width\":708,\"height\":846},{\"@type\":\"BreadcrumbList\",\"@id\":\"https:\\\/\\\/www.loire-gourmande.fr\\\/en\\\/product\\\/belle-etoile-3\\\/#breadcrumb\",\"itemListElement\":[{\"@type\":\"ListItem\",\"position\":1,\"name\":\"Home\",\"item\":\"https:\\\/\\\/www.loire-gourmande.fr\\\/en\\\/\"},{\"@type\":\"ListItem\",\"position\":2,\"name\":\"The Boutique de Loire Gourmande: the wines of the Loire\",\"item\":\"https:\\\/\\\/www.loire-gourmande.fr\\\/en\\\/woocommerce\\\/\"},{\"@type\":\"ListItem\",\"position\":3,\"name\":\"Wines\",\"item\":\"https:\\\/\\\/www.loire-gourmande.fr\\\/en\\\/product-category\\\/wines\\\/\"},{\"@type\":\"ListItem\",\"position\":4,\"name\":\"COTEAUX DE L AUBANCE AOP DOMAINE DE LA BELLE ETOILE 2020\"}]},{\"@type\":\"WebSite\",\"@id\":\"https:\\\/\\\/www.loire-gourmande.fr\\\/en\\\/#website\",\"url\":\"https:\\\/\\\/www.loire-gourmande.fr\\\/en\\\/\",\"name\":\"Loire Gourmande, une \u00e9tape savoureuse\",\"description\":\"a tasting session at any time and a shop to visit in Turquant (49)\\n\\n\\n\\n\\n\\n\\n\\n\",\"publisher\":{\"@id\":\"https:\\\/\\\/www.loire-gourmande.fr\\\/en\\\/#organization\"},\"potentialAction\":[{\"@type\":\"SearchAction\",\"target\":{\"@type\":\"EntryPoint\",\"urlTemplate\":\"https:\\\/\\\/www.loire-gourmande.fr\\\/en\\\/?s={search_term_string}\"},\"query-input\":{\"@type\":\"PropertyValueSpecification\",\"valueRequired\":true,\"valueName\":\"search_term_string\"}}],\"inLanguage\":\"en-US\"},{\"@type\":\"Organization\",\"@id\":\"https:\\\/\\\/www.loire-gourmande.fr\\\/en\\\/#organization\",\"name\":\"Loire Gourmande - restauration rapide et visite \u00e0 Turquant (49)\",\"url\":\"https:\\\/\\\/www.loire-gourmande.fr\\\/en\\\/\",\"logo\":{\"@type\":\"ImageObject\",\"inLanguage\":\"en-US\",\"@id\":\"https:\\\/\\\/www.loire-gourmande.fr\\\/en\\\/#\\\/schema\\\/logo\\\/image\\\/\",\"url\":\"https:\\\/\\\/www.loire-gourmande.fr\\\/wp-content\\\/uploads\\\/2020\\\/10\\\/loire-gourmande-logo.jpg\",\"contentUrl\":\"https:\\\/\\\/www.loire-gourmande.fr\\\/wp-content\\\/uploads\\\/2020\\\/10\\\/loire-gourmande-logo.jpg\",\"width\":800,\"height\":415,\"caption\":\"Loire Gourmande - restauration rapide et visite \u00e0 Turquant (49)\"},\"image\":{\"@id\":\"https:\\\/\\\/www.loire-gourmande.fr\\\/en\\\/#\\\/schema\\\/logo\\\/image\\\/\"},\"sameAs\":[\"https:\\\/\\\/www.facebook.com\\\/Loire-Gourmande-Turquant-101991328328493\\\/\",\"https:\\\/\\\/www.instagram.com\\\/jean_yves_auradon\\\/?igshid=1ta3mfjka326t\"]}]}<\/script>\n<!-- \/ Yoast SEO plugin. -->","yoast_head_json":{"title":"COTEAUX DE L AUBANCE AOP DOMAINE DE LA BELLE ETOILE 2020 - Loire Gourmande - a tasty stage","description":"COTEAUX DE L AUBANCE AOP DOMAINE DE LA BELLE ETOILE 2018. Loire Valley wine. Order from the Loire Gourmande website. Wine merchant in Turquant (49).","robots":{"index":"index","follow":"follow","max-snippet":"max-snippet:-1","max-image-preview":"max-image-preview:large","max-video-preview":"max-video-preview:-1"},"canonical":"https:\/\/www.loire-gourmande.fr\/en\/product\/belle-etoile-3\/","og_locale":"en_US","og_type":"article","og_title":"COTEAUX DE L AUBANCE AOP DOMAINE DE LA BELLE ETOILE 2020 - Loire Gourmande - a tasty stage","og_description":"COTEAUX DE L AUBANCE AOP DOMAINE DE LA BELLE ETOILE 2018. Loire Valley wine. Order from the Loire Gourmande website. Wine merchant in Turquant (49).","og_url":"https:\/\/www.loire-gourmande.fr\/en\/product\/belle-etoile-3\/","og_site_name":"Loire Gourmande - a tasty stage","article_publisher":"https:\/\/www.facebook.com\/Loire-Gourmande-Turquant-101991328328493\/","article_modified_time":"2025-05-27T15:31:45+00:00","og_image":[{"width":708,"height":846,"url":"https:\/\/www.loire-gourmande.fr\/wp-content\/uploads\/2021\/04\/COTEAUX-DE-L-AUBANCE-AOP-DOMAINE-DE-LA-BELLE-ETOILE-2018.png","type":"image\/png"}],"twitter_card":"summary_large_image","twitter_misc":{"Est. reading time":"1 minute"},"schema":{"@context":"https:\/\/schema.org","@graph":[{"@type":"WebPage","@id":"https:\/\/www.loire-gourmande.fr\/en\/product\/belle-etoile-3\/","url":"https:\/\/www.loire-gourmande.fr\/en\/product\/belle-etoile-3\/","name":"COTEAUX DE L AUBANCE AOP DOMAINE DE LA BELLE ETOILE 2020 - Loire Gourmande - a tasty stage","isPartOf":{"@id":"https:\/\/www.loire-gourmande.fr\/en\/#website"},"primaryImageOfPage":{"@id":"https:\/\/www.loire-gourmande.fr\/en\/product\/belle-etoile-3\/#primaryimage"},"image":{"@id":"https:\/\/www.loire-gourmande.fr\/en\/product\/belle-etoile-3\/#primaryimage"},"thumbnailUrl":"https:\/\/www.loire-gourmande.fr\/wp-content\/uploads\/2021\/04\/COTEAUX-DE-L-AUBANCE-AOP-DOMAINE-DE-LA-BELLE-ETOILE-2018.png","datePublished":"2021-04-29T10:05:33+00:00","dateModified":"2025-05-27T15:31:45+00:00","description":"COTEAUX DE L AUBANCE AOP DOMAINE DE LA BELLE ETOILE 2018. Loire Valley wine. Order from the Loire Gourmande website. Wine merchant in Turquant (49).","breadcrumb":{"@id":"https:\/\/www.loire-gourmande.fr\/en\/product\/belle-etoile-3\/#breadcrumb"},"inLanguage":"en-US","potentialAction":[{"@type":"ReadAction","target":["https:\/\/www.loire-gourmande.fr\/en\/product\/belle-etoile-3\/"]}]},{"@type":"ImageObject","inLanguage":"en-US","@id":"https:\/\/www.loire-gourmande.fr\/en\/product\/belle-etoile-3\/#primaryimage","url":"https:\/\/www.loire-gourmande.fr\/wp-content\/uploads\/2021\/04\/COTEAUX-DE-L-AUBANCE-AOP-DOMAINE-DE-LA-BELLE-ETOILE-2018.png","contentUrl":"https:\/\/www.loire-gourmande.fr\/wp-content\/uploads\/2021\/04\/COTEAUX-DE-L-AUBANCE-AOP-DOMAINE-DE-LA-BELLE-ETOILE-2018.png","width":708,"height":846},{"@type":"BreadcrumbList","@id":"https:\/\/www.loire-gourmande.fr\/en\/product\/belle-etoile-3\/#breadcrumb","itemListElement":[{"@type":"ListItem","position":1,"name":"Home","item":"https:\/\/www.loire-gourmande.fr\/en\/"},{"@type":"ListItem","position":2,"name":"The Boutique de Loire Gourmande: the wines of the Loire","item":"https:\/\/www.loire-gourmande.fr\/en\/woocommerce\/"},{"@type":"ListItem","position":3,"name":"Wines","item":"https:\/\/www.loire-gourmande.fr\/en\/product-category\/wines\/"},{"@type":"ListItem","position":4,"name":"COTEAUX DE L AUBANCE AOP DOMAINE DE LA BELLE ETOILE 2020"}]},{"@type":"WebSite","@id":"https:\/\/www.loire-gourmande.fr\/en\/#website","url":"https:\/\/www.loire-gourmande.fr\/en\/","name":"Loire Gourmande, une \u00e9tape savoureuse","description":"a tasting session at any time and a shop to visit in Turquant (49)\n\n\n\n\n\n\n\n","publisher":{"@id":"https:\/\/www.loire-gourmande.fr\/en\/#organization"},"potentialAction":[{"@type":"SearchAction","target":{"@type":"EntryPoint","urlTemplate":"https:\/\/www.loire-gourmande.fr\/en\/?s={search_term_string}"},"query-input":{"@type":"PropertyValueSpecification","valueRequired":true,"valueName":"search_term_string"}}],"inLanguage":"en-US"},{"@type":"Organization","@id":"https:\/\/www.loire-gourmande.fr\/en\/#organization","name":"Loire Gourmande - restauration rapide et visite \u00e0 Turquant (49)","url":"https:\/\/www.loire-gourmande.fr\/en\/","logo":{"@type":"ImageObject","inLanguage":"en-US","@id":"https:\/\/www.loire-gourmande.fr\/en\/#\/schema\/logo\/image\/","url":"https:\/\/www.loire-gourmande.fr\/wp-content\/uploads\/2020\/10\/loire-gourmande-logo.jpg","contentUrl":"https:\/\/www.loire-gourmande.fr\/wp-content\/uploads\/2020\/10\/loire-gourmande-logo.jpg","width":800,"height":415,"caption":"Loire Gourmande - restauration rapide et visite \u00e0 Turquant (49)"},"image":{"@id":"https:\/\/www.loire-gourmande.fr\/en\/#\/schema\/logo\/image\/"},"sameAs":["https:\/\/www.facebook.com\/Loire-Gourmande-Turquant-101991328328493\/","https:\/\/www.instagram.com\/jean_yves_auradon\/?igshid=1ta3mfjka326t"]}]}},"_links":{"self":[{"href":"https:\/\/www.loire-gourmande.fr\/en\/wp-json\/wp\/v2\/product\/7910","targetHints":{"allow":["GET"]}}],"collection":[{"href":"https:\/\/www.loire-gourmande.fr\/en\/wp-json\/wp\/v2\/product"}],"about":[{"href":"https:\/\/www.loire-gourmande.fr\/en\/wp-json\/wp\/v2\/types\/product"}],"version-history":[{"count":3,"href":"https:\/\/www.loire-gourmande.fr\/en\/wp-json\/wp\/v2\/product\/7910\/revisions"}],"predecessor-version":[{"id":13245,"href":"https:\/\/www.loire-gourmande.fr\/en\/wp-json\/wp\/v2\/product\/7910\/revisions\/13245"}],"wp:featuredmedia":[{"embeddable":true,"href":"https:\/\/www.loire-gourmande.fr\/en\/wp-json\/wp\/v2\/media\/6988"}],"wp:attachment":[{"href":"https:\/\/www.loire-gourmande.fr\/en\/wp-json\/wp\/v2\/media?parent=7910"}],"wp:term":[{"taxonomy":"product_brand","embeddable":true,"href":"https:\/\/www.loire-gourmande.fr\/en\/wp-json\/wp\/v2\/product_brand?post=7910"},{"taxonomy":"product_cat","embeddable":true,"href":"https:\/\/www.loire-gourmande.fr\/en\/wp-json\/wp\/v2\/product_cat?post=7910"},{"taxonomy":"product_tag","embeddable":true,"href":"https:\/\/www.loire-gourmande.fr\/en\/wp-json\/wp\/v2\/product_tag?post=7910"}],"curies":[{"name":"wp","href":"https:\/\/api.w.org\/{rel}","templated":true}]}}