{"id":7920,"date":"2023-02-17T12:57:05","date_gmt":"2023-02-17T12:57:05","guid":{"rendered":"https:\/\/www.loire-gourmande.fr\/produit\/cuvee-dadele-le-domaine-du-foux-a-chaux\/"},"modified":"2025-05-27T16:19:43","modified_gmt":"2025-05-27T15:19:43","slug":"cuvee-dadele-le-domaine-du-foux-a-chaux","status":"publish","type":"product","link":"https:\/\/www.loire-gourmande.fr\/en\/product\/cuvee-dadele-le-domaine-du-foux-a-chaux\/","title":{"rendered":"CUVEE D&#8217;ADELE LE DOMAINE DU FOUX A CHAUX"},"content":{"rendered":"<div>\n<p>Discover a rare grape variety with Cuv\u00e9e d&#8217;Ad\u00e8le, a white wine from the Loire Valley produced by Domaine du Four \u00e0 Chaux in Thor\u00e9-la-Rochette. Made from Sauvignon fi\u00e9 grapes, this wine with its vegetal aromas is original and not widely available. Share it with your friends or family and create a real atmosphere of conviviality.<br \/>\n<strong>Vinification:<\/strong> Traditional vinification, fermentation in vats at a temperature of 18\u00b0C. After 15 days of fermentation, the wine is left on its lees and racked to air until bottling in the spring.<\/p>\n<\/div>\n<ul>\n<li><strong>Grape variety <\/strong>: Sauvignon Fi\u00e9<\/li>\n<li><strong>Vintage <\/strong>: 2020<\/li>\n<li><strong>Soil <\/strong>: Clay and flint<\/li>\n<li><strong>Average yield<\/strong>: 50 hl \/ Ha<\/li>\n<li><strong>Alcohol <\/strong>: 14<\/li>\n<li><strong>Ageing <\/strong>: 3 to 5 years<\/li>\n<li><strong>Serving temperature<\/strong> : between 8 and 10 \u00b0C<br \/>\n<strong>Tasting <\/strong>: The Fi\u00e9 or Sauvignon Gris grape variety from plot selection gives the wine slightly pink reflections, intense aromas, density and fatness.<br \/>\n<strong>Food and wine pairings<\/strong> : This generosity mixed with freshness offers successful gastronomic pairings with fish or white meats in sauce and pressed cheeses such as Cantal.<\/li>\n<\/ul>\n","protected":false},"excerpt":{"rendered":"<div>\n<p>The Domaine du Four-Lime Kiln -Dominique Norguet, winegrower on the AOC Coteaux du Vend\u00f4mois, is undoubtedly our closest winegrowers.<br \/>\nAd\u00e8le is a white made with <strong>fi\u00e9 gris<\/strong> that illustrates the magic of a <strong>little-known grape variety<\/strong>; still <strong>from the Sauvignon family<\/strong>, this seductive cousin gives birth to subtle pink grapes every summer.<\/p>\n<\/div>\n<div><\/div>\n","protected":false},"featured_media":6973,"template":"","meta":{"inline_featured_image":false},"product_brand":[],"product_cat":[338,344,337,333],"product_tag":[374,366,357],"class_list":{"0":"post-7920","1":"product","2":"type-product","3":"status-publish","4":"has-post-thumbnail","6":"product_cat-forgotten-vines","7":"product_cat-touraine-en","8":"product_cat-white-wines","9":"product_cat-wines","10":"product_tag-cheese","11":"product_tag-fish-en","12":"product_tag-white-meat","13":"product_shipping_class-bottle","15":"first","16":"instock","17":"featured","18":"taxable","19":"shipping-taxable","20":"purchasable","21":"product-type-simple"},"yoast_head":"<!-- This site is optimized with the Yoast SEO plugin v27.6 - https:\/\/yoast.com\/product\/yoast-seo-wordpress\/ -->\n<title>CUVEE D&#039;ADELE LE DOMAINE DU FOUX A CHAUX - Loire Gourmande - a tasty stage<\/title>\n<meta name=\"description\" content=\"Cuv\u00e9e d&#039;Ad\u00e8le, a Loire Valley wine from Thor\u00e9-la-Rochette. Order from the Loire Gourmande website. Wine merchant in Turquant (49).\" \/>\n<meta name=\"robots\" content=\"index, follow, max-snippet:-1, max-image-preview:large, max-video-preview:-1\" \/>\n<link rel=\"canonical\" href=\"https:\/\/www.loire-gourmande.fr\/en\/product\/cuvee-dadele-le-domaine-du-foux-a-chaux\/\" \/>\n<meta property=\"og:locale\" content=\"en_US\" \/>\n<meta property=\"og:type\" content=\"article\" \/>\n<meta property=\"og:title\" content=\"CUVEE D&#039;ADELE LE DOMAINE DU FOUX A CHAUX - Loire Gourmande - a tasty stage\" \/>\n<meta property=\"og:description\" content=\"Cuv\u00e9e d&#039;Ad\u00e8le, a Loire Valley wine from Thor\u00e9-la-Rochette. Order from the Loire Gourmande website. Wine merchant in Turquant (49).\" \/>\n<meta property=\"og:url\" content=\"https:\/\/www.loire-gourmande.fr\/en\/product\/cuvee-dadele-le-domaine-du-foux-a-chaux\/\" \/>\n<meta property=\"og:site_name\" content=\"Loire Gourmande - a tasty stage\" \/>\n<meta property=\"article:publisher\" content=\"https:\/\/www.facebook.com\/Loire-Gourmande-Turquant-101991328328493\/\" \/>\n<meta property=\"article:modified_time\" content=\"2025-05-27T15:19:43+00:00\" \/>\n<meta property=\"og:image\" content=\"https:\/\/www.loire-gourmande.fr\/wp-content\/uploads\/2023\/02\/CUVEE-DADELE-LE-DOMAINE-DU-FOUX-A-CHAUX.png\" \/>\n\t<meta property=\"og:image:width\" content=\"800\" \/>\n\t<meta property=\"og:image:height\" content=\"804\" \/>\n\t<meta property=\"og:image:type\" content=\"image\/png\" \/>\n<meta name=\"twitter:card\" content=\"summary_large_image\" \/>\n<meta name=\"twitter:label1\" content=\"Est. reading time\" \/>\n\t<meta name=\"twitter:data1\" content=\"1 minute\" \/>\n<script type=\"application\/ld+json\" class=\"yoast-schema-graph\">{\"@context\":\"https:\\\/\\\/schema.org\",\"@graph\":[{\"@type\":\"WebPage\",\"@id\":\"https:\\\/\\\/www.loire-gourmande.fr\\\/en\\\/product\\\/cuvee-dadele-le-domaine-du-foux-a-chaux\\\/\",\"url\":\"https:\\\/\\\/www.loire-gourmande.fr\\\/en\\\/product\\\/cuvee-dadele-le-domaine-du-foux-a-chaux\\\/\",\"name\":\"CUVEE D'ADELE LE DOMAINE DU FOUX A CHAUX - Loire Gourmande - a tasty stage\",\"isPartOf\":{\"@id\":\"https:\\\/\\\/www.loire-gourmande.fr\\\/en\\\/#website\"},\"primaryImageOfPage\":{\"@id\":\"https:\\\/\\\/www.loire-gourmande.fr\\\/en\\\/product\\\/cuvee-dadele-le-domaine-du-foux-a-chaux\\\/#primaryimage\"},\"image\":{\"@id\":\"https:\\\/\\\/www.loire-gourmande.fr\\\/en\\\/product\\\/cuvee-dadele-le-domaine-du-foux-a-chaux\\\/#primaryimage\"},\"thumbnailUrl\":\"https:\\\/\\\/www.loire-gourmande.fr\\\/wp-content\\\/uploads\\\/2023\\\/02\\\/CUVEE-DADELE-LE-DOMAINE-DU-FOUX-A-CHAUX.png\",\"datePublished\":\"2023-02-17T12:57:05+00:00\",\"dateModified\":\"2025-05-27T15:19:43+00:00\",\"description\":\"Cuv\u00e9e d'Ad\u00e8le, a Loire Valley wine from Thor\u00e9-la-Rochette. Order from the Loire Gourmande website. Wine merchant in Turquant (49).\",\"breadcrumb\":{\"@id\":\"https:\\\/\\\/www.loire-gourmande.fr\\\/en\\\/product\\\/cuvee-dadele-le-domaine-du-foux-a-chaux\\\/#breadcrumb\"},\"inLanguage\":\"en-US\",\"potentialAction\":[{\"@type\":\"ReadAction\",\"target\":[\"https:\\\/\\\/www.loire-gourmande.fr\\\/en\\\/product\\\/cuvee-dadele-le-domaine-du-foux-a-chaux\\\/\"]}]},{\"@type\":\"ImageObject\",\"inLanguage\":\"en-US\",\"@id\":\"https:\\\/\\\/www.loire-gourmande.fr\\\/en\\\/product\\\/cuvee-dadele-le-domaine-du-foux-a-chaux\\\/#primaryimage\",\"url\":\"https:\\\/\\\/www.loire-gourmande.fr\\\/wp-content\\\/uploads\\\/2023\\\/02\\\/CUVEE-DADELE-LE-DOMAINE-DU-FOUX-A-CHAUX.png\",\"contentUrl\":\"https:\\\/\\\/www.loire-gourmande.fr\\\/wp-content\\\/uploads\\\/2023\\\/02\\\/CUVEE-DADELE-LE-DOMAINE-DU-FOUX-A-CHAUX.png\",\"width\":800,\"height\":804},{\"@type\":\"BreadcrumbList\",\"@id\":\"https:\\\/\\\/www.loire-gourmande.fr\\\/en\\\/product\\\/cuvee-dadele-le-domaine-du-foux-a-chaux\\\/#breadcrumb\",\"itemListElement\":[{\"@type\":\"ListItem\",\"position\":1,\"name\":\"Home\",\"item\":\"https:\\\/\\\/www.loire-gourmande.fr\\\/en\\\/\"},{\"@type\":\"ListItem\",\"position\":2,\"name\":\"The Boutique de Loire Gourmande: the wines of the Loire\",\"item\":\"https:\\\/\\\/www.loire-gourmande.fr\\\/en\\\/woocommerce\\\/\"},{\"@type\":\"ListItem\",\"position\":3,\"name\":\"Wines\",\"item\":\"https:\\\/\\\/www.loire-gourmande.fr\\\/en\\\/product-category\\\/wines\\\/\"},{\"@type\":\"ListItem\",\"position\":4,\"name\":\"CUVEE D&#8217;ADELE LE DOMAINE DU FOUX A CHAUX\"}]},{\"@type\":\"WebSite\",\"@id\":\"https:\\\/\\\/www.loire-gourmande.fr\\\/en\\\/#website\",\"url\":\"https:\\\/\\\/www.loire-gourmande.fr\\\/en\\\/\",\"name\":\"Loire Gourmande, une \u00e9tape savoureuse\",\"description\":\"a tasting session at any time and a shop to visit in Turquant (49)\\n\\n\\n\\n\\n\\n\\n\\n\",\"publisher\":{\"@id\":\"https:\\\/\\\/www.loire-gourmande.fr\\\/en\\\/#organization\"},\"potentialAction\":[{\"@type\":\"SearchAction\",\"target\":{\"@type\":\"EntryPoint\",\"urlTemplate\":\"https:\\\/\\\/www.loire-gourmande.fr\\\/en\\\/?s={search_term_string}\"},\"query-input\":{\"@type\":\"PropertyValueSpecification\",\"valueRequired\":true,\"valueName\":\"search_term_string\"}}],\"inLanguage\":\"en-US\"},{\"@type\":\"Organization\",\"@id\":\"https:\\\/\\\/www.loire-gourmande.fr\\\/en\\\/#organization\",\"name\":\"Loire Gourmande - restauration rapide et visite \u00e0 Turquant (49)\",\"url\":\"https:\\\/\\\/www.loire-gourmande.fr\\\/en\\\/\",\"logo\":{\"@type\":\"ImageObject\",\"inLanguage\":\"en-US\",\"@id\":\"https:\\\/\\\/www.loire-gourmande.fr\\\/en\\\/#\\\/schema\\\/logo\\\/image\\\/\",\"url\":\"https:\\\/\\\/www.loire-gourmande.fr\\\/wp-content\\\/uploads\\\/2020\\\/10\\\/loire-gourmande-logo.jpg\",\"contentUrl\":\"https:\\\/\\\/www.loire-gourmande.fr\\\/wp-content\\\/uploads\\\/2020\\\/10\\\/loire-gourmande-logo.jpg\",\"width\":800,\"height\":415,\"caption\":\"Loire Gourmande - restauration rapide et visite \u00e0 Turquant (49)\"},\"image\":{\"@id\":\"https:\\\/\\\/www.loire-gourmande.fr\\\/en\\\/#\\\/schema\\\/logo\\\/image\\\/\"},\"sameAs\":[\"https:\\\/\\\/www.facebook.com\\\/Loire-Gourmande-Turquant-101991328328493\\\/\",\"https:\\\/\\\/www.instagram.com\\\/jean_yves_auradon\\\/?igshid=1ta3mfjka326t\"]}]}<\/script>\n<!-- \/ Yoast SEO plugin. -->","yoast_head_json":{"title":"CUVEE D'ADELE LE DOMAINE DU FOUX A CHAUX - Loire Gourmande - a tasty stage","description":"Cuv\u00e9e d'Ad\u00e8le, a Loire Valley wine from Thor\u00e9-la-Rochette. Order from the Loire Gourmande website. Wine merchant in Turquant (49).","robots":{"index":"index","follow":"follow","max-snippet":"max-snippet:-1","max-image-preview":"max-image-preview:large","max-video-preview":"max-video-preview:-1"},"canonical":"https:\/\/www.loire-gourmande.fr\/en\/product\/cuvee-dadele-le-domaine-du-foux-a-chaux\/","og_locale":"en_US","og_type":"article","og_title":"CUVEE D'ADELE LE DOMAINE DU FOUX A CHAUX - Loire Gourmande - a tasty stage","og_description":"Cuv\u00e9e d'Ad\u00e8le, a Loire Valley wine from Thor\u00e9-la-Rochette. Order from the Loire Gourmande website. Wine merchant in Turquant (49).","og_url":"https:\/\/www.loire-gourmande.fr\/en\/product\/cuvee-dadele-le-domaine-du-foux-a-chaux\/","og_site_name":"Loire Gourmande - a tasty stage","article_publisher":"https:\/\/www.facebook.com\/Loire-Gourmande-Turquant-101991328328493\/","article_modified_time":"2025-05-27T15:19:43+00:00","og_image":[{"width":800,"height":804,"url":"https:\/\/www.loire-gourmande.fr\/wp-content\/uploads\/2023\/02\/CUVEE-DADELE-LE-DOMAINE-DU-FOUX-A-CHAUX.png","type":"image\/png"}],"twitter_card":"summary_large_image","twitter_misc":{"Est. reading time":"1 minute"},"schema":{"@context":"https:\/\/schema.org","@graph":[{"@type":"WebPage","@id":"https:\/\/www.loire-gourmande.fr\/en\/product\/cuvee-dadele-le-domaine-du-foux-a-chaux\/","url":"https:\/\/www.loire-gourmande.fr\/en\/product\/cuvee-dadele-le-domaine-du-foux-a-chaux\/","name":"CUVEE D'ADELE LE DOMAINE DU FOUX A CHAUX - Loire Gourmande - a tasty stage","isPartOf":{"@id":"https:\/\/www.loire-gourmande.fr\/en\/#website"},"primaryImageOfPage":{"@id":"https:\/\/www.loire-gourmande.fr\/en\/product\/cuvee-dadele-le-domaine-du-foux-a-chaux\/#primaryimage"},"image":{"@id":"https:\/\/www.loire-gourmande.fr\/en\/product\/cuvee-dadele-le-domaine-du-foux-a-chaux\/#primaryimage"},"thumbnailUrl":"https:\/\/www.loire-gourmande.fr\/wp-content\/uploads\/2023\/02\/CUVEE-DADELE-LE-DOMAINE-DU-FOUX-A-CHAUX.png","datePublished":"2023-02-17T12:57:05+00:00","dateModified":"2025-05-27T15:19:43+00:00","description":"Cuv\u00e9e d'Ad\u00e8le, a Loire Valley wine from Thor\u00e9-la-Rochette. Order from the Loire Gourmande website. Wine merchant in Turquant (49).","breadcrumb":{"@id":"https:\/\/www.loire-gourmande.fr\/en\/product\/cuvee-dadele-le-domaine-du-foux-a-chaux\/#breadcrumb"},"inLanguage":"en-US","potentialAction":[{"@type":"ReadAction","target":["https:\/\/www.loire-gourmande.fr\/en\/product\/cuvee-dadele-le-domaine-du-foux-a-chaux\/"]}]},{"@type":"ImageObject","inLanguage":"en-US","@id":"https:\/\/www.loire-gourmande.fr\/en\/product\/cuvee-dadele-le-domaine-du-foux-a-chaux\/#primaryimage","url":"https:\/\/www.loire-gourmande.fr\/wp-content\/uploads\/2023\/02\/CUVEE-DADELE-LE-DOMAINE-DU-FOUX-A-CHAUX.png","contentUrl":"https:\/\/www.loire-gourmande.fr\/wp-content\/uploads\/2023\/02\/CUVEE-DADELE-LE-DOMAINE-DU-FOUX-A-CHAUX.png","width":800,"height":804},{"@type":"BreadcrumbList","@id":"https:\/\/www.loire-gourmande.fr\/en\/product\/cuvee-dadele-le-domaine-du-foux-a-chaux\/#breadcrumb","itemListElement":[{"@type":"ListItem","position":1,"name":"Home","item":"https:\/\/www.loire-gourmande.fr\/en\/"},{"@type":"ListItem","position":2,"name":"The Boutique de Loire Gourmande: the wines of the Loire","item":"https:\/\/www.loire-gourmande.fr\/en\/woocommerce\/"},{"@type":"ListItem","position":3,"name":"Wines","item":"https:\/\/www.loire-gourmande.fr\/en\/product-category\/wines\/"},{"@type":"ListItem","position":4,"name":"CUVEE D&#8217;ADELE LE DOMAINE DU FOUX A CHAUX"}]},{"@type":"WebSite","@id":"https:\/\/www.loire-gourmande.fr\/en\/#website","url":"https:\/\/www.loire-gourmande.fr\/en\/","name":"Loire Gourmande, une \u00e9tape savoureuse","description":"a tasting session at any time and a shop to visit in Turquant (49)\n\n\n\n\n\n\n\n","publisher":{"@id":"https:\/\/www.loire-gourmande.fr\/en\/#organization"},"potentialAction":[{"@type":"SearchAction","target":{"@type":"EntryPoint","urlTemplate":"https:\/\/www.loire-gourmande.fr\/en\/?s={search_term_string}"},"query-input":{"@type":"PropertyValueSpecification","valueRequired":true,"valueName":"search_term_string"}}],"inLanguage":"en-US"},{"@type":"Organization","@id":"https:\/\/www.loire-gourmande.fr\/en\/#organization","name":"Loire Gourmande - restauration rapide et visite \u00e0 Turquant (49)","url":"https:\/\/www.loire-gourmande.fr\/en\/","logo":{"@type":"ImageObject","inLanguage":"en-US","@id":"https:\/\/www.loire-gourmande.fr\/en\/#\/schema\/logo\/image\/","url":"https:\/\/www.loire-gourmande.fr\/wp-content\/uploads\/2020\/10\/loire-gourmande-logo.jpg","contentUrl":"https:\/\/www.loire-gourmande.fr\/wp-content\/uploads\/2020\/10\/loire-gourmande-logo.jpg","width":800,"height":415,"caption":"Loire Gourmande - restauration rapide et visite \u00e0 Turquant (49)"},"image":{"@id":"https:\/\/www.loire-gourmande.fr\/en\/#\/schema\/logo\/image\/"},"sameAs":["https:\/\/www.facebook.com\/Loire-Gourmande-Turquant-101991328328493\/","https:\/\/www.instagram.com\/jean_yves_auradon\/?igshid=1ta3mfjka326t"]}]}},"_links":{"self":[{"href":"https:\/\/www.loire-gourmande.fr\/en\/wp-json\/wp\/v2\/product\/7920","targetHints":{"allow":["GET"]}}],"collection":[{"href":"https:\/\/www.loire-gourmande.fr\/en\/wp-json\/wp\/v2\/product"}],"about":[{"href":"https:\/\/www.loire-gourmande.fr\/en\/wp-json\/wp\/v2\/types\/product"}],"version-history":[{"count":3,"href":"https:\/\/www.loire-gourmande.fr\/en\/wp-json\/wp\/v2\/product\/7920\/revisions"}],"predecessor-version":[{"id":13059,"href":"https:\/\/www.loire-gourmande.fr\/en\/wp-json\/wp\/v2\/product\/7920\/revisions\/13059"}],"wp:featuredmedia":[{"embeddable":true,"href":"https:\/\/www.loire-gourmande.fr\/en\/wp-json\/wp\/v2\/media\/6973"}],"wp:attachment":[{"href":"https:\/\/www.loire-gourmande.fr\/en\/wp-json\/wp\/v2\/media?parent=7920"}],"wp:term":[{"taxonomy":"product_brand","embeddable":true,"href":"https:\/\/www.loire-gourmande.fr\/en\/wp-json\/wp\/v2\/product_brand?post=7920"},{"taxonomy":"product_cat","embeddable":true,"href":"https:\/\/www.loire-gourmande.fr\/en\/wp-json\/wp\/v2\/product_cat?post=7920"},{"taxonomy":"product_tag","embeddable":true,"href":"https:\/\/www.loire-gourmande.fr\/en\/wp-json\/wp\/v2\/product_tag?post=7920"}],"curies":[{"name":"wp","href":"https:\/\/api.w.org\/{rel}","templated":true}]}}