{"id":7980,"date":"2021-04-29T10:05:46","date_gmt":"2021-04-29T10:05:46","guid":{"rendered":"https:\/\/www.loire-gourmande.fr\/produit\/coteaux-du-loir-dpo-blanc-domaine-de-cezin\/"},"modified":"2026-02-09T13:48:59","modified_gmt":"2026-02-09T12:48:59","slug":"coteaux-du-loir-dpo-blanc-domaine-de-cezin","status":"publish","type":"product","link":"https:\/\/www.loire-gourmande.fr\/en\/product\/coteaux-du-loir-dpo-blanc-domaine-de-cezin\/","title":{"rendered":"C\u00d4TEAUX DU LOIR AOP BLANC DOMAINE DE CEZIN"},"content":{"rendered":"<p>Made from Chenin, these vines planted on clay-limestone soil find one of the best expressions of the terroir. Fruity and dry, this wine is to be consumed with grilled fish or shellfish, as well as with charcuterie or fish in sauce. Serve chilled between 8 and 12\u00b0C. This wine will seduce you, Beautiful balance in the mouth. This Chenin with a light yellow colour reveals a rather complex nose with a dominance of ripe fruit, pears and peaches.<br \/>\nThe palate, both fresh and tender, leaves a long finish with notes of white flowers and stone.<\/p>\n<p style=\"font-weight: 400;\"><strong>Appellation:<\/strong> Coteaux du Loir<br \/>\n<strong>Color:<\/strong> White<br \/>\n<strong>Grape variety:<\/strong> Chenin<br \/>\n<strong>Nose:<\/strong> Fruity (peach, grapefruit,&#8230;)<br \/>\n<strong>Palate:<\/strong> Dry, fruity, floral<br \/>\n<strong>Cellaring:<\/strong> 5 to 7 years minimum<br \/>\n<strong>Year :<\/strong> <span style=\"font-weight: 400;\">2022<br \/>\n<\/span> <span style=\"font-size: 12pt;\"><strong>Food &amp; wine pairing:<\/strong><\/span> A lovely large rillettes Sarthoise, at break time or fishing&#8230;&#8230;&#8230;..humm a summer lunch on a hot day with a starter of raw vegetables, roast chicken, camembert, apple pie<\/p>\n","protected":false},"excerpt":{"rendered":"<p>The C\u00e9zin wine estate invites you to discover on this page its wines of the Loire Valley, and in particular its <strong data-reader-unique-id=\"245\">AOC C\u00f4teaux-du-Loir and AOC Jasni\u00e8res wines <\/strong>. Your AOC C\u00f4teaux-du-Loir and AOC Jasni\u00e8res wine producer offers different vintages that are suitable for all occasions: red wines from the Loire Valley, ros\u00e9 wines from the Loire Valley, as well as white wines from the Loire Valley. The vineyard also produces IGP Val de Loire wines.<\/p>\n","protected":false},"featured_media":6898,"template":"","meta":{"inline_featured_image":false},"product_brand":[],"product_cat":[344,337,333],"product_tag":[354,355,378,352],"class_list":{"0":"post-7980","1":"product","2":"type-product","3":"status-publish","4":"has-post-thumbnail","6":"product_cat-touraine-en","7":"product_cat-white-wines","8":"product_cat-wines","9":"product_tag-aperitif-en","10":"product_tag-discovery","11":"product_tag-input","12":"product_tag-wine","13":"product_shipping_class-bottle","15":"first","16":"instock","17":"featured","18":"taxable","19":"shipping-taxable","20":"purchasable","21":"product-type-simple"},"yoast_head":"<!-- This site is optimized with the Yoast SEO plugin v27.3 - https:\/\/yoast.com\/product\/yoast-seo-wordpress\/ -->\n<title>C\u00d4TEAUX DU LOIR AOP BLANC DOMAINE DE CEZIN - Loire Gourmande - a tasty stage<\/title>\n<meta name=\"description\" content=\"C\u00d4TEAUX DU LOIR AOP BLANC DOMAINE DE CEZIN. Loire wine. Order from the Loire Gourmande website. Wine merchant in Turquant (49).\" \/>\n<meta name=\"robots\" content=\"index, follow, max-snippet:-1, max-image-preview:large, max-video-preview:-1\" \/>\n<link rel=\"canonical\" href=\"https:\/\/www.loire-gourmande.fr\/en\/product\/coteaux-du-loir-dpo-blanc-domaine-de-cezin\/\" \/>\n<meta property=\"og:locale\" content=\"en_US\" \/>\n<meta property=\"og:type\" content=\"article\" \/>\n<meta property=\"og:title\" content=\"C\u00d4TEAUX DU LOIR AOP BLANC DOMAINE DE CEZIN - Loire Gourmande - a tasty stage\" \/>\n<meta property=\"og:description\" content=\"C\u00d4TEAUX DU LOIR AOP BLANC DOMAINE DE CEZIN. Loire wine. Order from the Loire Gourmande website. Wine merchant in Turquant (49).\" \/>\n<meta property=\"og:url\" content=\"https:\/\/www.loire-gourmande.fr\/en\/product\/coteaux-du-loir-dpo-blanc-domaine-de-cezin\/\" \/>\n<meta property=\"og:site_name\" content=\"Loire Gourmande - a tasty stage\" \/>\n<meta property=\"article:publisher\" content=\"https:\/\/www.facebook.com\/Loire-Gourmande-Turquant-101991328328493\/\" \/>\n<meta property=\"article:modified_time\" content=\"2026-02-09T12:48:59+00:00\" \/>\n<meta property=\"og:image\" content=\"https:\/\/www.loire-gourmande.fr\/wp-content\/uploads\/2021\/04\/coteaux-du-loir-blanc-domaine.png\" \/>\n\t<meta property=\"og:image:width\" content=\"800\" \/>\n\t<meta property=\"og:image:height\" content=\"916\" \/>\n\t<meta property=\"og:image:type\" content=\"image\/png\" \/>\n<meta name=\"twitter:card\" content=\"summary_large_image\" \/>\n<meta name=\"twitter:label1\" content=\"Est. reading time\" \/>\n\t<meta name=\"twitter:data1\" content=\"1 minute\" \/>\n<script type=\"application\/ld+json\" class=\"yoast-schema-graph\">{\"@context\":\"https:\\\/\\\/schema.org\",\"@graph\":[{\"@type\":\"WebPage\",\"@id\":\"https:\\\/\\\/www.loire-gourmande.fr\\\/en\\\/product\\\/coteaux-du-loir-dpo-blanc-domaine-de-cezin\\\/\",\"url\":\"https:\\\/\\\/www.loire-gourmande.fr\\\/en\\\/product\\\/coteaux-du-loir-dpo-blanc-domaine-de-cezin\\\/\",\"name\":\"C\u00d4TEAUX DU LOIR AOP BLANC DOMAINE DE CEZIN - Loire Gourmande - a tasty stage\",\"isPartOf\":{\"@id\":\"https:\\\/\\\/www.loire-gourmande.fr\\\/en\\\/#website\"},\"primaryImageOfPage\":{\"@id\":\"https:\\\/\\\/www.loire-gourmande.fr\\\/en\\\/product\\\/coteaux-du-loir-dpo-blanc-domaine-de-cezin\\\/#primaryimage\"},\"image\":{\"@id\":\"https:\\\/\\\/www.loire-gourmande.fr\\\/en\\\/product\\\/coteaux-du-loir-dpo-blanc-domaine-de-cezin\\\/#primaryimage\"},\"thumbnailUrl\":\"https:\\\/\\\/www.loire-gourmande.fr\\\/wp-content\\\/uploads\\\/2021\\\/04\\\/coteaux-du-loir-blanc-domaine.png\",\"datePublished\":\"2021-04-29T10:05:46+00:00\",\"dateModified\":\"2026-02-09T12:48:59+00:00\",\"description\":\"C\u00d4TEAUX DU LOIR AOP BLANC DOMAINE DE CEZIN. Loire wine. Order from the Loire Gourmande website. Wine merchant in Turquant (49).\",\"breadcrumb\":{\"@id\":\"https:\\\/\\\/www.loire-gourmande.fr\\\/en\\\/product\\\/coteaux-du-loir-dpo-blanc-domaine-de-cezin\\\/#breadcrumb\"},\"inLanguage\":\"en-US\",\"potentialAction\":[{\"@type\":\"ReadAction\",\"target\":[\"https:\\\/\\\/www.loire-gourmande.fr\\\/en\\\/product\\\/coteaux-du-loir-dpo-blanc-domaine-de-cezin\\\/\"]}]},{\"@type\":\"ImageObject\",\"inLanguage\":\"en-US\",\"@id\":\"https:\\\/\\\/www.loire-gourmande.fr\\\/en\\\/product\\\/coteaux-du-loir-dpo-blanc-domaine-de-cezin\\\/#primaryimage\",\"url\":\"https:\\\/\\\/www.loire-gourmande.fr\\\/wp-content\\\/uploads\\\/2021\\\/04\\\/coteaux-du-loir-blanc-domaine.png\",\"contentUrl\":\"https:\\\/\\\/www.loire-gourmande.fr\\\/wp-content\\\/uploads\\\/2021\\\/04\\\/coteaux-du-loir-blanc-domaine.png\",\"width\":800,\"height\":916},{\"@type\":\"BreadcrumbList\",\"@id\":\"https:\\\/\\\/www.loire-gourmande.fr\\\/en\\\/product\\\/coteaux-du-loir-dpo-blanc-domaine-de-cezin\\\/#breadcrumb\",\"itemListElement\":[{\"@type\":\"ListItem\",\"position\":1,\"name\":\"Home\",\"item\":\"https:\\\/\\\/www.loire-gourmande.fr\\\/en\\\/\"},{\"@type\":\"ListItem\",\"position\":2,\"name\":\"The Boutique de Loire Gourmande: the wines of the Loire\",\"item\":\"https:\\\/\\\/www.loire-gourmande.fr\\\/en\\\/woocommerce\\\/\"},{\"@type\":\"ListItem\",\"position\":3,\"name\":\"Wines\",\"item\":\"https:\\\/\\\/www.loire-gourmande.fr\\\/en\\\/product-category\\\/wines\\\/\"},{\"@type\":\"ListItem\",\"position\":4,\"name\":\"Touraine\",\"item\":\"https:\\\/\\\/www.loire-gourmande.fr\\\/en\\\/product-category\\\/wines\\\/touraine-en\\\/\"},{\"@type\":\"ListItem\",\"position\":5,\"name\":\"C\u00d4TEAUX DU LOIR AOP BLANC DOMAINE DE CEZIN\"}]},{\"@type\":\"WebSite\",\"@id\":\"https:\\\/\\\/www.loire-gourmande.fr\\\/en\\\/#website\",\"url\":\"https:\\\/\\\/www.loire-gourmande.fr\\\/en\\\/\",\"name\":\"Loire Gourmande, une \u00e9tape savoureuse\",\"description\":\"a tasting session at any time and a shop to visit in Turquant (49)\\n\\n\\n\\n\\n\\n\\n\\n\",\"publisher\":{\"@id\":\"https:\\\/\\\/www.loire-gourmande.fr\\\/en\\\/#organization\"},\"potentialAction\":[{\"@type\":\"SearchAction\",\"target\":{\"@type\":\"EntryPoint\",\"urlTemplate\":\"https:\\\/\\\/www.loire-gourmande.fr\\\/en\\\/?s={search_term_string}\"},\"query-input\":{\"@type\":\"PropertyValueSpecification\",\"valueRequired\":true,\"valueName\":\"search_term_string\"}}],\"inLanguage\":\"en-US\"},{\"@type\":\"Organization\",\"@id\":\"https:\\\/\\\/www.loire-gourmande.fr\\\/en\\\/#organization\",\"name\":\"Loire Gourmande - restauration rapide et visite \u00e0 Turquant (49)\",\"url\":\"https:\\\/\\\/www.loire-gourmande.fr\\\/en\\\/\",\"logo\":{\"@type\":\"ImageObject\",\"inLanguage\":\"en-US\",\"@id\":\"https:\\\/\\\/www.loire-gourmande.fr\\\/en\\\/#\\\/schema\\\/logo\\\/image\\\/\",\"url\":\"https:\\\/\\\/www.loire-gourmande.fr\\\/wp-content\\\/uploads\\\/2020\\\/10\\\/loire-gourmande-logo.jpg\",\"contentUrl\":\"https:\\\/\\\/www.loire-gourmande.fr\\\/wp-content\\\/uploads\\\/2020\\\/10\\\/loire-gourmande-logo.jpg\",\"width\":800,\"height\":415,\"caption\":\"Loire Gourmande - restauration rapide et visite \u00e0 Turquant (49)\"},\"image\":{\"@id\":\"https:\\\/\\\/www.loire-gourmande.fr\\\/en\\\/#\\\/schema\\\/logo\\\/image\\\/\"},\"sameAs\":[\"https:\\\/\\\/www.facebook.com\\\/Loire-Gourmande-Turquant-101991328328493\\\/\",\"https:\\\/\\\/www.instagram.com\\\/jean_yves_auradon\\\/?igshid=1ta3mfjka326t\"]}]}<\/script>\n<!-- \/ Yoast SEO plugin. -->","yoast_head_json":{"title":"C\u00d4TEAUX DU LOIR AOP BLANC DOMAINE DE CEZIN - Loire Gourmande - a tasty stage","description":"C\u00d4TEAUX DU LOIR AOP BLANC DOMAINE DE CEZIN. Loire wine. Order from the Loire Gourmande website. Wine merchant in Turquant (49).","robots":{"index":"index","follow":"follow","max-snippet":"max-snippet:-1","max-image-preview":"max-image-preview:large","max-video-preview":"max-video-preview:-1"},"canonical":"https:\/\/www.loire-gourmande.fr\/en\/product\/coteaux-du-loir-dpo-blanc-domaine-de-cezin\/","og_locale":"en_US","og_type":"article","og_title":"C\u00d4TEAUX DU LOIR AOP BLANC DOMAINE DE CEZIN - Loire Gourmande - a tasty stage","og_description":"C\u00d4TEAUX DU LOIR AOP BLANC DOMAINE DE CEZIN. Loire wine. Order from the Loire Gourmande website. Wine merchant in Turquant (49).","og_url":"https:\/\/www.loire-gourmande.fr\/en\/product\/coteaux-du-loir-dpo-blanc-domaine-de-cezin\/","og_site_name":"Loire Gourmande - a tasty stage","article_publisher":"https:\/\/www.facebook.com\/Loire-Gourmande-Turquant-101991328328493\/","article_modified_time":"2026-02-09T12:48:59+00:00","og_image":[{"width":800,"height":916,"url":"https:\/\/www.loire-gourmande.fr\/wp-content\/uploads\/2021\/04\/coteaux-du-loir-blanc-domaine.png","type":"image\/png"}],"twitter_card":"summary_large_image","twitter_misc":{"Est. reading time":"1 minute"},"schema":{"@context":"https:\/\/schema.org","@graph":[{"@type":"WebPage","@id":"https:\/\/www.loire-gourmande.fr\/en\/product\/coteaux-du-loir-dpo-blanc-domaine-de-cezin\/","url":"https:\/\/www.loire-gourmande.fr\/en\/product\/coteaux-du-loir-dpo-blanc-domaine-de-cezin\/","name":"C\u00d4TEAUX DU LOIR AOP BLANC DOMAINE DE CEZIN - Loire Gourmande - a tasty stage","isPartOf":{"@id":"https:\/\/www.loire-gourmande.fr\/en\/#website"},"primaryImageOfPage":{"@id":"https:\/\/www.loire-gourmande.fr\/en\/product\/coteaux-du-loir-dpo-blanc-domaine-de-cezin\/#primaryimage"},"image":{"@id":"https:\/\/www.loire-gourmande.fr\/en\/product\/coteaux-du-loir-dpo-blanc-domaine-de-cezin\/#primaryimage"},"thumbnailUrl":"https:\/\/www.loire-gourmande.fr\/wp-content\/uploads\/2021\/04\/coteaux-du-loir-blanc-domaine.png","datePublished":"2021-04-29T10:05:46+00:00","dateModified":"2026-02-09T12:48:59+00:00","description":"C\u00d4TEAUX DU LOIR AOP BLANC DOMAINE DE CEZIN. Loire wine. Order from the Loire Gourmande website. Wine merchant in Turquant (49).","breadcrumb":{"@id":"https:\/\/www.loire-gourmande.fr\/en\/product\/coteaux-du-loir-dpo-blanc-domaine-de-cezin\/#breadcrumb"},"inLanguage":"en-US","potentialAction":[{"@type":"ReadAction","target":["https:\/\/www.loire-gourmande.fr\/en\/product\/coteaux-du-loir-dpo-blanc-domaine-de-cezin\/"]}]},{"@type":"ImageObject","inLanguage":"en-US","@id":"https:\/\/www.loire-gourmande.fr\/en\/product\/coteaux-du-loir-dpo-blanc-domaine-de-cezin\/#primaryimage","url":"https:\/\/www.loire-gourmande.fr\/wp-content\/uploads\/2021\/04\/coteaux-du-loir-blanc-domaine.png","contentUrl":"https:\/\/www.loire-gourmande.fr\/wp-content\/uploads\/2021\/04\/coteaux-du-loir-blanc-domaine.png","width":800,"height":916},{"@type":"BreadcrumbList","@id":"https:\/\/www.loire-gourmande.fr\/en\/product\/coteaux-du-loir-dpo-blanc-domaine-de-cezin\/#breadcrumb","itemListElement":[{"@type":"ListItem","position":1,"name":"Home","item":"https:\/\/www.loire-gourmande.fr\/en\/"},{"@type":"ListItem","position":2,"name":"The Boutique de Loire Gourmande: the wines of the Loire","item":"https:\/\/www.loire-gourmande.fr\/en\/woocommerce\/"},{"@type":"ListItem","position":3,"name":"Wines","item":"https:\/\/www.loire-gourmande.fr\/en\/product-category\/wines\/"},{"@type":"ListItem","position":4,"name":"Touraine","item":"https:\/\/www.loire-gourmande.fr\/en\/product-category\/wines\/touraine-en\/"},{"@type":"ListItem","position":5,"name":"C\u00d4TEAUX DU LOIR AOP BLANC DOMAINE DE CEZIN"}]},{"@type":"WebSite","@id":"https:\/\/www.loire-gourmande.fr\/en\/#website","url":"https:\/\/www.loire-gourmande.fr\/en\/","name":"Loire Gourmande, une \u00e9tape savoureuse","description":"a tasting session at any time and a shop to visit in Turquant (49)\n\n\n\n\n\n\n\n","publisher":{"@id":"https:\/\/www.loire-gourmande.fr\/en\/#organization"},"potentialAction":[{"@type":"SearchAction","target":{"@type":"EntryPoint","urlTemplate":"https:\/\/www.loire-gourmande.fr\/en\/?s={search_term_string}"},"query-input":{"@type":"PropertyValueSpecification","valueRequired":true,"valueName":"search_term_string"}}],"inLanguage":"en-US"},{"@type":"Organization","@id":"https:\/\/www.loire-gourmande.fr\/en\/#organization","name":"Loire Gourmande - restauration rapide et visite \u00e0 Turquant (49)","url":"https:\/\/www.loire-gourmande.fr\/en\/","logo":{"@type":"ImageObject","inLanguage":"en-US","@id":"https:\/\/www.loire-gourmande.fr\/en\/#\/schema\/logo\/image\/","url":"https:\/\/www.loire-gourmande.fr\/wp-content\/uploads\/2020\/10\/loire-gourmande-logo.jpg","contentUrl":"https:\/\/www.loire-gourmande.fr\/wp-content\/uploads\/2020\/10\/loire-gourmande-logo.jpg","width":800,"height":415,"caption":"Loire Gourmande - restauration rapide et visite \u00e0 Turquant (49)"},"image":{"@id":"https:\/\/www.loire-gourmande.fr\/en\/#\/schema\/logo\/image\/"},"sameAs":["https:\/\/www.facebook.com\/Loire-Gourmande-Turquant-101991328328493\/","https:\/\/www.instagram.com\/jean_yves_auradon\/?igshid=1ta3mfjka326t"]}]}},"_links":{"self":[{"href":"https:\/\/www.loire-gourmande.fr\/en\/wp-json\/wp\/v2\/product\/7980","targetHints":{"allow":["GET"]}}],"collection":[{"href":"https:\/\/www.loire-gourmande.fr\/en\/wp-json\/wp\/v2\/product"}],"about":[{"href":"https:\/\/www.loire-gourmande.fr\/en\/wp-json\/wp\/v2\/types\/product"}],"version-history":[{"count":5,"href":"https:\/\/www.loire-gourmande.fr\/en\/wp-json\/wp\/v2\/product\/7980\/revisions"}],"predecessor-version":[{"id":14434,"href":"https:\/\/www.loire-gourmande.fr\/en\/wp-json\/wp\/v2\/product\/7980\/revisions\/14434"}],"wp:featuredmedia":[{"embeddable":true,"href":"https:\/\/www.loire-gourmande.fr\/en\/wp-json\/wp\/v2\/media\/6898"}],"wp:attachment":[{"href":"https:\/\/www.loire-gourmande.fr\/en\/wp-json\/wp\/v2\/media?parent=7980"}],"wp:term":[{"taxonomy":"product_brand","embeddable":true,"href":"https:\/\/www.loire-gourmande.fr\/en\/wp-json\/wp\/v2\/product_brand?post=7980"},{"taxonomy":"product_cat","embeddable":true,"href":"https:\/\/www.loire-gourmande.fr\/en\/wp-json\/wp\/v2\/product_cat?post=7980"},{"taxonomy":"product_tag","embeddable":true,"href":"https:\/\/www.loire-gourmande.fr\/en\/wp-json\/wp\/v2\/product_tag?post=7980"}],"curies":[{"name":"wp","href":"https:\/\/api.w.org\/{rel}","templated":true}]}}