{"id":9339,"date":"2023-12-13T16:51:23","date_gmt":"2023-12-13T16:51:23","guid":{"rendered":"https:\/\/www.loire-gourmande.fr\/produit\/pissotte-larbre-aux-fees-rouge-domaine-coirier\/"},"modified":"2026-02-09T13:45:43","modified_gmt":"2026-02-09T12:45:43","slug":"pissotte-larbre-aux-fees-rouge-domaine-coirier","status":"publish","type":"product","link":"https:\/\/www.loire-gourmande.fr\/en\/product\/pissotte-larbre-aux-fees-rouge-domaine-coirier\/","title":{"rendered":"PISSOTTE THE RED FAIRY TREE COIRIER ESTATE"},"content":{"rendered":"<p>The Cuv\u00e9e Arbre aux F\u00e9es Rouge is a blend of AOC Fiefs Vend\u00e9ens wines with 80% Pinot Noir, 30% Cabernet Franc and 20% N\u00e9grette. This red in a purple coat offers a nose of blackberries and wild sour cherries. Fresh and tender, supple tannins that give it its relief. To choose from duck, white meats and pressed cheeses. The clay-siliceous soil on red schist allows the grape varieties to keep <strong>fruit<\/strong> and <strong>freshness<\/strong> to the delight of our palates. And for the curious, the story goes that &#8220;L&#8217;Arbre aux f\u00e9es&#8221; is a cedar tree, installed for 150 years in the courtyard of the Domaine Coirier<br \/>\n<strong>GRAPE VARIETIES:<\/strong><br \/>\n50% Pinot Noir 40% Cabernet Franc 10% N\u00e9grette<br \/>\n<strong>SOIL TYPE:<\/strong><br \/>\nSiliceous clay, schist bottom.<br \/>\n<strong>WORK IN THE VINEYARD:<\/strong><br \/>\nTotal grassing, light hoeing if necessary. Double guyot pruning.<br \/>\n<strong>WINEMAKING:<\/strong><br \/>\nMaceration 8 to 10 days, light pumping over once a day, separation of presses.<br \/>\n<strong>AGEING:<\/strong><br \/>\nCement vats.<\/p>\n","protected":false},"excerpt":{"rendered":"<p><span class=\"\">Organic farming, the ros\u00e9s represent 50% of the total annual production, the reds 30% and the whites 20%.<\/span><\/p>\n<p><span class=\"\">For the whites, certified organic since 2019, the majority of the Chenin is blended with Chardonnay.<\/span><\/p>\n<p><span class=\"\">Pinot Noir represents a third of the total grape varieties and half of the blend for the reds, Cabernet Franc and Sauvignon (40%) and N\u00e9grette 10%.<\/span><\/p>\n<p>Gamay is the majority for ros\u00e9, Cabernet Franc and Pinot Noir complete this blend for the AOC.<\/p>\n","protected":false},"featured_media":9254,"template":"","meta":{"inline_featured_image":false},"product_brand":[],"product_cat":[341,345,343,333],"product_tag":[383,392],"class_list":{"0":"post-9339","1":"product","2":"type-product","3":"status-publish","4":"has-post-thumbnail","6":"product_cat-nantes-vinyards","7":"product_cat-organic-wines","8":"product_cat-red-wines","9":"product_cat-wines","10":"product_tag-aperitif-cheese-cold-cuts","11":"product_tag-roast-veal-or-guinea-fowl","12":"product_shipping_class-bottle","14":"first","15":"instock","16":"taxable","17":"shipping-taxable","18":"purchasable","19":"product-type-simple"},"yoast_head":"<!-- This site is optimized with the Yoast SEO plugin v27.5 - https:\/\/yoast.com\/product\/yoast-seo-wordpress\/ -->\n<title>PISSOTTE THE RED FAIRY TREE COIRIER ESTATE - Loire Gourmande - a tasty stage<\/title>\n<meta name=\"description\" content=\"PISSOTTE THE RED FAIRY TREE COIRIER ESTATE. Loire wine. Order from the Loire Gourmande website. Wine merchant in Turquant (49).\" \/>\n<meta name=\"robots\" content=\"index, follow, max-snippet:-1, max-image-preview:large, max-video-preview:-1\" \/>\n<link rel=\"canonical\" href=\"https:\/\/www.loire-gourmande.fr\/en\/product\/pissotte-larbre-aux-fees-rouge-domaine-coirier\/\" \/>\n<meta property=\"og:locale\" content=\"en_US\" \/>\n<meta property=\"og:type\" content=\"article\" \/>\n<meta property=\"og:title\" content=\"PISSOTTE THE RED FAIRY TREE COIRIER ESTATE - Loire Gourmande - a tasty stage\" \/>\n<meta property=\"og:description\" content=\"PISSOTTE THE RED FAIRY TREE COIRIER ESTATE. Loire wine. Order from the Loire Gourmande website. Wine merchant in Turquant (49).\" \/>\n<meta property=\"og:url\" content=\"https:\/\/www.loire-gourmande.fr\/en\/product\/pissotte-larbre-aux-fees-rouge-domaine-coirier\/\" \/>\n<meta property=\"og:site_name\" content=\"Loire Gourmande - a tasty stage\" \/>\n<meta property=\"article:publisher\" content=\"https:\/\/www.facebook.com\/Loire-Gourmande-Turquant-101991328328493\/\" \/>\n<meta property=\"article:modified_time\" content=\"2026-02-09T12:45:43+00:00\" \/>\n<meta property=\"og:image\" content=\"https:\/\/www.loire-gourmande.fr\/wp-content\/uploads\/2023\/12\/Larbre-aux-fees-Rouge.jpg\" \/>\n\t<meta property=\"og:image:width\" content=\"944\" \/>\n\t<meta property=\"og:image:height\" content=\"1100\" \/>\n\t<meta property=\"og:image:type\" content=\"image\/jpeg\" \/>\n<meta name=\"twitter:card\" content=\"summary_large_image\" \/>\n<meta name=\"twitter:label1\" content=\"Est. reading time\" \/>\n\t<meta name=\"twitter:data1\" content=\"1 minute\" \/>\n<script type=\"application\/ld+json\" class=\"yoast-schema-graph\">{\"@context\":\"https:\\\/\\\/schema.org\",\"@graph\":[{\"@type\":\"WebPage\",\"@id\":\"https:\\\/\\\/www.loire-gourmande.fr\\\/en\\\/product\\\/pissotte-larbre-aux-fees-rouge-domaine-coirier\\\/\",\"url\":\"https:\\\/\\\/www.loire-gourmande.fr\\\/en\\\/product\\\/pissotte-larbre-aux-fees-rouge-domaine-coirier\\\/\",\"name\":\"PISSOTTE THE RED FAIRY TREE COIRIER ESTATE - Loire Gourmande - a tasty stage\",\"isPartOf\":{\"@id\":\"https:\\\/\\\/www.loire-gourmande.fr\\\/en\\\/#website\"},\"primaryImageOfPage\":{\"@id\":\"https:\\\/\\\/www.loire-gourmande.fr\\\/en\\\/product\\\/pissotte-larbre-aux-fees-rouge-domaine-coirier\\\/#primaryimage\"},\"image\":{\"@id\":\"https:\\\/\\\/www.loire-gourmande.fr\\\/en\\\/product\\\/pissotte-larbre-aux-fees-rouge-domaine-coirier\\\/#primaryimage\"},\"thumbnailUrl\":\"https:\\\/\\\/www.loire-gourmande.fr\\\/wp-content\\\/uploads\\\/2023\\\/12\\\/Larbre-aux-fees-Rouge.jpg\",\"datePublished\":\"2023-12-13T16:51:23+00:00\",\"dateModified\":\"2026-02-09T12:45:43+00:00\",\"description\":\"PISSOTTE THE RED FAIRY TREE COIRIER ESTATE. Loire wine. Order from the Loire Gourmande website. Wine merchant in Turquant (49).\",\"breadcrumb\":{\"@id\":\"https:\\\/\\\/www.loire-gourmande.fr\\\/en\\\/product\\\/pissotte-larbre-aux-fees-rouge-domaine-coirier\\\/#breadcrumb\"},\"inLanguage\":\"en-US\",\"potentialAction\":[{\"@type\":\"ReadAction\",\"target\":[\"https:\\\/\\\/www.loire-gourmande.fr\\\/en\\\/product\\\/pissotte-larbre-aux-fees-rouge-domaine-coirier\\\/\"]}]},{\"@type\":\"ImageObject\",\"inLanguage\":\"en-US\",\"@id\":\"https:\\\/\\\/www.loire-gourmande.fr\\\/en\\\/product\\\/pissotte-larbre-aux-fees-rouge-domaine-coirier\\\/#primaryimage\",\"url\":\"https:\\\/\\\/www.loire-gourmande.fr\\\/wp-content\\\/uploads\\\/2023\\\/12\\\/Larbre-aux-fees-Rouge.jpg\",\"contentUrl\":\"https:\\\/\\\/www.loire-gourmande.fr\\\/wp-content\\\/uploads\\\/2023\\\/12\\\/Larbre-aux-fees-Rouge.jpg\",\"width\":944,\"height\":1100},{\"@type\":\"BreadcrumbList\",\"@id\":\"https:\\\/\\\/www.loire-gourmande.fr\\\/en\\\/product\\\/pissotte-larbre-aux-fees-rouge-domaine-coirier\\\/#breadcrumb\",\"itemListElement\":[{\"@type\":\"ListItem\",\"position\":1,\"name\":\"Home\",\"item\":\"https:\\\/\\\/www.loire-gourmande.fr\\\/en\\\/\"},{\"@type\":\"ListItem\",\"position\":2,\"name\":\"The Boutique de Loire Gourmande: the wines of the Loire\",\"item\":\"https:\\\/\\\/www.loire-gourmande.fr\\\/en\\\/woocommerce\\\/\"},{\"@type\":\"ListItem\",\"position\":3,\"name\":\"Wines\",\"item\":\"https:\\\/\\\/www.loire-gourmande.fr\\\/en\\\/product-category\\\/wines\\\/\"},{\"@type\":\"ListItem\",\"position\":4,\"name\":\"PISSOTTE THE RED FAIRY TREE COIRIER ESTATE\"}]},{\"@type\":\"WebSite\",\"@id\":\"https:\\\/\\\/www.loire-gourmande.fr\\\/en\\\/#website\",\"url\":\"https:\\\/\\\/www.loire-gourmande.fr\\\/en\\\/\",\"name\":\"Loire Gourmande, une \u00e9tape savoureuse\",\"description\":\"a tasting session at any time and a shop to visit in Turquant (49)\\n\\n\\n\\n\\n\\n\\n\\n\",\"publisher\":{\"@id\":\"https:\\\/\\\/www.loire-gourmande.fr\\\/en\\\/#organization\"},\"potentialAction\":[{\"@type\":\"SearchAction\",\"target\":{\"@type\":\"EntryPoint\",\"urlTemplate\":\"https:\\\/\\\/www.loire-gourmande.fr\\\/en\\\/?s={search_term_string}\"},\"query-input\":{\"@type\":\"PropertyValueSpecification\",\"valueRequired\":true,\"valueName\":\"search_term_string\"}}],\"inLanguage\":\"en-US\"},{\"@type\":\"Organization\",\"@id\":\"https:\\\/\\\/www.loire-gourmande.fr\\\/en\\\/#organization\",\"name\":\"Loire Gourmande - restauration rapide et visite \u00e0 Turquant (49)\",\"url\":\"https:\\\/\\\/www.loire-gourmande.fr\\\/en\\\/\",\"logo\":{\"@type\":\"ImageObject\",\"inLanguage\":\"en-US\",\"@id\":\"https:\\\/\\\/www.loire-gourmande.fr\\\/en\\\/#\\\/schema\\\/logo\\\/image\\\/\",\"url\":\"https:\\\/\\\/www.loire-gourmande.fr\\\/wp-content\\\/uploads\\\/2020\\\/10\\\/loire-gourmande-logo.jpg\",\"contentUrl\":\"https:\\\/\\\/www.loire-gourmande.fr\\\/wp-content\\\/uploads\\\/2020\\\/10\\\/loire-gourmande-logo.jpg\",\"width\":800,\"height\":415,\"caption\":\"Loire Gourmande - restauration rapide et visite \u00e0 Turquant (49)\"},\"image\":{\"@id\":\"https:\\\/\\\/www.loire-gourmande.fr\\\/en\\\/#\\\/schema\\\/logo\\\/image\\\/\"},\"sameAs\":[\"https:\\\/\\\/www.facebook.com\\\/Loire-Gourmande-Turquant-101991328328493\\\/\",\"https:\\\/\\\/www.instagram.com\\\/jean_yves_auradon\\\/?igshid=1ta3mfjka326t\"]}]}<\/script>\n<!-- \/ Yoast SEO plugin. -->","yoast_head_json":{"title":"PISSOTTE THE RED FAIRY TREE COIRIER ESTATE - Loire Gourmande - a tasty stage","description":"PISSOTTE THE RED FAIRY TREE COIRIER ESTATE. Loire wine. Order from the Loire Gourmande website. Wine merchant in Turquant (49).","robots":{"index":"index","follow":"follow","max-snippet":"max-snippet:-1","max-image-preview":"max-image-preview:large","max-video-preview":"max-video-preview:-1"},"canonical":"https:\/\/www.loire-gourmande.fr\/en\/product\/pissotte-larbre-aux-fees-rouge-domaine-coirier\/","og_locale":"en_US","og_type":"article","og_title":"PISSOTTE THE RED FAIRY TREE COIRIER ESTATE - Loire Gourmande - a tasty stage","og_description":"PISSOTTE THE RED FAIRY TREE COIRIER ESTATE. Loire wine. Order from the Loire Gourmande website. Wine merchant in Turquant (49).","og_url":"https:\/\/www.loire-gourmande.fr\/en\/product\/pissotte-larbre-aux-fees-rouge-domaine-coirier\/","og_site_name":"Loire Gourmande - a tasty stage","article_publisher":"https:\/\/www.facebook.com\/Loire-Gourmande-Turquant-101991328328493\/","article_modified_time":"2026-02-09T12:45:43+00:00","og_image":[{"width":944,"height":1100,"url":"https:\/\/www.loire-gourmande.fr\/wp-content\/uploads\/2023\/12\/Larbre-aux-fees-Rouge.jpg","type":"image\/jpeg"}],"twitter_card":"summary_large_image","twitter_misc":{"Est. reading time":"1 minute"},"schema":{"@context":"https:\/\/schema.org","@graph":[{"@type":"WebPage","@id":"https:\/\/www.loire-gourmande.fr\/en\/product\/pissotte-larbre-aux-fees-rouge-domaine-coirier\/","url":"https:\/\/www.loire-gourmande.fr\/en\/product\/pissotte-larbre-aux-fees-rouge-domaine-coirier\/","name":"PISSOTTE THE RED FAIRY TREE COIRIER ESTATE - Loire Gourmande - a tasty stage","isPartOf":{"@id":"https:\/\/www.loire-gourmande.fr\/en\/#website"},"primaryImageOfPage":{"@id":"https:\/\/www.loire-gourmande.fr\/en\/product\/pissotte-larbre-aux-fees-rouge-domaine-coirier\/#primaryimage"},"image":{"@id":"https:\/\/www.loire-gourmande.fr\/en\/product\/pissotte-larbre-aux-fees-rouge-domaine-coirier\/#primaryimage"},"thumbnailUrl":"https:\/\/www.loire-gourmande.fr\/wp-content\/uploads\/2023\/12\/Larbre-aux-fees-Rouge.jpg","datePublished":"2023-12-13T16:51:23+00:00","dateModified":"2026-02-09T12:45:43+00:00","description":"PISSOTTE THE RED FAIRY TREE COIRIER ESTATE. Loire wine. Order from the Loire Gourmande website. Wine merchant in Turquant (49).","breadcrumb":{"@id":"https:\/\/www.loire-gourmande.fr\/en\/product\/pissotte-larbre-aux-fees-rouge-domaine-coirier\/#breadcrumb"},"inLanguage":"en-US","potentialAction":[{"@type":"ReadAction","target":["https:\/\/www.loire-gourmande.fr\/en\/product\/pissotte-larbre-aux-fees-rouge-domaine-coirier\/"]}]},{"@type":"ImageObject","inLanguage":"en-US","@id":"https:\/\/www.loire-gourmande.fr\/en\/product\/pissotte-larbre-aux-fees-rouge-domaine-coirier\/#primaryimage","url":"https:\/\/www.loire-gourmande.fr\/wp-content\/uploads\/2023\/12\/Larbre-aux-fees-Rouge.jpg","contentUrl":"https:\/\/www.loire-gourmande.fr\/wp-content\/uploads\/2023\/12\/Larbre-aux-fees-Rouge.jpg","width":944,"height":1100},{"@type":"BreadcrumbList","@id":"https:\/\/www.loire-gourmande.fr\/en\/product\/pissotte-larbre-aux-fees-rouge-domaine-coirier\/#breadcrumb","itemListElement":[{"@type":"ListItem","position":1,"name":"Home","item":"https:\/\/www.loire-gourmande.fr\/en\/"},{"@type":"ListItem","position":2,"name":"The Boutique de Loire Gourmande: the wines of the Loire","item":"https:\/\/www.loire-gourmande.fr\/en\/woocommerce\/"},{"@type":"ListItem","position":3,"name":"Wines","item":"https:\/\/www.loire-gourmande.fr\/en\/product-category\/wines\/"},{"@type":"ListItem","position":4,"name":"PISSOTTE THE RED FAIRY TREE COIRIER ESTATE"}]},{"@type":"WebSite","@id":"https:\/\/www.loire-gourmande.fr\/en\/#website","url":"https:\/\/www.loire-gourmande.fr\/en\/","name":"Loire Gourmande, une \u00e9tape savoureuse","description":"a tasting session at any time and a shop to visit in Turquant (49)\n\n\n\n\n\n\n\n","publisher":{"@id":"https:\/\/www.loire-gourmande.fr\/en\/#organization"},"potentialAction":[{"@type":"SearchAction","target":{"@type":"EntryPoint","urlTemplate":"https:\/\/www.loire-gourmande.fr\/en\/?s={search_term_string}"},"query-input":{"@type":"PropertyValueSpecification","valueRequired":true,"valueName":"search_term_string"}}],"inLanguage":"en-US"},{"@type":"Organization","@id":"https:\/\/www.loire-gourmande.fr\/en\/#organization","name":"Loire Gourmande - restauration rapide et visite \u00e0 Turquant (49)","url":"https:\/\/www.loire-gourmande.fr\/en\/","logo":{"@type":"ImageObject","inLanguage":"en-US","@id":"https:\/\/www.loire-gourmande.fr\/en\/#\/schema\/logo\/image\/","url":"https:\/\/www.loire-gourmande.fr\/wp-content\/uploads\/2020\/10\/loire-gourmande-logo.jpg","contentUrl":"https:\/\/www.loire-gourmande.fr\/wp-content\/uploads\/2020\/10\/loire-gourmande-logo.jpg","width":800,"height":415,"caption":"Loire Gourmande - restauration rapide et visite \u00e0 Turquant (49)"},"image":{"@id":"https:\/\/www.loire-gourmande.fr\/en\/#\/schema\/logo\/image\/"},"sameAs":["https:\/\/www.facebook.com\/Loire-Gourmande-Turquant-101991328328493\/","https:\/\/www.instagram.com\/jean_yves_auradon\/?igshid=1ta3mfjka326t"]}]}},"_links":{"self":[{"href":"https:\/\/www.loire-gourmande.fr\/en\/wp-json\/wp\/v2\/product\/9339","targetHints":{"allow":["GET"]}}],"collection":[{"href":"https:\/\/www.loire-gourmande.fr\/en\/wp-json\/wp\/v2\/product"}],"about":[{"href":"https:\/\/www.loire-gourmande.fr\/en\/wp-json\/wp\/v2\/types\/product"}],"version-history":[{"count":4,"href":"https:\/\/www.loire-gourmande.fr\/en\/wp-json\/wp\/v2\/product\/9339\/revisions"}],"predecessor-version":[{"id":14407,"href":"https:\/\/www.loire-gourmande.fr\/en\/wp-json\/wp\/v2\/product\/9339\/revisions\/14407"}],"wp:featuredmedia":[{"embeddable":true,"href":"https:\/\/www.loire-gourmande.fr\/en\/wp-json\/wp\/v2\/media\/9254"}],"wp:attachment":[{"href":"https:\/\/www.loire-gourmande.fr\/en\/wp-json\/wp\/v2\/media?parent=9339"}],"wp:term":[{"taxonomy":"product_brand","embeddable":true,"href":"https:\/\/www.loire-gourmande.fr\/en\/wp-json\/wp\/v2\/product_brand?post=9339"},{"taxonomy":"product_cat","embeddable":true,"href":"https:\/\/www.loire-gourmande.fr\/en\/wp-json\/wp\/v2\/product_cat?post=9339"},{"taxonomy":"product_tag","embeddable":true,"href":"https:\/\/www.loire-gourmande.fr\/en\/wp-json\/wp\/v2\/product_tag?post=9339"}],"curies":[{"name":"wp","href":"https:\/\/api.w.org\/{rel}","templated":true}]}}